{"id":107,"date":"2020-07-29T11:24:23","date_gmt":"2020-07-29T09:24:23","guid":{"rendered":"https:\/\/siebententagsbaptisten.org\/?page_id=107"},"modified":"2020-11-27T22:00:51","modified_gmt":"2020-11-27T21:00:51","slug":"gemeindegruendung-25-erfahrungen","status":"publish","type":"page","link":"https:\/\/siebententagsbaptisten.org\/de\/gemeindegruendung\/gemeindegruendung-25-erfahrungen\/","title":{"rendered":"Gemeindegr\u00fcndung: 25 Erfahrungen"},"content":{"rendered":"\n<p>aus: Sabbath Recorder, November 2017, S. 22f.<\/p>\n\n\n\n<p><a href=\"http:\/\/seventhdaybaptist.org\/sabbath-recorder-november-2017\/\" target=\"_blank\" rel=\"noreferrer noopener\">http:\/\/seventhdaybaptist.org\/sabbath-recorder-november-2017\/<\/a><\/p>\n\n\n\n<h4 class=\"wp-block-heading\">Christine Hoover: 25 Dinge, die ich aus der Gemeindegr\u00fcndung gelernt habe<\/h4>\n\n\n\n<p>Im Jahr 2008 rief Gott meinen Mann Kyle und mich eine Gemeinde in Charlottesville, Virginia [USA, d. \u00dcbers.] zu gr\u00fcnden. Obwohl wir bereits acht Jahre Missionserfahrung bei einer etablierten Gemeinde auf unserem Konto hatten, wussten wir noch nicht, dass wir eigentlich keine Ahnung hatten. Wir hatten noch viel zu lernen. Noch wichtiger: Gott hatte in unseren Herzen noch viel zu sichten und an unseren Herzen noch viel zu schneiden. Gott hat mir gezeigt, dass Er, mehr als alles andere, mein Herz haben will. Er will ein liebevolles, formbares Herz, das willig ist, Ihm mehr zu gehorchen als nur durch irgendeine geistliche Pflicht\u00fcbung meinerseits. Wie ich in meinem Buch The Church Planting Wife: Help and Hope for Her Heart (dt.: Die Frau eines Gemeindegr\u00fcnders: Hilfe und Hoffnung f\u00fcr ihr Herz; Moody 2013) schreibe, habe ich ein bis zwei Dinge in diesem verr\u00fcckten Abenteuer, genannt Gemeindegr\u00fcndung, gelernt. Ich vertraue darauf, dass ich mehr lernen werde, wenn wir voran gehen.<br>Hier sind 25 Dinge, dich ich bislang entdeckt habe:<\/p>\n\n\n\n<ol class=\"wp-block-list\"><li>Gastfreundschaft ist wichtig.<\/li><li>Gemeindegr\u00fcndung lehrt dich vor allem zwei Dinge: (1) Gott ist treu (2) lerne, wie man von einem treuen Gott abh\u00e4ngig ist.<\/li><li>Manchen Menschen bedeuten Veranstaltungen in der Gemeinde sehr viel, vor allem Familien mit kleinen Kindern. Es braucht besondere Familien, welche die Vision einer Gemeindegr\u00fcndung erfassen k\u00f6nnen, um sich zu Beginn einer Gemeindegr\u00fcndung einzubringen.<\/li><li>Andererseits m\u00f6gen einige Leute die fr\u00fchen Stadien einer Gemeindegr\u00fcndung, f\u00fchlen sich dann aber zunehmend unwohl, wenn die Gemeinde eine Gr\u00f6\u00dfe erreicht hat, bei der nicht mehr jeder jeden kennt.<\/li><li>Gemeindegr\u00fcndung beginnt jeweils mit einer Beziehung.<\/li><li>Manchmal f\u00fchlt sich Gemeindegr\u00fcndung so an, als ob man nur vorgeben w\u00fcrde, eine Gemeinde zu sein. Und dann, eines Tages (nach anstrengender Arbeit und viel Gebet) bemerkst du, dass Gott dir eine waschechte Gemeinde direkt vor deinen Augen aufgebaut hat.<\/li><li>Du kannst keine Gemeinde ohne die Unterst\u00fctzung und Ermutigung der anderen bauen.<\/li><li>Das Wort ist lebendig und wirksam. Wenn du Gott durch Sein Wort sprechen l\u00e4sst, wird er Menschen ver\u00e4ndern. Jede Gruppe, die eine Gemeinde gr\u00fcndet, muss sich ernsthaft um das Wort und um den, worauf es hinweist, n\u00e4mlich Christus, versammeln.<\/li><li>Die entstehende Gemeinde \u00fcbernimmt h\u00e4ufig das Wesen und die Leidenschaft des Gemeindegr\u00fcnders und seiner Frau. Deshalb ist es so wichtig, sich mit einer biblischen Vision an Christus zu klammern.<\/li><li>Viele Menschen, insbesondere Au\u00dfenstehende, wissen nicht, was es bedeutet, wenn du sagst, du gr\u00fcndest eine Gemeinde. Und sie glauben, du bist ein wenig irre.<\/li><li>Eine der gr\u00f6\u00dften Rohstoffquellen eines Gemeindegr\u00fcnders sind andere Gemeindegr\u00fcnder und Pastoren in der gleichen Stadt. Diese Beziehungen sollten gepflegt werden.<\/li><li>Einige der schwierigsten Beziehungen eines Gemeindegr\u00fcnders k\u00f6nnen die zu anderen Gemeindegr\u00fcndern und Pastoren der gleichen Stadt sein. Wie schade.<\/li><li>Du musst dir des Rufes zur Gemeindegr\u00fcndung sicher sein, weil es notwendig sein wird angesichts von Entmutigung, Niederlage und Ungewissheit immer und immer wieder auf ihn zur\u00fcck zu kommen.<\/li><li>Das Evangelium ist das Ein und Alles: Es tr\u00e4gt, wenn Entmutigung aufkommt (und sie kommt immer auf). Es h\u00e4lt den Gemeindegr\u00fcnder und seine Frau in der Stadt (weil es Zeiten geben wird, wann man aufgeben und gehen m\u00f6chte). Es zwingt seine Geistlichen vorw\u00e4rts zu gehen (und manchmal ist das die einzige Motivation, die \u00fcbrig bleibt). Und es ver\u00e4ndert Leben (was es das alles wert macht).<\/li><li>Ein Gemeindegr\u00fcnder kann nicht ohne W\u00fcrdigung der geleisteten Arbeit an einer bereits bestehenden Gemeinde vorbeifahren. Und er wird zuerst an die Gemeindeleiter, die in der Kinderarbeit T\u00e4tigen, die Hausmeister und an die am Boden festgeschraubten St\u00fchle denken.<\/li><li>Eine zu gr\u00fcndende Gemeinde sollte von vornherein so strukturiert sein, wie die Leiter sie in einem Jahr sehen wollen.<\/li><li>Es ist sowohl f\u00fcr den Gemeindegr\u00fcnder als auch f\u00fcr die Gemeinde, vor allem f\u00fcr die Frau des Gemeindegr\u00fcnders, ungesund, wenn sie jede Woche die Kinderarbeit w\u00e4hrend des Gottesdienstes macht.<\/li><li>Eine gescheiterte Gemeindegr\u00fcndung ist kein Scheitern. Fehlender Glaube ist Scheitern. Gottesdienst im Namen Gottes mit einem Herzen, das weit von Ihm entfernt ist, das ist Scheitern.<\/li><li>Langsames und stetiges Wachstum ist gesundes Wachstum. Schlagartiges Wachstum kann br\u00fcchiges Wachstum sein.<\/li><li>Ein guter Gottesdienstleiter ist wichtig und schwer zu finden.<\/li><li>Geistlichen Krieg gibt es wirklich.<\/li><li>Gemeindegr\u00fcndungen sollten nie von jemandem begonnen werden, der ver\u00e4rgert von seiner fr\u00fcheren Gemeinde ist oder unwillig, sich ihr unterzuordnen. Gemeindegr\u00fcndungen k\u00f6nnen keine Zur\u00fcckweisung von Verfahrensweisen oder Vorstellungen anderer Pastoren sein. Sie m\u00fcssen auf einem klaren Ruf Gottes gegr\u00fcndet sein.<\/li><li>Ein Gemeindegr\u00fcnder und seine Frau m\u00fcssen f\u00fcr ihre Stadt beten und f\u00fcr sie Liebe entwickeln \u2013 nicht nur f\u00fcr die Stadt an sich, sondern f\u00fcr ihre Einwohner.<\/li><li>Die Aufgabe der Frau eines Gemeindegr\u00fcnders ist ihren Mann zu helfen, so wie Aaron Moses Arme w\u00e4hrend der Schlacht hochhielt, f\u00fcr ihn zu beten und ihn zu ermutigen weiter zu machen.<\/li><li>Es gibt unvorstellbare Freude und Belohnung durch Aufopferung und Dienstbereitschaft.<\/li><\/ol>\n","protected":false},"excerpt":{"rendered":"<p>aus: Sabbath Recorder, November 2017, S. 22f. http:\/\/seventhdaybaptist.org\/sabbath-recorder-november-2017\/ Christine Hoover: 25 Dinge, die ich aus der Gemeindegr\u00fcndung gelernt habe Im Jahr 2008 rief Gott meinen Mann Kyle und mich eine Gemeinde in Charlottesville, Virginia [USA, d. \u00dcbers.] zu gr\u00fcnden. Obwohl wir bereits acht Jahre Missionserfahrung bei einer etablierten Gemeinde auf unserem Konto hatten, wussten wir [&hellip;]<\/p>\n","protected":false},"author":1,"featured_media":0,"parent":54,"menu_order":4,"comment_status":"closed","ping_status":"closed","template":"","meta":{"site-sidebar-layout":"default","site-content-layout":"default","ast-site-content-layout":"default","site-content-style":"default","site-sidebar-style":"default","ast-global-header-display":"","ast-banner-title-visibility":"","ast-main-header-display":"","ast-hfb-above-header-display":"","ast-hfb-below-header-display":"","ast-hfb-mobile-header-display":"","site-post-title":"","ast-breadcrumbs-content":"","ast-featured-img":"","footer-sml-layout":"","ast-disable-related-posts":"","theme-transparent-header-meta":"default","adv-header-id-meta":"","stick-header-meta":"","header-above-stick-meta":"","header-main-stick-meta":"","header-below-stick-meta":"","astra-migrate-meta-layouts":"default","ast-page-background-enabled":"default","ast-page-background-meta":{"desktop":{"background-color":"","background-image":"","background-repeat":"repeat","background-position":"center center","background-size":"auto","background-attachment":"scroll","background-type":"","background-media":"","overlay-type":"","overlay-color":"","overlay-opacity":"","overlay-gradient":""},"tablet":{"background-color":"","background-image":"","background-repeat":"repeat","background-position":"center center","background-size":"auto","background-attachment":"scroll","background-type":"","background-media":"","overlay-type":"","overlay-color":"","overlay-opacity":"","overlay-gradient":""},"mobile":{"background-color":"","background-image":"","background-repeat":"repeat","background-position":"center center","background-size":"auto","background-attachment":"scroll","background-type":"","background-media":"","overlay-type":"","overlay-color":"","overlay-opacity":"","overlay-gradient":""}},"ast-content-background-meta":{"desktop":{"background-color":"var(--ast-global-color-5)","background-image":"","background-repeat":"repeat","background-position":"center center","background-size":"auto","background-attachment":"scroll","background-type":"","background-media":"","overlay-type":"","overlay-color":"","overlay-opacity":"","overlay-gradient":""},"tablet":{"background-color":"var(--ast-global-color-5)","background-image":"","background-repeat":"repeat","background-position":"center center","background-size":"auto","background-attachment":"scroll","background-type":"","background-media":"","overlay-type":"","overlay-color":"","overlay-opacity":"","overlay-gradient":""},"mobile":{"background-color":"var(--ast-global-color-5)","background-image":"","background-repeat":"repeat","background-position":"center center","background-size":"auto","background-attachment":"scroll","background-type":"","background-media":"","overlay-type":"","overlay-color":"","overlay-opacity":"","overlay-gradient":""}},"footnotes":""},"class_list":["post-107","page","type-page","status-publish","hentry"],"_links":{"self":[{"href":"https:\/\/siebententagsbaptisten.org\/de\/wp-json\/wp\/v2\/pages\/107","targetHints":{"allow":["GET"]}}],"collection":[{"href":"https:\/\/siebententagsbaptisten.org\/de\/wp-json\/wp\/v2\/pages"}],"about":[{"href":"https:\/\/siebententagsbaptisten.org\/de\/wp-json\/wp\/v2\/types\/page"}],"author":[{"embeddable":true,"href":"https:\/\/siebententagsbaptisten.org\/de\/wp-json\/wp\/v2\/users\/1"}],"replies":[{"embeddable":true,"href":"https:\/\/siebententagsbaptisten.org\/de\/wp-json\/wp\/v2\/comments?post=107"}],"version-history":[{"count":4,"href":"https:\/\/siebententagsbaptisten.org\/de\/wp-json\/wp\/v2\/pages\/107\/revisions"}],"predecessor-version":[{"id":2102,"href":"https:\/\/siebententagsbaptisten.org\/de\/wp-json\/wp\/v2\/pages\/107\/revisions\/2102"}],"up":[{"embeddable":true,"href":"https:\/\/siebententagsbaptisten.org\/de\/wp-json\/wp\/v2\/pages\/54"}],"wp:attachment":[{"href":"https:\/\/siebententagsbaptisten.org\/de\/wp-json\/wp\/v2\/media?parent=107"}],"curies":[{"name":"wp","href":"https:\/\/api.w.org\/{rel}","templated":true}]}}