{"id":108,"date":"2020-07-29T11:23:25","date_gmt":"2020-07-29T09:23:25","guid":{"rendered":"https:\/\/siebententagsbaptisten.org\/?page_id=108"},"modified":"2020-09-15T21:38:47","modified_gmt":"2020-09-15T19:38:47","slug":"mitarbeit","status":"publish","type":"page","link":"https:\/\/siebententagsbaptisten.org\/de\/gemeindegruendung\/mitarbeit\/","title":{"rendered":"Mitarbeit"},"content":{"rendered":"\n<p>Die Bibel, Gottes Wort, zeigt uns, dass Gott grunds\u00e4tzlich jeden Menschen als Sein Werkzeug gebrauchen kann, unabh\u00e4ngig vom Bildungsweg, sozialen Status, Herkunft, Geschlecht und pers\u00f6nlichen Werdegang.<\/p>\n\n\n\n<p>Siebenten Tags Baptisten ist die Neuentstehung von Gruppen, Versammlungen und schlussendlich Gemeinden in Deutschland dringendstes Ziel und gr\u00f6\u00dftes Anliegen.<\/p>\n\n\n\n<p>Als Siebenten Tags Baptisten f\u00fchren wir unsere Gemeinden bzw. Versammlungen eigenverantwortlich. Zugleich sind wir uns der Verantwortung und Liebe zueinander bewusst. Idealerweise stehen wir in engem Informationsaustausch und Kontakt miteinander. <strong>Wenn das auch dein Anliegen ist und du Gottes Ruf versp\u00fcrst, bist du herzlich zur Mitarbeit eingeladen.<\/strong><\/p>\n\n\n\n<p>Du solltest\u2026<br><span class=\"has-inline-color has-vivid-red-color\">\u2026 bekehrte\/r und wiedergeborene\/r Christ\/in sein<br>\u2026 als m\u00fcndiger Mensch durch Untertauchen (Immersion) getauft worden sein<br>\u2026 eine pers\u00f6nliche Beziehung zum HERRN Jesus haben<br>\u2026 im Umgang mit der Bibel vertraut sein<br>\u2026 den auf dieser Internetseite aufgef\u00fchrten Glaubens\u00fcberzeugungen der Siebenten Tags Baptisten (international und in Deutschland) schriftlich zustimmen<\/span><\/p>\n\n\n\n<p>Wenn du diese Voraussetzungen erf\u00fcllst, dann melde dich bitte: info@siebententagsbaptisten.org<\/p>\n","protected":false},"excerpt":{"rendered":"<p>Die Bibel, Gottes Wort, zeigt uns, dass Gott grunds\u00e4tzlich jeden Menschen als Sein Werkzeug gebrauchen kann, unabh\u00e4ngig vom Bildungsweg, sozialen Status, Herkunft, Geschlecht und pers\u00f6nlichen Werdegang. Siebenten Tags Baptisten ist die Neuentstehung von Gruppen, Versammlungen und schlussendlich Gemeinden in Deutschland dringendstes Ziel und gr\u00f6\u00dftes Anliegen. Als Siebenten Tags Baptisten f\u00fchren wir unsere Gemeinden bzw. Versammlungen [&hellip;]<\/p>\n","protected":false},"author":1,"featured_media":0,"parent":54,"menu_order":1,"comment_status":"closed","ping_status":"closed","template":"","meta":{"site-sidebar-layout":"default","site-content-layout":"default","ast-site-content-layout":"default","site-content-style":"default","site-sidebar-style":"default","ast-global-header-display":"","ast-banner-title-visibility":"","ast-main-header-display":"","ast-hfb-above-header-display":"","ast-hfb-below-header-display":"","ast-hfb-mobile-header-display":"","site-post-title":"","ast-breadcrumbs-content":"","ast-featured-img":"","footer-sml-layout":"","ast-disable-related-posts":"","theme-transparent-header-meta":"default","adv-header-id-meta":"","stick-header-meta":"","header-above-stick-meta":"","header-main-stick-meta":"","header-below-stick-meta":"","astra-migrate-meta-layouts":"default","ast-page-background-enabled":"default","ast-page-background-meta":{"desktop":{"background-color":"","background-image":"","background-repeat":"repeat","background-position":"center center","background-size":"auto","background-attachment":"scroll","background-type":"","background-media":"","overlay-type":"","overlay-color":"","overlay-opacity":"","overlay-gradient":""},"tablet":{"background-color":"","background-image":"","background-repeat":"repeat","background-position":"center center","background-size":"auto","background-attachment":"scroll","background-type":"","background-media":"","overlay-type":"","overlay-color":"","overlay-opacity":"","overlay-gradient":""},"mobile":{"background-color":"","background-image":"","background-repeat":"repeat","background-position":"center center","background-size":"auto","background-attachment":"scroll","background-type":"","background-media":"","overlay-type":"","overlay-color":"","overlay-opacity":"","overlay-gradient":""}},"ast-content-background-meta":{"desktop":{"background-color":"var(--ast-global-color-5)","background-image":"","background-repeat":"repeat","background-position":"center center","background-size":"auto","background-attachment":"scroll","background-type":"","background-media":"","overlay-type":"","overlay-color":"","overlay-opacity":"","overlay-gradient":""},"tablet":{"background-color":"var(--ast-global-color-5)","background-image":"","background-repeat":"repeat","background-position":"center center","background-size":"auto","background-attachment":"scroll","background-type":"","background-media":"","overlay-type":"","overlay-color":"","overlay-opacity":"","overlay-gradient":""},"mobile":{"background-color":"var(--ast-global-color-5)","background-image":"","background-repeat":"repeat","background-position":"center center","background-size":"auto","background-attachment":"scroll","background-type":"","background-media":"","overlay-type":"","overlay-color":"","overlay-opacity":"","overlay-gradient":""}},"footnotes":""},"class_list":["post-108","page","type-page","status-publish","hentry"],"_links":{"self":[{"href":"https:\/\/siebententagsbaptisten.org\/de\/wp-json\/wp\/v2\/pages\/108","targetHints":{"allow":["GET"]}}],"collection":[{"href":"https:\/\/siebententagsbaptisten.org\/de\/wp-json\/wp\/v2\/pages"}],"about":[{"href":"https:\/\/siebententagsbaptisten.org\/de\/wp-json\/wp\/v2\/types\/page"}],"author":[{"embeddable":true,"href":"https:\/\/siebententagsbaptisten.org\/de\/wp-json\/wp\/v2\/users\/1"}],"replies":[{"embeddable":true,"href":"https:\/\/siebententagsbaptisten.org\/de\/wp-json\/wp\/v2\/comments?post=108"}],"version-history":[{"count":8,"href":"https:\/\/siebententagsbaptisten.org\/de\/wp-json\/wp\/v2\/pages\/108\/revisions"}],"predecessor-version":[{"id":1601,"href":"https:\/\/siebententagsbaptisten.org\/de\/wp-json\/wp\/v2\/pages\/108\/revisions\/1601"}],"up":[{"embeddable":true,"href":"https:\/\/siebententagsbaptisten.org\/de\/wp-json\/wp\/v2\/pages\/54"}],"wp:attachment":[{"href":"https:\/\/siebententagsbaptisten.org\/de\/wp-json\/wp\/v2\/media?parent=108"}],"curies":[{"name":"wp","href":"https:\/\/api.w.org\/{rel}","templated":true}]}}