{"id":109,"date":"2020-07-29T11:23:39","date_gmt":"2020-07-29T09:23:39","guid":{"rendered":"https:\/\/siebententagsbaptisten.org\/?page_id=109"},"modified":"2020-11-27T18:28:34","modified_gmt":"2020-11-27T17:28:34","slug":"gut-zu-wissen","status":"publish","type":"page","link":"https:\/\/siebententagsbaptisten.org\/de\/gemeindegruendung\/gut-zu-wissen\/","title":{"rendered":"Gut zu wissen"},"content":{"rendered":"\n<p>Grunds\u00e4tzlich lebt jede Gruppe, Versammlung und Gemeinde von Besuchern. Ohne sie kann es kein echtes Gemeindewachstum geben. H\u00e4ufig kommen Besucher aufgrund von pers\u00f6nlicher Einladung, manchmal aus Neugier, bisweilen wegen pers\u00f6nlicher N\u00f6te. Leider kommt es aber auch vor, dass ihre Motivation und Motive unlauter sind. Infolgedessen kann es zu erheblicher Unruhe, Unfrieden und schlimmstenfalls Spaltung in der Gemeinde kommen. Klare Worte und Ansagen sowie fr\u00fchzeitige Grenzen k\u00f6nnen hier Schlimmeres verhindern. Der folgende kurze Text ist als Anregung bzw. m\u00f6gliche Vorlage gedacht:<\/p>\n\n\n\n<h4 class=\"wp-block-heading\">Gut zu wissen<\/h4>\n\n\n\n<p>Als Gemeinde bitten wir darum, \u2026<br>\u2026 uns nicht zu missionieren. Wir brauchen keine neuen \u201eWahrheiten\u201c, keine Zusatzb\u00fccher zur Bibel und keine neuen \u201ePropheten\u201c.<br>\u2026 uns nicht mit Informationen hinsichtlich des \u201erichtigen\u201c biblischen Ruhetags zu versorgen. Wir sind zutiefst \u00fcberzeugt, dass der Sabbat\/ Sonnabend\/ Samstag Gottes Ruhetag war, ist und bleiben wird. Wir halten ihn aus Freude an unserer Erl\u00f6sung, die wir in Jesus Christus haben, sowie aus Liebe zu Gott unserem Vater und nicht, um durch ihn erl\u00f6st zu werden.<br>\u2026 uns nicht nach Geld zu fragen. Wir sind kein Kreditinstitut und leihen niemandem Geld.<br>\u2026 die Integrit\u00e4t anderer Besucher, insbesondere Minderj\u00e4hriger, zu achten. Unbedachte k\u00f6rperliche N\u00e4he kann leicht zu Missverst\u00e4ndnissen f\u00fchren.<br>Vielen Dank!<\/p>\n","protected":false},"excerpt":{"rendered":"<p>Grunds\u00e4tzlich lebt jede Gruppe, Versammlung und Gemeinde von Besuchern. Ohne sie kann es kein echtes Gemeindewachstum geben. H\u00e4ufig kommen Besucher aufgrund von pers\u00f6nlicher Einladung, manchmal aus Neugier, bisweilen wegen pers\u00f6nlicher N\u00f6te. Leider kommt es aber auch vor, dass ihre Motivation und Motive unlauter sind. Infolgedessen kann es zu erheblicher Unruhe, Unfrieden und schlimmstenfalls Spaltung in [&hellip;]<\/p>\n","protected":false},"author":1,"featured_media":0,"parent":54,"menu_order":2,"comment_status":"closed","ping_status":"closed","template":"","meta":{"site-sidebar-layout":"default","site-content-layout":"default","ast-site-content-layout":"default","site-content-style":"default","site-sidebar-style":"default","ast-global-header-display":"","ast-banner-title-visibility":"","ast-main-header-display":"","ast-hfb-above-header-display":"","ast-hfb-below-header-display":"","ast-hfb-mobile-header-display":"","site-post-title":"","ast-breadcrumbs-content":"","ast-featured-img":"","footer-sml-layout":"","ast-disable-related-posts":"","theme-transparent-header-meta":"default","adv-header-id-meta":"","stick-header-meta":"","header-above-stick-meta":"","header-main-stick-meta":"","header-below-stick-meta":"","astra-migrate-meta-layouts":"default","ast-page-background-enabled":"default","ast-page-background-meta":{"desktop":{"background-color":"","background-image":"","background-repeat":"repeat","background-position":"center center","background-size":"auto","background-attachment":"scroll","background-type":"","background-media":"","overlay-type":"","overlay-color":"","overlay-opacity":"","overlay-gradient":""},"tablet":{"background-color":"","background-image":"","background-repeat":"repeat","background-position":"center center","background-size":"auto","background-attachment":"scroll","background-type":"","background-media":"","overlay-type":"","overlay-color":"","overlay-opacity":"","overlay-gradient":""},"mobile":{"background-color":"","background-image":"","background-repeat":"repeat","background-position":"center center","background-size":"auto","background-attachment":"scroll","background-type":"","background-media":"","overlay-type":"","overlay-color":"","overlay-opacity":"","overlay-gradient":""}},"ast-content-background-meta":{"desktop":{"background-color":"var(--ast-global-color-5)","background-image":"","background-repeat":"repeat","background-position":"center center","background-size":"auto","background-attachment":"scroll","background-type":"","background-media":"","overlay-type":"","overlay-color":"","overlay-opacity":"","overlay-gradient":""},"tablet":{"background-color":"var(--ast-global-color-5)","background-image":"","background-repeat":"repeat","background-position":"center center","background-size":"auto","background-attachment":"scroll","background-type":"","background-media":"","overlay-type":"","overlay-color":"","overlay-opacity":"","overlay-gradient":""},"mobile":{"background-color":"var(--ast-global-color-5)","background-image":"","background-repeat":"repeat","background-position":"center center","background-size":"auto","background-attachment":"scroll","background-type":"","background-media":"","overlay-type":"","overlay-color":"","overlay-opacity":"","overlay-gradient":""}},"footnotes":""},"class_list":["post-109","page","type-page","status-publish","hentry"],"_links":{"self":[{"href":"https:\/\/siebententagsbaptisten.org\/de\/wp-json\/wp\/v2\/pages\/109","targetHints":{"allow":["GET"]}}],"collection":[{"href":"https:\/\/siebententagsbaptisten.org\/de\/wp-json\/wp\/v2\/pages"}],"about":[{"href":"https:\/\/siebententagsbaptisten.org\/de\/wp-json\/wp\/v2\/types\/page"}],"author":[{"embeddable":true,"href":"https:\/\/siebententagsbaptisten.org\/de\/wp-json\/wp\/v2\/users\/1"}],"replies":[{"embeddable":true,"href":"https:\/\/siebententagsbaptisten.org\/de\/wp-json\/wp\/v2\/comments?post=109"}],"version-history":[{"count":4,"href":"https:\/\/siebententagsbaptisten.org\/de\/wp-json\/wp\/v2\/pages\/109\/revisions"}],"predecessor-version":[{"id":2098,"href":"https:\/\/siebententagsbaptisten.org\/de\/wp-json\/wp\/v2\/pages\/109\/revisions\/2098"}],"up":[{"embeddable":true,"href":"https:\/\/siebententagsbaptisten.org\/de\/wp-json\/wp\/v2\/pages\/54"}],"wp:attachment":[{"href":"https:\/\/siebententagsbaptisten.org\/de\/wp-json\/wp\/v2\/media?parent=109"}],"curies":[{"name":"wp","href":"https:\/\/api.w.org\/{rel}","templated":true}]}}