{"id":110,"date":"2020-07-29T11:24:00","date_gmt":"2020-07-29T09:24:00","guid":{"rendered":"https:\/\/siebententagsbaptisten.org\/?page_id=110"},"modified":"2020-12-01T14:42:55","modified_gmt":"2020-12-01T13:42:55","slug":"5-fragen-an-jede-gemeinde","status":"publish","type":"page","link":"https:\/\/siebententagsbaptisten.org\/de\/gemeindegruendung\/5-fragen-an-jede-gemeinde\/","title":{"rendered":"5 Fragen, die du deiner Gemeinde stellen solltest"},"content":{"rendered":"\n<p>von: John J. Pethel, Leiter von Church Development &amp; Pastoral Services der Siebenten-Tags Baptisten in den USA und Kanada<br>aus: Sabbath Recorder, November 2017, S. 15<br>http:\/\/seventhdaybaptist.org\/sabbath-recorder-november-2017\/<br>Eines der besten Dinge, die jeder Leiter tun kann, wenn er an einen schwierigen Punkt angelangt ist: h\u00f6re auf Vermutungen zu stellen und fange an, Fragen zu stellen. Unsere Vermutungen bringen uns dorthin, wo wir uns befinden, aber sie werden uns nicht notwendigerweise dorthin bringen, wo wir uns hinbegeben sollten.<br>HIER SIND F\u00dcNF FRAGEN, WELCHE DIE VERANTWORTLICHEN STELLEN SOLLTEN, WENN IHRE GEMEINDE AUFH\u00d6RT ZU WACHSEN:<\/p>\n\n\n\n<ol class=\"wp-block-list\"><li>Worin liegt unser Auftrag?<br>H\u00e4ufig h\u00f6rt eine Gemeinde auf zu wachsen, weil sie die Dringlichkeit hinter ihrem Auftrag verloren hat. Im Falle einer Gemeinde ist das doppelt traurig, da unser Auftrag in Wirklichkeit Christi Auftrag ist, n\u00e4mlich die Verbreitung des Evangeliums in die ganze Welt, f\u00fcr die Jesus starb. Gemeindeleiter und Gemeindeglieder, welche wirkungsvoll ihren Auftrag ausf\u00fchren, werden von ihm aufgezehrt.<\/li><li>Konzentrieren wir uns auf kirchenferne Menschen oder auf uns selbst?<br>Die Schwerkraft jeder Gemeinde zieht zu den Mitgliedern hin, nicht zu Au\u00dfenstehenden. Wenn deine Gemeinde keine Besucher mehr hat, wird sie ein Ort werden, an dem die Vorlieben ihrer Mitglieder die Leidenschaft f\u00fcr Mission \u00fcbertrumpfen. Es gibt grunds\u00e4tzlich zwei M\u00f6glichkeiten dieser Abweichung zu begegnen:<br>a) Konzentriere dich bei jeder Entscheidung auf das, was du erreichen und nicht auf das, was du behalten m\u00f6chtest.<br>b) Gehe die Verpflichtung ein, dich selbst hinzugeben damit andere gefunden werden k\u00f6nnen.<\/li><li>Ist unsere Strategie oder Vorgehensweise veraltet?<br>W\u00e4hrend der Auftrag der Gemeinde ewig g\u00fcltig ist, sollte sich sich Vorgehensweise von Generation zu Generation ver\u00e4ndern. Die Herausforderung in langfristiger Leitung ist, dass die damals eingef\u00fchrten Ver\u00e4nderungen zu der Zeit neu und wirkungsvoll waren \u2013 doch eigentlich wir sind nicht mehr im Jahr 1995 oder 2005. Wie kann man herausfinden, ob eine Herangehensweise veraltet ist? Wenn sie nicht mehr erfolgreich ist.<\/li><li>Befinden wir uns auf Augenh\u00f6he mit dem st\u00e4ndigen Kulturwandel?<br>W\u00e4hrend du an deiner Strategie feilst, solltest du auch die Kultur untersuchen. Sie \u00e4ndert sich, schnell und radikal. Wir leben jetzt in einer nachchristlichen, postmodernen Welt. Das trifft auf Kanada zu. Und in zunehmendem Ma\u00dfe auch f\u00fcr die Vereinigten Staaten. Meiner Erfahrung nach begreifen viele von uns in den Gemeindeleitungen nicht die enorme Tragweite des Wandels, der um uns herum geschieht.<\/li><li>Wann habe ich zuletzt jemanden pers\u00f6nlich zur Gemeinde eingeladen?<br>In Wirklichkeit verbringen viele Christen, aus unterschiedlichen Gr\u00fcnden, nicht allzu viel Zeit mit Nicht-Christen. Wenn fast niemand aus unserer Gemeinde einen kirchenfernen Menschen kennt, dann ist es kein Wunder, dass unsere Gemeinde nicht w\u00e4chst. Also warum nicht hingehend und einige echte Freundschaften schlie\u00dfen? Und bevor du sagst \u201ewir sollten in der Welt sein, aber nicht von der Welt\u201c, lese bitte das Evangelium noch einmal.<\/li><\/ol>\n","protected":false},"excerpt":{"rendered":"<p>von: John J. Pethel, Leiter von Church Development &amp; Pastoral Services der Siebenten-Tags Baptisten in den USA und Kanadaaus: Sabbath Recorder, November 2017, S. 15http:\/\/seventhdaybaptist.org\/sabbath-recorder-november-2017\/Eines der besten Dinge, die jeder Leiter tun kann, wenn er an einen schwierigen Punkt angelangt ist: h\u00f6re auf Vermutungen zu stellen und fange an, Fragen zu stellen. Unsere Vermutungen bringen [&hellip;]<\/p>\n","protected":false},"author":1,"featured_media":0,"parent":54,"menu_order":3,"comment_status":"closed","ping_status":"closed","template":"","meta":{"site-sidebar-layout":"default","site-content-layout":"default","ast-site-content-layout":"default","site-content-style":"default","site-sidebar-style":"default","ast-global-header-display":"","ast-banner-title-visibility":"","ast-main-header-display":"","ast-hfb-above-header-display":"","ast-hfb-below-header-display":"","ast-hfb-mobile-header-display":"","site-post-title":"","ast-breadcrumbs-content":"","ast-featured-img":"","footer-sml-layout":"","ast-disable-related-posts":"","theme-transparent-header-meta":"default","adv-header-id-meta":"","stick-header-meta":"","header-above-stick-meta":"","header-main-stick-meta":"","header-below-stick-meta":"","astra-migrate-meta-layouts":"default","ast-page-background-enabled":"default","ast-page-background-meta":{"desktop":{"background-color":"","background-image":"","background-repeat":"repeat","background-position":"center center","background-size":"auto","background-attachment":"scroll","background-type":"","background-media":"","overlay-type":"","overlay-color":"","overlay-opacity":"","overlay-gradient":""},"tablet":{"background-color":"","background-image":"","background-repeat":"repeat","background-position":"center center","background-size":"auto","background-attachment":"scroll","background-type":"","background-media":"","overlay-type":"","overlay-color":"","overlay-opacity":"","overlay-gradient":""},"mobile":{"background-color":"","background-image":"","background-repeat":"repeat","background-position":"center center","background-size":"auto","background-attachment":"scroll","background-type":"","background-media":"","overlay-type":"","overlay-color":"","overlay-opacity":"","overlay-gradient":""}},"ast-content-background-meta":{"desktop":{"background-color":"var(--ast-global-color-5)","background-image":"","background-repeat":"repeat","background-position":"center center","background-size":"auto","background-attachment":"scroll","background-type":"","background-media":"","overlay-type":"","overlay-color":"","overlay-opacity":"","overlay-gradient":""},"tablet":{"background-color":"var(--ast-global-color-5)","background-image":"","background-repeat":"repeat","background-position":"center center","background-size":"auto","background-attachment":"scroll","background-type":"","background-media":"","overlay-type":"","overlay-color":"","overlay-opacity":"","overlay-gradient":""},"mobile":{"background-color":"var(--ast-global-color-5)","background-image":"","background-repeat":"repeat","background-position":"center center","background-size":"auto","background-attachment":"scroll","background-type":"","background-media":"","overlay-type":"","overlay-color":"","overlay-opacity":"","overlay-gradient":""}},"footnotes":""},"class_list":["post-110","page","type-page","status-publish","hentry"],"_links":{"self":[{"href":"https:\/\/siebententagsbaptisten.org\/de\/wp-json\/wp\/v2\/pages\/110","targetHints":{"allow":["GET"]}}],"collection":[{"href":"https:\/\/siebententagsbaptisten.org\/de\/wp-json\/wp\/v2\/pages"}],"about":[{"href":"https:\/\/siebententagsbaptisten.org\/de\/wp-json\/wp\/v2\/types\/page"}],"author":[{"embeddable":true,"href":"https:\/\/siebententagsbaptisten.org\/de\/wp-json\/wp\/v2\/users\/1"}],"replies":[{"embeddable":true,"href":"https:\/\/siebententagsbaptisten.org\/de\/wp-json\/wp\/v2\/comments?post=110"}],"version-history":[{"count":4,"href":"https:\/\/siebententagsbaptisten.org\/de\/wp-json\/wp\/v2\/pages\/110\/revisions"}],"predecessor-version":[{"id":2111,"href":"https:\/\/siebententagsbaptisten.org\/de\/wp-json\/wp\/v2\/pages\/110\/revisions\/2111"}],"up":[{"embeddable":true,"href":"https:\/\/siebententagsbaptisten.org\/de\/wp-json\/wp\/v2\/pages\/54"}],"wp:attachment":[{"href":"https:\/\/siebententagsbaptisten.org\/de\/wp-json\/wp\/v2\/media?parent=110"}],"curies":[{"name":"wp","href":"https:\/\/api.w.org\/{rel}","templated":true}]}}