{"id":159,"date":"2020-07-29T11:45:25","date_gmt":"2020-07-29T09:45:25","guid":{"rendered":"https:\/\/siebententagsbaptisten.org\/?page_id=159"},"modified":"2020-09-14T20:49:33","modified_gmt":"2020-09-14T18:49:33","slug":"christ-bleiben-aber-wie","status":"publish","type":"page","link":"https:\/\/siebententagsbaptisten.org\/de\/materialien\/kurzandachten\/christ-bleiben-aber-wie\/","title":{"rendered":"Christ bleiben &#8211; aber wie?"},"content":{"rendered":"\n<p>Es ist viel einfacher Christ zu werden, als Christ zu bleiben. Traurigerweise verlieren viele von ihnen ihre Liebe zu Jesus nach einer Weile, so wie die Gemeinde in Ephesus in Offenbarung 2:4 getadelt wird: \u201eDu hast meine erste Liebe verlassen.\u201c<br>Daher muss der Glauben von drei S\u00e4ulen getragen werden:<\/p>\n\n\n\n<ol class=\"wp-block-list\"><li>Lese T\u00c4GLICH in der Bibel<\/li><li>Bete T\u00c4GLICH<\/li><li>Besuche regelm\u00e4\u00dfig eine gute geistliche Gemeinde.<br>Das zusammen ergibt dein geistliches Krafttraining, welches du brauchst, um im Alltag bestehen zu k\u00f6nnen.<\/li><\/ol>\n","protected":false},"excerpt":{"rendered":"<p>Es ist viel einfacher Christ zu werden, als Christ zu bleiben. Traurigerweise verlieren viele von ihnen ihre Liebe zu Jesus nach einer Weile, so wie die Gemeinde in Ephesus in Offenbarung 2:4 getadelt wird: \u201eDu hast meine erste Liebe verlassen.\u201cDaher muss der Glauben von drei S\u00e4ulen getragen werden: Lese T\u00c4GLICH in der Bibel Bete T\u00c4GLICH [&hellip;]<\/p>\n","protected":false},"author":1,"featured_media":0,"parent":143,"menu_order":3,"comment_status":"closed","ping_status":"closed","template":"","meta":{"site-sidebar-layout":"default","site-content-layout":"default","ast-site-content-layout":"default","site-content-style":"default","site-sidebar-style":"default","ast-global-header-display":"","ast-banner-title-visibility":"","ast-main-header-display":"","ast-hfb-above-header-display":"","ast-hfb-below-header-display":"","ast-hfb-mobile-header-display":"","site-post-title":"","ast-breadcrumbs-content":"","ast-featured-img":"","footer-sml-layout":"","ast-disable-related-posts":"","theme-transparent-header-meta":"default","adv-header-id-meta":"","stick-header-meta":"","header-above-stick-meta":"","header-main-stick-meta":"","header-below-stick-meta":"","astra-migrate-meta-layouts":"default","ast-page-background-enabled":"default","ast-page-background-meta":{"desktop":{"background-color":"","background-image":"","background-repeat":"repeat","background-position":"center center","background-size":"auto","background-attachment":"scroll","background-type":"","background-media":"","overlay-type":"","overlay-color":"","overlay-opacity":"","overlay-gradient":""},"tablet":{"background-color":"","background-image":"","background-repeat":"repeat","background-position":"center center","background-size":"auto","background-attachment":"scroll","background-type":"","background-media":"","overlay-type":"","overlay-color":"","overlay-opacity":"","overlay-gradient":""},"mobile":{"background-color":"","background-image":"","background-repeat":"repeat","background-position":"center center","background-size":"auto","background-attachment":"scroll","background-type":"","background-media":"","overlay-type":"","overlay-color":"","overlay-opacity":"","overlay-gradient":""}},"ast-content-background-meta":{"desktop":{"background-color":"var(--ast-global-color-5)","background-image":"","background-repeat":"repeat","background-position":"center center","background-size":"auto","background-attachment":"scroll","background-type":"","background-media":"","overlay-type":"","overlay-color":"","overlay-opacity":"","overlay-gradient":""},"tablet":{"background-color":"var(--ast-global-color-5)","background-image":"","background-repeat":"repeat","background-position":"center center","background-size":"auto","background-attachment":"scroll","background-type":"","background-media":"","overlay-type":"","overlay-color":"","overlay-opacity":"","overlay-gradient":""},"mobile":{"background-color":"var(--ast-global-color-5)","background-image":"","background-repeat":"repeat","background-position":"center center","background-size":"auto","background-attachment":"scroll","background-type":"","background-media":"","overlay-type":"","overlay-color":"","overlay-opacity":"","overlay-gradient":""}},"footnotes":""},"class_list":["post-159","page","type-page","status-publish","hentry"],"_links":{"self":[{"href":"https:\/\/siebententagsbaptisten.org\/de\/wp-json\/wp\/v2\/pages\/159","targetHints":{"allow":["GET"]}}],"collection":[{"href":"https:\/\/siebententagsbaptisten.org\/de\/wp-json\/wp\/v2\/pages"}],"about":[{"href":"https:\/\/siebententagsbaptisten.org\/de\/wp-json\/wp\/v2\/types\/page"}],"author":[{"embeddable":true,"href":"https:\/\/siebententagsbaptisten.org\/de\/wp-json\/wp\/v2\/users\/1"}],"replies":[{"embeddable":true,"href":"https:\/\/siebententagsbaptisten.org\/de\/wp-json\/wp\/v2\/comments?post=159"}],"version-history":[{"count":5,"href":"https:\/\/siebententagsbaptisten.org\/de\/wp-json\/wp\/v2\/pages\/159\/revisions"}],"predecessor-version":[{"id":1489,"href":"https:\/\/siebententagsbaptisten.org\/de\/wp-json\/wp\/v2\/pages\/159\/revisions\/1489"}],"up":[{"embeddable":true,"href":"https:\/\/siebententagsbaptisten.org\/de\/wp-json\/wp\/v2\/pages\/143"}],"wp:attachment":[{"href":"https:\/\/siebententagsbaptisten.org\/de\/wp-json\/wp\/v2\/media?parent=159"}],"curies":[{"name":"wp","href":"https:\/\/api.w.org\/{rel}","templated":true}]}}