{"id":2196,"date":"2020-12-25T12:57:33","date_gmt":"2020-12-25T11:57:33","guid":{"rendered":"https:\/\/siebententagsbaptisten.org\/?page_id=2196"},"modified":"2025-12-18T16:23:26","modified_gmt":"2025-12-18T15:23:26","slug":"was-jeder-menschen-wissen-sollte","status":"publish","type":"page","link":"https:\/\/siebententagsbaptisten.org\/de\/materialien\/was-jeder-menschen-wissen-sollte\/","title":{"rendered":"Was jeder Mensch wissen sollte"},"content":{"rendered":"\n<p><strong>1.) Gott liebt jeden Menschen:<br><\/strong>&#8222;Denn so sehr hat Gott die Welt geliebt, dass er seinen eingeborenen Sohn gab, damit jeder, der an ihn glaubt, nicht verlorengeht, sondern ewiges Leben hat.&#8220; (Johannes 3:16)<\/p>\n\n\n\n<p><strong>2.) Aber Gott hasst die S\u00fcnde und l\u00e4sst sie nicht ungestraft:<br><\/strong>&#8222;Denn der Lohn der S\u00fcnde ist der Tod.&#8220; (R\u00f6mer 6:23a)<\/p>\n\n\n\n<p><strong>3.) Jeder Mensch ist aufgrund seiner S\u00fcnde von Gott getrennt:<br><\/strong>&#8222;Sondern eure Missetaten trennen euch von eurem Gott.&#8220; (Jesaja 59:2a)<\/p>\n\n\n\n<p><strong>4.) Niemand kann aufgrund seiner guten Taten oder Werke in den Himmel kommen:<br><\/strong>&#8222;Denn aus Gnade sied ihr errettet durch den Glauben, und das nicht aus euch &#8211; Gottes Gabe ist es; nicht aus Werken, damit sich niemand r\u00fchme.&#8220; (Epheser 2:8-9)<\/p>\n\n\n\n<p><strong>5.) Jesus Christus starb am Kreuz von Golgatha stellvertretend f\u00fcr unsere S\u00fcnde:<br><\/strong>&#8222;Gott aber bewies seine Liebe zu uns dadurch, dass Christus f\u00fcr uns gestorben ist, als wir noch S\u00fcnder waren.&#8220; (R\u00f6mer 5:8)<\/p>\n\n\n\n<p><strong>6.) Wer umkehrt, seine S\u00fcnden bekennt und Jesus aufnimmt, wird gerettet und bekommt neues Leben von Gott:<br><\/strong>&#8222;Allen aber, die ihn [Jesus] aufnahmen, denen gab er das Anrecht, Kinder Gottes zu werden, denen, die an seinen Namen glauben.&#8220; (Johannes 1:12)<\/p>\n\n\n\n<p><strong>7.) Wer glaubt, kommt nicht ins Gericht:<br><\/strong>&#8222;Wahrlich, wahrlich, ich sage euch: Wer mein Wort h\u00f6rt und dem glaubt, der mich gesandt hat, der hat ewiges Leben und kommt nicht ins Gericht, sondern er ist vom Tod zum Leben hindurchgedrungen.&#8220; (Johannes 5:24)<\/p>\n","protected":false},"excerpt":{"rendered":"<p>1.) Gott liebt jeden Menschen:&#8222;Denn so sehr hat Gott die Welt geliebt, dass er seinen eingeborenen Sohn gab, damit jeder, der an ihn glaubt, nicht verlorengeht, sondern ewiges Leben hat.&#8220; (Johannes 3:16) 2.) Aber Gott hasst die S\u00fcnde und l\u00e4sst sie nicht ungestraft:&#8222;Denn der Lohn der S\u00fcnde ist der Tod.&#8220; (R\u00f6mer 6:23a) 3.) Jeder Mensch [&hellip;]<\/p>\n","protected":false},"author":2,"featured_media":0,"parent":58,"menu_order":3,"comment_status":"closed","ping_status":"closed","template":"","meta":{"site-sidebar-layout":"default","site-content-layout":"default","ast-site-content-layout":"default","site-content-style":"default","site-sidebar-style":"default","ast-global-header-display":"","ast-banner-title-visibility":"","ast-main-header-display":"","ast-hfb-above-header-display":"","ast-hfb-below-header-display":"","ast-hfb-mobile-header-display":"","site-post-title":"","ast-breadcrumbs-content":"","ast-featured-img":"","footer-sml-layout":"","ast-disable-related-posts":"","theme-transparent-header-meta":"default","adv-header-id-meta":"","stick-header-meta":"","header-above-stick-meta":"","header-main-stick-meta":"","header-below-stick-meta":"","astra-migrate-meta-layouts":"default","ast-page-background-enabled":"default","ast-page-background-meta":{"desktop":{"background-color":"","background-image":"","background-repeat":"repeat","background-position":"center center","background-size":"auto","background-attachment":"scroll","background-type":"","background-media":"","overlay-type":"","overlay-color":"","overlay-opacity":"","overlay-gradient":""},"tablet":{"background-color":"","background-image":"","background-repeat":"repeat","background-position":"center center","background-size":"auto","background-attachment":"scroll","background-type":"","background-media":"","overlay-type":"","overlay-color":"","overlay-opacity":"","overlay-gradient":""},"mobile":{"background-color":"","background-image":"","background-repeat":"repeat","background-position":"center center","background-size":"auto","background-attachment":"scroll","background-type":"","background-media":"","overlay-type":"","overlay-color":"","overlay-opacity":"","overlay-gradient":""}},"ast-content-background-meta":{"desktop":{"background-color":"var(--ast-global-color-5)","background-image":"","background-repeat":"repeat","background-position":"center center","background-size":"auto","background-attachment":"scroll","background-type":"","background-media":"","overlay-type":"","overlay-color":"","overlay-opacity":"","overlay-gradient":""},"tablet":{"background-color":"var(--ast-global-color-5)","background-image":"","background-repeat":"repeat","background-position":"center center","background-size":"auto","background-attachment":"scroll","background-type":"","background-media":"","overlay-type":"","overlay-color":"","overlay-opacity":"","overlay-gradient":""},"mobile":{"background-color":"var(--ast-global-color-5)","background-image":"","background-repeat":"repeat","background-position":"center center","background-size":"auto","background-attachment":"scroll","background-type":"","background-media":"","overlay-type":"","overlay-color":"","overlay-opacity":"","overlay-gradient":""}},"footnotes":""},"class_list":["post-2196","page","type-page","status-publish","hentry"],"_links":{"self":[{"href":"https:\/\/siebententagsbaptisten.org\/de\/wp-json\/wp\/v2\/pages\/2196","targetHints":{"allow":["GET"]}}],"collection":[{"href":"https:\/\/siebententagsbaptisten.org\/de\/wp-json\/wp\/v2\/pages"}],"about":[{"href":"https:\/\/siebententagsbaptisten.org\/de\/wp-json\/wp\/v2\/types\/page"}],"author":[{"embeddable":true,"href":"https:\/\/siebententagsbaptisten.org\/de\/wp-json\/wp\/v2\/users\/2"}],"replies":[{"embeddable":true,"href":"https:\/\/siebententagsbaptisten.org\/de\/wp-json\/wp\/v2\/comments?post=2196"}],"version-history":[{"count":3,"href":"https:\/\/siebententagsbaptisten.org\/de\/wp-json\/wp\/v2\/pages\/2196\/revisions"}],"predecessor-version":[{"id":2200,"href":"https:\/\/siebententagsbaptisten.org\/de\/wp-json\/wp\/v2\/pages\/2196\/revisions\/2200"}],"up":[{"embeddable":true,"href":"https:\/\/siebententagsbaptisten.org\/de\/wp-json\/wp\/v2\/pages\/58"}],"wp:attachment":[{"href":"https:\/\/siebententagsbaptisten.org\/de\/wp-json\/wp\/v2\/media?parent=2196"}],"curies":[{"name":"wp","href":"https:\/\/api.w.org\/{rel}","templated":true}]}}