{"id":3698,"date":"2025-01-20T10:14:38","date_gmt":"2025-01-20T09:14:38","guid":{"rendered":"https:\/\/siebententagsbaptisten.org\/?page_id=3698"},"modified":"2025-01-20T10:21:02","modified_gmt":"2025-01-20T09:21:02","slug":"sabbatschule-2","status":"publish","type":"page","link":"https:\/\/siebententagsbaptisten.org\/de\/sabbatschule-2\/","title":{"rendered":"Sabbatschule"},"content":{"rendered":"\n\n\n\n<p>Bereits im Alten Testament im 2. Buch Mose (Exodus) sagte Gott zu Mose: \u201eUnd ich will mit deinem [Mose] und seinem [Aaron] Mund sein und euch lehren, was ihr tun sollt.\u201c (Kapitel 4 Vers 15). Sp\u00e4ter verlangte Gott vom Volk Israel, dass es Seine Gebote und Satzungen beachtet und an seine Kinder weitergibt (5. Mose\/ Deuteronomium 4:10): \u201e[\u2026] dass sie meine Worte h\u00f6ren [\u2026] und lehren ihre Kinder.\u201c<\/p>\n\n\n\n<p>Als Gl\u00e4ubige im Neuen Bund wollen wir gemeinsam Gottes Wort lesen, lernen, befolgen und uns dar\u00fcber austauschen. Das ist die Absicht der sogenannten \u201eSabbatschule\u201c: Sie stellt ausgew\u00e4hlte Bibeltexte mit Erkl\u00e4rungen zu einem Quartalsthema bereit, \u00fcber welche dann in den Versammlungen am Samstag\/ Sonnabend\/ Sabbat im Rahmen des Gottesdienstes gesprochen wird.<\/p>\n\n\n\n<p>Das Material wird von der Generalkonferenz der Siebenten Tags Baptisten, Janesville, Wisconsin, USA bereitgestellt und ist postalisch oder als Download auf Englisch erh\u00e4ltlich. Die \u00dcbersetzung ins Deutsche erfolgt auf Eigeninitiative, ist gemeinfrei, kostenlos und von den Verantwortlichen der Generalkonferenz schriftlich genehmigt.<\/p>\n\n\n\n<p>Das Skript zur Sabbatschule gliedert sich in zwei Teile: Den Tagesandachten (von Sonntag bis Samstag\/ Sabbat) und den Bibellesetexten mit Erkl\u00e4rungen. Als gedankliche Anregung gibt es 5-6 Leitfragen zu den angegebenen Bibelstellen.<br>Im Anhang gibt es ausformulierte Lernziele und m\u00f6gliche Aktivit\u00e4ten f\u00fcr \u201eSabbatschulhelfer\u201c, also Personen, welche das Bibelgespr\u00e4ch moderieren bzw. die vorgeschlagenen Aktivit\u00e4ten anleiten.<\/p>\n\n\n\n<p>Die Gruppengr\u00f6\u00dfe einer \u201eSabbatschulklasse\u201c sollte 12 Personen nicht \u00fcberschreiten. Grunds\u00e4tzlich sollte der \u201eUnterricht\u201c abwechslungsreich, praxis- und ergebnisorientiert sein. Kurz gesagt: Was sollten und k\u00f6nnen die Teilnehmer\/-innen nach ca. 45 Minuten als geistliche Erkenntnis mit in die neue Woche nehmen?<\/p>\n\n\n\n<p>Lasst das Wort des Christus reichlich in euch wohnen in aller Weisheit; lehrt und ermahnt einander [\u2026] Kolosser 3:16a<\/p>\n\n\n\n<p><\/p>\n","protected":false},"excerpt":{"rendered":"<p>Bereits im Alten Testament im 2. Buch Mose (Exodus) sagte Gott zu Mose: \u201eUnd ich will mit deinem [Mose] und seinem [Aaron] Mund sein und euch lehren, was ihr tun sollt.\u201c (Kapitel 4 Vers 15). Sp\u00e4ter verlangte Gott vom Volk Israel, dass es Seine Gebote und Satzungen beachtet und an seine Kinder weitergibt (5. Mose\/ [&hellip;]<\/p>\n","protected":false},"author":1,"featured_media":0,"parent":0,"menu_order":4,"comment_status":"closed","ping_status":"closed","template":"","meta":{"site-sidebar-layout":"default","site-content-layout":"","ast-site-content-layout":"default","site-content-style":"default","site-sidebar-style":"default","ast-global-header-display":"","ast-banner-title-visibility":"","ast-main-header-display":"","ast-hfb-above-header-display":"","ast-hfb-below-header-display":"","ast-hfb-mobile-header-display":"","site-post-title":"","ast-breadcrumbs-content":"","ast-featured-img":"","footer-sml-layout":"","ast-disable-related-posts":"","theme-transparent-header-meta":"","adv-header-id-meta":"","stick-header-meta":"","header-above-stick-meta":"","header-main-stick-meta":"","header-below-stick-meta":"","astra-migrate-meta-layouts":"set","ast-page-background-enabled":"default","ast-page-background-meta":{"desktop":{"background-color":"","background-image":"","background-repeat":"repeat","background-position":"center center","background-size":"auto","background-attachment":"scroll","background-type":"","background-media":"","overlay-type":"","overlay-color":"","overlay-opacity":"","overlay-gradient":""},"tablet":{"background-color":"","background-image":"","background-repeat":"repeat","background-position":"center center","background-size":"auto","background-attachment":"scroll","background-type":"","background-media":"","overlay-type":"","overlay-color":"","overlay-opacity":"","overlay-gradient":""},"mobile":{"background-color":"","background-image":"","background-repeat":"repeat","background-position":"center center","background-size":"auto","background-attachment":"scroll","background-type":"","background-media":"","overlay-type":"","overlay-color":"","overlay-opacity":"","overlay-gradient":""}},"ast-content-background-meta":{"desktop":{"background-color":"var(--ast-global-color-5)","background-image":"","background-repeat":"repeat","background-position":"center center","background-size":"auto","background-attachment":"scroll","background-type":"","background-media":"","overlay-type":"","overlay-color":"","overlay-opacity":"","overlay-gradient":""},"tablet":{"background-color":"var(--ast-global-color-5)","background-image":"","background-repeat":"repeat","background-position":"center center","background-size":"auto","background-attachment":"scroll","background-type":"","background-media":"","overlay-type":"","overlay-color":"","overlay-opacity":"","overlay-gradient":""},"mobile":{"background-color":"var(--ast-global-color-5)","background-image":"","background-repeat":"repeat","background-position":"center center","background-size":"auto","background-attachment":"scroll","background-type":"","background-media":"","overlay-type":"","overlay-color":"","overlay-opacity":"","overlay-gradient":""}},"footnotes":""},"class_list":["post-3698","page","type-page","status-publish","hentry"],"_links":{"self":[{"href":"https:\/\/siebententagsbaptisten.org\/de\/wp-json\/wp\/v2\/pages\/3698","targetHints":{"allow":["GET"]}}],"collection":[{"href":"https:\/\/siebententagsbaptisten.org\/de\/wp-json\/wp\/v2\/pages"}],"about":[{"href":"https:\/\/siebententagsbaptisten.org\/de\/wp-json\/wp\/v2\/types\/page"}],"author":[{"embeddable":true,"href":"https:\/\/siebententagsbaptisten.org\/de\/wp-json\/wp\/v2\/users\/1"}],"replies":[{"embeddable":true,"href":"https:\/\/siebententagsbaptisten.org\/de\/wp-json\/wp\/v2\/comments?post=3698"}],"version-history":[{"count":2,"href":"https:\/\/siebententagsbaptisten.org\/de\/wp-json\/wp\/v2\/pages\/3698\/revisions"}],"predecessor-version":[{"id":3702,"href":"https:\/\/siebententagsbaptisten.org\/de\/wp-json\/wp\/v2\/pages\/3698\/revisions\/3702"}],"wp:attachment":[{"href":"https:\/\/siebententagsbaptisten.org\/de\/wp-json\/wp\/v2\/media?parent=3698"}],"curies":[{"name":"wp","href":"https:\/\/api.w.org\/{rel}","templated":true}]}}