{"id":4132,"date":"2026-02-21T18:32:37","date_gmt":"2026-02-21T17:32:37","guid":{"rendered":"https:\/\/siebententagsbaptisten.org\/?page_id=4132"},"modified":"2026-02-21T18:40:54","modified_gmt":"2026-02-21T17:40:54","slug":"soziallehren-der-gemeinde-maerz-mai-2026-einleitung","status":"publish","type":"page","link":"https:\/\/siebententagsbaptisten.org\/de\/sabbatschule-2\/soziallehren-der-gemeinde-maerz-mai-2026-einleitung\/","title":{"rendered":"SOZIALLEHREN DER GEMEINDE (M\u00e4rz &#8211; Mai 2026) &#8211; EINLEITUNG"},"content":{"rendered":"\n\n\n\n<figure class=\"wp-block-image size-full is-resized\"><img fetchpriority=\"high\" decoding=\"async\" width=\"654\" height=\"924\" src=\"https:\/\/siebententagsbaptisten.org\/wp-content\/uploads\/2026\/02\/0.Cover-Preface-Contributions.png\" alt=\"\" class=\"wp-image-4133\" style=\"aspect-ratio:0.7077935000052369;width:1131px;height:auto\" srcset=\"https:\/\/siebententagsbaptisten.org\/wp-content\/uploads\/2026\/02\/0.Cover-Preface-Contributions.png 654w, https:\/\/siebententagsbaptisten.org\/wp-content\/uploads\/2026\/02\/0.Cover-Preface-Contributions-212x300.png 212w, https:\/\/siebententagsbaptisten.org\/wp-content\/uploads\/2026\/02\/0.Cover-Preface-Contributions-8x12.png 8w\" sizes=\"(max-width: 654px) 100vw, 654px\" \/><\/figure>\n\n\n\n<p><strong>SOZIALLEHREN DER GEMEINDE<\/strong> (M\u00e4rz &#8211; Mai 2026)<\/p>\n\n\n\n<p>VORWORT DES HERAUSGEBERS<\/p>\n\n\n\n<p>Dieses Fr\u00fchlingsquartal bietet eine spannende Auseinandersetzung mit sozialen Fragen und gibt Gelegenheit, dar\u00fcber nachzudenken, wie sich die Gemeinde Christi in unserer Zeit hierzu positioniert.<\/p>\n\n\n\n<p><strong>Einheit I<\/strong>, &#8222;<strong>Unsere Verpflichtungen gegen\u00fcber unserem N\u00e4chsten erf\u00fcllen<\/strong>&#8222;, fordert uns in f\u00fcnf Lektionen auf, auf der Grundlage gegenseitiger Liebe und Achtung kollektiv an gemeinsamen Zielen zu arbeiten \u2013 zu Hause, in der Gemeinschaft sowie in Beziehungen vor Ort und weltweit. Unsere Verantwortung f\u00fcreinander erstreckt sich darauf, auf unsere eigene k\u00f6rperliche Gesundheit zu achten, einander zu dienen, als dienten wir Christus, die von Gott gegebene Vielfalt der Weltbev\u00f6lkerung zu verstehen und uns gegenseitig auf einen dauerhaften Frieden auszurichten.<\/p>\n\n\n\n<p><strong>Einheit II<\/strong>, &#8222;<strong>Unsere Verpflichtungen gegen\u00fcber unserer Familie und Nachbarn erf\u00fcllen<\/strong>&#8222;, handeln in vier Lektionen \u00fcber die Verhei\u00dfung des ewigen Lebens und unseren Pflichten in diesem Leben. Die erste Lektion dieser Einheit befasst sich mit der Verhei\u00dfung der leiblichen Auferstehung f\u00fcr Nachfolger Jesu. Der Glaube an die Auferstehung bef\u00e4higt den Gl\u00e4ubigen, die von Gott durch die Einsetzung von Leitern geschaffene Ordnung zu achten, und ermutigt ihn gleichzeitig, sich gegen Leiter zu stellen, die ihre gottgegebene Autorit\u00e4t missachten. Die dritte und vierte Lektion dieser Einheit widmen sich der Rolle der Kinder im Elternhaus und ihrem Vorbild als Vorbilder f\u00fcr ein Leben im Reich Gottes. Eltern und Erziehungsberechtigte werden dazu angehalten, ihre Kinder in der Zucht und Ermahnung des HERRN zu erziehen.<\/p>\n\n\n\n<p><strong>Einheit III<\/strong>, &#8222;<strong>Unsere Verpflichtungen gegen\u00fcber Gott und der Gesellschaft<\/strong> <strong>erf\u00fcllen<\/strong>&#8222;, erinnert an das Bild der Gemeinde als Leib Christi, ausger\u00fcstet mit Geistesgaben f\u00fcr Dienst und Mission. Durch die Gnadengaben Taufe und Abendmahl wird die Gemeinde geistlich gen\u00e4hrt und bef\u00e4higt, als Leib Christi in der Welt zu leben, alle Menschen zur Umkehr und Vergebung der S\u00fcnden aufzurufen und das kommende Reich Gottes zu verk\u00fcnden.<\/p>\n\n\n\n<p>M\u00f6ge Gott dein treues Studium Seines Wortes in diesem Quartal segnen!<\/p>\n\n\n\n<p>Steve<\/p>\n\n\n\n<p>Die Absichten und Ziele der Handreichungen zum Bibelstudium sind:<\/p>\n\n\n\n<ul class=\"wp-block-list\">\n<li>Erwachsenen und \u00e4lteren Jugendlichen eine Vierteljahreszeitschrift f\u00fcr den pers\u00f6nlichen oder Gruppengebrauch zur Verf\u00fcgung zu stellen, die ihnen hilft, ihr Wissen \u00fcber die Bibel, den christlichen Glauben und das Gemeindeleben, insbesondere den der Siebenten-Tags-Baptisten, st\u00e4ndig zu erneuern.<\/li>\n\n\n\n<li>Ein Studium christlicher \u00dcberzeugungen zu erm\u00f6glichen, das die Studierenden bef\u00e4higt, ihren Glauben weiterzugeben.<\/li>\n\n\n\n<li>Die Wertsch\u00e4tzung f\u00fcr das Erbe der Siebenten Tags Baptisten und den Glauben an die Sabbat-Wahrheit zu st\u00e4rken.<\/li>\n\n\n\n<li>Moralische und geistliche Aspekte des allt\u00e4glichen Lebens und der t\u00e4glichen Entscheidungsfindung zu f\u00f6rdern.<\/li>\n\n\n\n<li>Materialien f\u00fcr die t\u00e4gliche Andacht bzw. das Andachtsleben bereitzustellen.<\/li>\n\n\n\n<li>Die Bildungsarbeit der Siebenten Tags Baptisten auf der ganzen Welt zu f\u00f6rdern.<\/li>\n<\/ul>\n","protected":false},"excerpt":{"rendered":"<p>SOZIALLEHREN DER GEMEINDE (M\u00e4rz &#8211; Mai 2026) VORWORT DES HERAUSGEBERS Dieses Fr\u00fchlingsquartal bietet eine spannende Auseinandersetzung mit sozialen Fragen und gibt Gelegenheit, dar\u00fcber nachzudenken, wie sich die Gemeinde Christi in unserer Zeit hierzu positioniert. Einheit I, &#8222;Unsere Verpflichtungen gegen\u00fcber unserem N\u00e4chsten erf\u00fcllen&#8222;, fordert uns in f\u00fcnf Lektionen auf, auf der Grundlage gegenseitiger Liebe und Achtung [&hellip;]<\/p>\n","protected":false},"author":2,"featured_media":0,"parent":3698,"menu_order":1,"comment_status":"closed","ping_status":"closed","template":"","meta":{"site-sidebar-layout":"default","site-content-layout":"","ast-site-content-layout":"default","site-content-style":"default","site-sidebar-style":"default","ast-global-header-display":"","ast-banner-title-visibility":"","ast-main-header-display":"","ast-hfb-above-header-display":"","ast-hfb-below-header-display":"","ast-hfb-mobile-header-display":"","site-post-title":"","ast-breadcrumbs-content":"","ast-featured-img":"","footer-sml-layout":"","ast-disable-related-posts":"","theme-transparent-header-meta":"","adv-header-id-meta":"","stick-header-meta":"","header-above-stick-meta":"","header-main-stick-meta":"","header-below-stick-meta":"","astra-migrate-meta-layouts":"set","ast-page-background-enabled":"default","ast-page-background-meta":{"desktop":{"background-color":"","background-image":"","background-repeat":"repeat","background-position":"center center","background-size":"auto","background-attachment":"scroll","background-type":"","background-media":"","overlay-type":"","overlay-color":"","overlay-opacity":"","overlay-gradient":""},"tablet":{"background-color":"","background-image":"","background-repeat":"repeat","background-position":"center center","background-size":"auto","background-attachment":"scroll","background-type":"","background-media":"","overlay-type":"","overlay-color":"","overlay-opacity":"","overlay-gradient":""},"mobile":{"background-color":"","background-image":"","background-repeat":"repeat","background-position":"center center","background-size":"auto","background-attachment":"scroll","background-type":"","background-media":"","overlay-type":"","overlay-color":"","overlay-opacity":"","overlay-gradient":""}},"ast-content-background-meta":{"desktop":{"background-color":"var(--ast-global-color-5)","background-image":"","background-repeat":"repeat","background-position":"center center","background-size":"auto","background-attachment":"scroll","background-type":"","background-media":"","overlay-type":"","overlay-color":"","overlay-opacity":"","overlay-gradient":""},"tablet":{"background-color":"var(--ast-global-color-5)","background-image":"","background-repeat":"repeat","background-position":"center center","background-size":"auto","background-attachment":"scroll","background-type":"","background-media":"","overlay-type":"","overlay-color":"","overlay-opacity":"","overlay-gradient":""},"mobile":{"background-color":"var(--ast-global-color-5)","background-image":"","background-repeat":"repeat","background-position":"center center","background-size":"auto","background-attachment":"scroll","background-type":"","background-media":"","overlay-type":"","overlay-color":"","overlay-opacity":"","overlay-gradient":""}},"footnotes":""},"class_list":["post-4132","page","type-page","status-publish","hentry"],"_links":{"self":[{"href":"https:\/\/siebententagsbaptisten.org\/de\/wp-json\/wp\/v2\/pages\/4132","targetHints":{"allow":["GET"]}}],"collection":[{"href":"https:\/\/siebententagsbaptisten.org\/de\/wp-json\/wp\/v2\/pages"}],"about":[{"href":"https:\/\/siebententagsbaptisten.org\/de\/wp-json\/wp\/v2\/types\/page"}],"author":[{"embeddable":true,"href":"https:\/\/siebententagsbaptisten.org\/de\/wp-json\/wp\/v2\/users\/2"}],"replies":[{"embeddable":true,"href":"https:\/\/siebententagsbaptisten.org\/de\/wp-json\/wp\/v2\/comments?post=4132"}],"version-history":[{"count":1,"href":"https:\/\/siebententagsbaptisten.org\/de\/wp-json\/wp\/v2\/pages\/4132\/revisions"}],"predecessor-version":[{"id":4134,"href":"https:\/\/siebententagsbaptisten.org\/de\/wp-json\/wp\/v2\/pages\/4132\/revisions\/4134"}],"up":[{"embeddable":true,"href":"https:\/\/siebententagsbaptisten.org\/de\/wp-json\/wp\/v2\/pages\/3698"}],"wp:attachment":[{"href":"https:\/\/siebententagsbaptisten.org\/de\/wp-json\/wp\/v2\/media?parent=4132"}],"curies":[{"name":"wp","href":"https:\/\/api.w.org\/{rel}","templated":true}]}}