{"id":93,"date":"2020-07-29T11:19:22","date_gmt":"2020-07-29T09:19:22","guid":{"rendered":"https:\/\/siebententagsbaptisten.org\/?page_id=93"},"modified":"2024-12-08T13:39:56","modified_gmt":"2024-12-08T12:39:56","slug":"glaubensueberzeugungen-der-siebenten-tags-baptisten-in-deutschland","status":"publish","type":"page","link":"https:\/\/siebententagsbaptisten.org\/de\/das-sind-wir\/glaubensueberzeugungen-der-siebenten-tags-baptisten-in-deutschland\/","title":{"rendered":"Glaubens\u00fcberzeugungen der Siebenten Tags Baptisten in Deutschland"},"content":{"rendered":"\n<h4 class=\"wp-block-heading\">Einleitung<\/h4>\n\n\n\n<p>Bevor der Herr Jesus diese Erde verlie\u00df um wieder bei Seinem Vater im Himmel zu sein, gab er Seinen J\u00fcngern den Auftrag: \u201eDarum gehet hin und lehret alle V\u00f6lker und taufet sie im Namen des Vaters und des Sohnes und des heiligen Geistes und lehret sie halten alles was ich euch befohlen haben.\u201c Matth\u00e4us 28:19f.<br>Dieser Sendungsauftrag \u2013 ein Befehl \u2013 ist der Kern, die Grundlage und die Legitimation von Mission. F\u00fcr jeden Christen, der bekehrt, wiedergeboren und getauft ist, sollte Mission nicht nur heilige Pflicht, sondern Selbstverst\u00e4ndlichkeit sein. Sie beschr\u00e4nkt sich nicht nur auf einen professionellen Personenkreis wie z.B. Pastoren oder Missionare. Jeder Christ kann und soll Mission machen; jeder auf seine Weise, gem\u00e4\u00df den Gaben, die ihm gegeben worden sind.<br>Als Siebenten Tags Baptisten wollen wir Zeugen f\u00fcr Jesus Christus sein, d.h. Sein Evangelium, die Frohe Botschaft verk\u00fcndigen.<\/p>\n\n\n\n<h4 class=\"wp-block-heading\">Was wir glauben<\/h4>\n\n\n\n<p><strong>I. Die Heilige Schrift<\/strong><br>Wir glauben, dass die Bibel das inspirierte Wort Gottes ist. Sie ist die alleinige Grundlage unseres Glaubens und Handelns. \u201eAlle Schrift ist von Gott eingegeben.\u201c (2. Timotheus 3:16a)<br><strong>II. Die Gottheit<\/strong><br>Wir glauben an Gott den Sch\u00f6pfer dieser Welt, der sich uns als Vater, Sohn (in Gestalt von Jesus Christus) und Heiliger Geist offenbart. Wir glauben insbesondere an die Person des Heiligen Geistes, den Jesus seinen Nachfolgern als Beistand, Helfer und Lehrer hier auf Erden gegeben hat. \u201eDenn drei sind es, die Zeugnis ablegen im Himmel: der Vater, das Wort [= Jesus] und der Heilige Geist, und diese drei sind eins.\u201c (1. Johannes 5:7)<br><strong>III. Die Notwendigkeit von Bekehrung, Wiedergeburt und Taufe<\/strong><br>Wir glauben, dass der Weg eines Menschen zu Jesus Christus nur durch Bekehrung und Wieder- bzw. Neugeburt erfolgen kann. Jeder Mensch, der Jesus seine S\u00fcnden bekennt und bereut und Ihn im Glauben annimmt, hat das ewige Leben und somit Heilsgewissheit. \u201eWahrlich, wahrlich, ich [Jesus] sage euch: Wer mein Wort h\u00f6rt und glaubt dem, der mich gesandt hat, der hat das ewige Leben und kommt nicht in das Gericht, sondern er ist vom Tode zum Leben hindurchgedrungen.\u201c (Johannes 5:24)<br><strong>IV. Errettung aus Gnade allein<\/strong><br>Wir glauben, dass kein Mensch aus sich heraus Werke hervorbringen kann, die an Gottes Messlatte \u2013 Jesu s\u00fcndloses (fehlerfreies) irdisches Leben \u2013 heranreichen k\u00f6nnten. Stellvertretend f\u00fcr uns opferte sich Jesus, der Sohn Gottes, indem Er am Kreuz f\u00fcr alle Menschen starb. Jeder, der dieses vollkommene Opfer im Glauben als Geschenk annimmt, ist vor Gott gerecht, d.h. seine S\u00fcnden (Verfehlungen) sind ihm vergeben. Dies nennt die Bibel Errettung aus Gottes Gnade. \u201eDenn aus Gnade seid ihr errettet durch den Glauben, und das nicht aus euch \u2013 Gottes Gabe ist es; nicht aus Werken, damit niemand sich r\u00fchme.\u201c (Epheser 2:8f.)<br><strong>V. Die 10 Gebote<\/strong><br>Wir glauben, dass die Zehn Gebote wie die Bibel sie lehrt (insbesondere das 4. Gebot, also den 7. Tag der Woche, den Sabbat\/ Samstag\/ Sonnabend als Tag der Ruhe zu halten) auch nach Jesu Auferstehung noch uneingeschr\u00e4nkte G\u00fcltigkeit haben. Jedoch halten wir nicht die Gebote, um errettet zu werden, sondern weil wir bereits durch Jesus Christus errettet sind. \u201eLiebet ihr mich, so haltet meine Gebote.\u201c (Johannes 14:15)<br><strong>VI. Geistliche Gaben<\/strong><br>Wir glauben, dass der Heilige Geist uns mit verschiedenen Gaben ausr\u00fcsten will, um Jesu Evangelium mit Vollmacht verk\u00fcndigen zu k\u00f6nnen. Diese Gaben sind ein Geschenk aus Gnade und der Heilige Geist teilt sie aus wie er will. \u201eDies aber alles wirkt derselbe eine Geist und teilt einem jeglichen seines zu, nach dem er will.\u201c (1. Korinther 12:11)<br><strong>VII. Verbindliche Nachfolge<\/strong><br>Wir glauben, dass der Missionsbefehl Jesu nicht nur seinen J\u00fcngern und Aposteln galt, sondern allen Seinen Nachfolgern gilt: Er fordert sie zu einer verbindlichen Nachfolge, v\u00f6lliger Hingabe und authentischer J\u00fcngerschaft auf. \u201eWer mir folgen will, der verleugne sich selbst und nehme sein Kreuz auf sich t\u00e4glich und folge mir nach.\u201c (Lukas 9:23)<br><strong>VIII. Priestertum aller Gl\u00e4ubigen<\/strong><br>Wir glauben an das Priestertum aller Gl\u00e4ubigen, welche keine heilsvermittelnden Institutionen oder Personen ben\u00f6tigt. Durch Jesu Tod und Auferstehung hat jeder Gl\u00e4ubige direkten Zugang zu Gott dem Vater und Seinen Sohn Jesus Christus. \u201eSo lasst auch ihr euch nun als lebendige Steine aufbauen, als ein geistliches Haus, als ein heiliges Priestertum, um geistliche Opfer darzubringen, die Gott wohlgef\u00e4llig sind durch Jesus Christus.\u201c (1. Petrus 2:5)<br><strong>IX. Die baldige Wiederkunft Jesu Christi<\/strong><br>Wir glauben an die baldige Wiederkunft Jesu Christi und an Seine Verhei\u00dfung, ein ewiges Reich zu errichten. Wir sch\u00fcren keine \u00c4ngste vor dem Weltuntergang oder versuchen gar ihn irgendwie zu berechnen. Wir freuen uns vielmehr, dass wir bald f\u00fcr immer und ewig ohne irgendeine Trennung bei Jesus sein werden. Deshalb wollen wir, solange noch Zeit ist, unser Bestes geben um Ihn so vielen Menschen wie m\u00f6glich bekannt zu machen. \u201eDenn ihr wisset gewiss, dass der Tag des HERRN wird kommen wie ein Dieb in der Nacht.\u201c (1. Thessalonicher 5:2)<br><strong>X. Christlicher Lebensstil<\/strong><br>Wir glauben, dass eine verbindliche Nachfolge mit einem christlichen Lebensstil und entsprechendem Verhalten einhergeht. S\u00fcchte jeglicher Art, seien es Alkohol-, Nikotin-, Spiel-, Sex-, Internetsucht u.v.m. sind Gebundenheiten, welche den Menschen daran hindern, frei in Christus zu sein. \u201eSo legt nun von euch ab nach dem vorigen Wandel den alten Menschen, der durch L\u00fcste im Irrtum sich verderbt.\u201c (Epheser 4:22)<br><strong>XI. Bekenntnis zu den reformatorischen Grunds\u00e4tzen<\/strong><br>Wir bekennen uns uneingeschr\u00e4nkt zu den f\u00fcnf Prinzipien der Reformation:<\/p>\n\n\n\n<ol class=\"wp-block-list\">\n<li>Sola Scriptura (allein die Schrift)<\/li>\n\n\n\n<li>Sola Fide (allein der Glaube)<\/li>\n\n\n\n<li>Sola Gratia (allein durch Gnade)<\/li>\n\n\n\n<li>Solus Christus (allein Christus)<\/li>\n\n\n\n<li>Soli Deo Gloria (allein Gott die Ehre)<\/li>\n<\/ol>\n\n\n\n<p><strong>XII. Die Gemeinde Jesu Christi<\/strong><\/p>\n\n\n\n<p>Christi Nachfolger haben nicht nur das Bed\u00fcrfnis, t\u00e4glich enge Gemeinschaft mit ihrem Herrn Jesus zu haben, sondern wenigstens w\u00f6chentlich auch untereinander. Sie sind vereint im Gebet und Gottesdienst, Glieder eines einzigen Leibes, genannt Gemeinde, dessen Haupt Jesus Christus ist. Die Siebenten Tags Baptisten in Deutschland sind den Siebenten Tags Baptisten in aller Welt verbunden und f\u00f6rdern durch ihre Arbeit aktiv die Entstehung neuer Gemeinden im In- und Ausland.<\/p>\n","protected":false},"excerpt":{"rendered":"<p>Einleitung Bevor der Herr Jesus diese Erde verlie\u00df um wieder bei Seinem Vater im Himmel zu sein, gab er Seinen J\u00fcngern den Auftrag: \u201eDarum gehet hin und lehret alle V\u00f6lker und taufet sie im Namen des Vaters und des Sohnes und des heiligen Geistes und lehret sie halten alles was ich euch befohlen haben.\u201c Matth\u00e4us [&hellip;]<\/p>\n","protected":false},"author":1,"featured_media":0,"parent":3047,"menu_order":2,"comment_status":"closed","ping_status":"closed","template":"","meta":{"site-sidebar-layout":"default","site-content-layout":"default","ast-site-content-layout":"default","site-content-style":"default","site-sidebar-style":"default","ast-global-header-display":"","ast-banner-title-visibility":"","ast-main-header-display":"","ast-hfb-above-header-display":"","ast-hfb-below-header-display":"","ast-hfb-mobile-header-display":"","site-post-title":"","ast-breadcrumbs-content":"","ast-featured-img":"","footer-sml-layout":"","ast-disable-related-posts":"","theme-transparent-header-meta":"default","adv-header-id-meta":"","stick-header-meta":"","header-above-stick-meta":"","header-main-stick-meta":"","header-below-stick-meta":"","astra-migrate-meta-layouts":"set","ast-page-background-enabled":"default","ast-page-background-meta":{"desktop":{"background-color":"","background-image":"","background-repeat":"repeat","background-position":"center center","background-size":"auto","background-attachment":"scroll","background-type":"","background-media":"","overlay-type":"","overlay-color":"","overlay-opacity":"","overlay-gradient":""},"tablet":{"background-color":"","background-image":"","background-repeat":"repeat","background-position":"center center","background-size":"auto","background-attachment":"scroll","background-type":"","background-media":"","overlay-type":"","overlay-color":"","overlay-opacity":"","overlay-gradient":""},"mobile":{"background-color":"","background-image":"","background-repeat":"repeat","background-position":"center center","background-size":"auto","background-attachment":"scroll","background-type":"","background-media":"","overlay-type":"","overlay-color":"","overlay-opacity":"","overlay-gradient":""}},"ast-content-background-meta":{"desktop":{"background-color":"var(--ast-global-color-5)","background-image":"","background-repeat":"repeat","background-position":"center center","background-size":"auto","background-attachment":"scroll","background-type":"","background-media":"","overlay-type":"","overlay-color":"","overlay-opacity":"","overlay-gradient":""},"tablet":{"background-color":"var(--ast-global-color-5)","background-image":"","background-repeat":"repeat","background-position":"center center","background-size":"auto","background-attachment":"scroll","background-type":"","background-media":"","overlay-type":"","overlay-color":"","overlay-opacity":"","overlay-gradient":""},"mobile":{"background-color":"var(--ast-global-color-5)","background-image":"","background-repeat":"repeat","background-position":"center center","background-size":"auto","background-attachment":"scroll","background-type":"","background-media":"","overlay-type":"","overlay-color":"","overlay-opacity":"","overlay-gradient":""}},"footnotes":""},"class_list":["post-93","page","type-page","status-publish","hentry"],"_links":{"self":[{"href":"https:\/\/siebententagsbaptisten.org\/de\/wp-json\/wp\/v2\/pages\/93","targetHints":{"allow":["GET"]}}],"collection":[{"href":"https:\/\/siebententagsbaptisten.org\/de\/wp-json\/wp\/v2\/pages"}],"about":[{"href":"https:\/\/siebententagsbaptisten.org\/de\/wp-json\/wp\/v2\/types\/page"}],"author":[{"embeddable":true,"href":"https:\/\/siebententagsbaptisten.org\/de\/wp-json\/wp\/v2\/users\/1"}],"replies":[{"embeddable":true,"href":"https:\/\/siebententagsbaptisten.org\/de\/wp-json\/wp\/v2\/comments?post=93"}],"version-history":[{"count":11,"href":"https:\/\/siebententagsbaptisten.org\/de\/wp-json\/wp\/v2\/pages\/93\/revisions"}],"predecessor-version":[{"id":3584,"href":"https:\/\/siebententagsbaptisten.org\/de\/wp-json\/wp\/v2\/pages\/93\/revisions\/3584"}],"up":[{"embeddable":true,"href":"https:\/\/siebententagsbaptisten.org\/de\/wp-json\/wp\/v2\/pages\/3047"}],"wp:attachment":[{"href":"https:\/\/siebententagsbaptisten.org\/de\/wp-json\/wp\/v2\/media?parent=93"}],"curies":[{"name":"wp","href":"https:\/\/api.w.org\/{rel}","templated":true}]}}