{"id":94,"date":"2020-07-29T11:20:07","date_gmt":"2020-07-29T09:20:07","guid":{"rendered":"https:\/\/siebententagsbaptisten.org\/?page_id=94"},"modified":"2025-01-20T21:14:19","modified_gmt":"2025-01-20T20:14:19","slug":"glaubensueberzeugungen-der-siebenten-tags-baptisten-international","status":"publish","type":"page","link":"https:\/\/siebententagsbaptisten.org\/de\/das-sind-wir\/glaubensueberzeugungen-der-siebenten-tags-baptisten-international\/","title":{"rendered":"Glaubens\u00fcberzeugungen der Siebenten Tags Baptisten International"},"content":{"rendered":"\n<p><strong>Einleitung<\/strong><br>Siebenten-Tags-Baptisten betrachten die Freiheit der Gedanken unter der Leitung des Heiligen Geistes als unverzichtbar f\u00fcr den christlichen Glauben und seine Aus\u00fcbung. Deshalb ermutigen wir zum ungehinderten Studium und zur offenen Diskussion der Heiligen Schrift. Wir wertsch\u00e4tzen die Gewissensfreiheit des Einzelnen auf der Suche den Willen Gottes zu bestimmen und Ihm zu gehorchen. Die folgenden Aussagen beabsichtigen nicht jeweils ersch\u00f6pfend zu sein, sondern sind ein Ausdruck unseres gemeinsamen Glaubens, der sich aus unserem Verst\u00e4ndnis der Heiligen Schrift ableitet.<br>Siehe 2. Korinther 3:17f. | 2. Timotheus 2:15 | R\u00f6mer 12:2 | Epheser 4:3-6+15 | R\u00f6mer 10:17 | 2. Timotheus 3:16f.<br><strong>(1) Gott<\/strong><br>Wir glauben an einen Gott, unendlich und vollkommen, den Sch\u00f6pfer und Erhalter des Weltalls, der von Ewigkeit her in drei Personen \u2013 Vater, Sohn und Heiliger Geist \u2013 existiert und der das Verlangen hat, Seine Liebe mit jedem Menschen in einer pers\u00f6nlichen Beziehung zu teilen.<br>Siehe 1. Timotheus 1:17 | 5. Mose 6:4 | 1. K\u00f6nige 8:27 | 1. Johannes 1:5 | 1. Mose 1:1f. | Apostelgeschichte 17:24f.+28 | Psalm 90:1f. | Matth\u00e4us 28:19 | Johannes 3:16 | Jesaja 57:15| 2. Petrus 3:9<br>a) Der Vater<br>Wir glauben an Gott den Vater, Herrscher \u00fcber alles, welcher Liebe und Gerechtigkeit ist, indem Er dem reuigen S\u00fcnder vergibt und den reuelosen verdammt.<br>Siehe 1. Korinther 8:6a| Epheser 4:6 | Hesekiel 33:11a | 2. Thessalonicher 1:6-8 | Johannes 5:24 | Johannes 3:16-18<br>b) Der Sohn<br>Wir glauben an Gott den Sohn, der Mensch wurde in Jesus Christus, unseren Herrn und Erl\u00f6ser. Er gab sich selbst am Kreuz als vollkommenes und endg\u00fcltiges Opfer f\u00fcr unsere S\u00fcnden hin. Als unser auferstandener Herr ist er der Mittler zwischen Gott dem Vater und der Menschheit. Wir glauben, dass Jesus Christus Sein Versprechen halten wird, indem er pl\u00f6tzlich, pers\u00f6nlich und sichtbar wiederkommen wird zu einer Zeit, die nur Gott kennt.<br>Siehe Johannes 1:34 | Hebr\u00e4er 1:3 | Johannes 1:14-18| R\u00f6mer 1:3f. | 1. Johannes 3:16 | 1. Petrus 2:24| Hebr\u00e4er 10:10-14 | 1. Korinther 15:20f. | 1. Timotheus 2:5 | Johannes 14:6 | 1. Johannes 2:1f. | Markus 13:32f. | Offenbarung 22:7+12+20<br>c) Der Heilige Geist<br>Wir glauben an Gott den Heiligen Geist, der Helfer, welcher dem Leben der Gl\u00e4ubigen eine geistliche Neugeburt schenkt und so zum Zeugnisgeben und zum Dienst bef\u00e4higt. Wir glauben, dass die Heilige Schrift vom Heiligen Geist inspiriert ist, dass er von S\u00fcnde \u00fcberf\u00fchrt und in der Gerechtigkeit unterweist.<br>Siehe Johannes 14:16 | Johannes 3:5-8 | Johannes 14:17 | R\u00f6mer 5:5 | 1. Korinther 12:4-7 | 2. Petrus 1:20f. | Johannes 16:7-11<br><strong>(2) Die Bibel<\/strong><br>Wir glauben, dass die Bibel das inspirierte Wort Gottes ist und unsere ma\u00dfgebliche Autorit\u00e4t, wenn es um Glaubensinhalte und um Glaubenspraxis geht. Wir sind \u00fcberzeugt, dass Jesus Christus mit Seinem Leben und Seinen Lehren, so wie sie in der Bibel aufgezeichnet sind, der oberste Ausleger von Gottes Willen f\u00fcr die Menschheit ist.<br>Siehe 2. Petrus 1:20f. | R\u00f6mer 3:2b | 2. Petrus 3:1f.+15f. | 2. Timotheus 3:14-17 | Matth\u00e4us 5:17-19 | Psalm 119:105 | Johannes 20:30f. | Hebr\u00e4er 1:1f.<br><strong>(3) Der Mensch<\/strong><br>Wir glauben, dass der Mensch als Ebenbild Gottes geschaffen wurde und deshalb das edelste Werk der Sch\u00f6pfung ist. Wir glauben, dass Menschen eine moralische Verantwortung haben und erschaffen sind um sich sowohl g\u00f6ttlicher als auch menschlicher Gemeinschaft als Kinder Gottes erfreuen zu k\u00f6nnen.<br>Siehe 1. Mose 1:26f. | Psalm 8:3-9 | Micha 6:8 | Matth\u00e4us 5:44-48 | 1. Johannes 1:3 | Johannes 1:12<br><strong>(4) S\u00fcnde und Erl\u00f6sung<\/strong><br>Wir glauben, dass S\u00fcnde Ungehorsam gegen\u00fcber Gott ist und ein Versagen so zu leben, wie es Sein Wille ist. Wegen der S\u00fcnde haben sich alle Menschen selbst von Gott getrennt. Weil wir S\u00fcnder sind, glauben wir, dass wir einen Erl\u00f6ser brauchen. Wir glauben, dass Rettung von S\u00fcnde und Tod Gottes Geschenk ist, das durch die erl\u00f6sende Liebe von Christi Tod und Auferstehung erbracht wurde und nur durch Umkehr zu und Glauben an Ihn empfangen wird. Wir glauben, dass all diejenigen, die ihre S\u00fcnden bereuen und Christus als ihren Erl\u00f6ser annehmen nicht im Gericht am Ende der Zeiten bestraft, sondern sich ewigen Lebens erfreuen werden.<br>Siehe 1. Johannes 3:4f. | R\u00f6mer 3:23-25 | Jesaja 59:2 | 1. Johannes 1:8-10 | R\u00f6mer 5:6-8 | R\u00f6mer 6:23 | Hebr\u00e4er 10:10-14 | 1. Petrus 1:3 | Johannes 3:16-18+36 | Epheser 2:8f. | Johannes 14:6 | Matth\u00e4us 25:41-46 | R\u00f6mer 5:10<br><strong>(5) Ewiges Leben<\/strong><br>Wir glauben, dass Jesus von den Toten auferstanden ist und ewig mit dem Vater lebt, und dass er wiederkommen wird mit Macht und gro\u00dfer Herrlichkeit. Wir glauben, dass das ewige Leben mit der Erkenntnis Gottes durch ein Bekenntnis zu Jesus Christus beginnt. Weil Er starb und wieder lebt, glauben wir, dass die Auferstehung mit einem geistlichen und unverg\u00e4nglichen K\u00f6rper ein Geschenk Gottes an die Gl\u00e4ubigen ist.<br>Siehe 1. Korinther 15:3-4+20-23 | Johannes 14:1-3 | Matth\u00e4us 24:30 | Titus 2:13 | Johannes 17:3 | 1. Johannes 5:11-13 | 1. Korinther 15:42-44 | Johannes 10:27f. | Johannes 6:40<br><strong>(6) Die Gemeinde<\/strong><br>Wir glauben, dass die Gemeinde Gottes aus allen Gl\u00e4ubigen besteht, versammelt durch den Heiligen Geist und zusammengef\u00fcgt zu einem K\u00f6rper, dessen Haupt Christus ist. Wir glauben, dass die Ortsgemeinde eine Lebensgemeinschaft von Gl\u00e4ubigen ist, welche in einem Bundesverh\u00e4ltnis hinsichtlich Anbetung, Gemeinschaft und Gottesdienst organisiert ist. Sie praktiziert und verk\u00fcndet gemeinsame Glaubens\u00fcberzeugungen w\u00e4hrend sie in der Gnade und der Erkenntnis unseres Herrn und Erl\u00f6sers Jesus Christus w\u00e4chst. Wir glauben an das Priestertum aller Gl\u00e4ubigen. W\u00e4hrend die Gemeinde vor Ort Eigenverantwortlichkeit aus\u00fcbt, streben wir danach, mit anderen f\u00fcr effektiveres Zeugnisgeben zusammen zu arbeiten.<br>Siehe Apostelgeschichte 20:28 | 1. Korinther 12:13f.+27 | R\u00f6mer 12:4f. | Kolosser 1:18 | Apostelgeschichte 2:42 | Epheser 2:19-22 | R\u00f6mer 15:5-7 | Epheser 4:11-16 | 2. Petrus 3:18 | 1. Petrus 2:4-10 | Matth\u00e4us 18:20 | Hebr\u00e4er 10:24f.<br><strong>(7) Taufe<\/strong><br>Wir glauben, dass die Taufe von Gl\u00e4ubigen aus Gehorsam gegen\u00fcber Christi Gebot ein Zeugnis der Annahme Jesu Christi als Erl\u00f6ser und Herr ist. Wir glauben an die Taufe durch Untertauchen als Symbol f\u00fcr den Tod der S\u00fcnde, die Zusage eines neuen Lebens in Ihm.<br>Siehe R\u00f6mer 6:3f. | Matth\u00e4us 28:19f. | Apostelgeschichte 2:41 | Kolosser 2:12 | R\u00f6mer 6:11 | Galater 3:26f.<br><strong>(8) Das Abendmahl<\/strong><br>Wir glauben, dass das Abendmahl an das Leiden und den Tod unseres Erl\u00f6sers erinnert bis Er wiederkommt und ein Symbol f\u00fcr die Einheit in Christus ist, ein erneuerter Treueschwur an unseren auferstandenen Herrn.<br>Siehe Markus 14:22-25 | Matth\u00e4us 26:26-29 | 1. Korinther 10:16f. | 1. Korinther 11:23-30<br><strong>(9) Sabbat<\/strong><br>Wir glauben, dass der Sabbat der Bibel, der siebte Tag der Woche, eine heilige Zeit ist, ein Geschenk Gottes an alle Menschen, eingesetzt bei der Sch\u00f6pfung, best\u00e4tigt in den Zehn Geboten und bekr\u00e4ftigt in den Lehren und dem Beispiel Jesu und der Apostel. Wir glauben, dass das Geschenk der Sabbatruhe eine Erfahrung von Gottes ewiger Anwesenheit bei Seinem Volk ist. Wir glauben, dass, im Gehorsam Gott gegen\u00fcber und als liebende Antwort an Seine Gnade in Christus, der Sabbat gewissenhaft als ein Tag der Ruhe, der Anbetung und der Feierlichkeit beachtet werden soll.<br>Siehe 1. Mose 2:2f. | 2. Mose 16:23-30 | 2. Mose 20:8-11 | Matth\u00e4us 5:17-19 | Markus 2:27f. | Lukas 4:16 | Apostelgeschichte 13:14+42-44 | Apostelgeschichte 16:11-13 | Apostelgeschichte 17:2f. | Apostelgeschichte 18:4-11 | Hesekiel 20:19f. | Hebr\u00e4er 4:9f. | Johannes 14:15 | Jesaja 58:13f. | Lukas 23:56<br><strong>(10) Verk\u00fcndigung<\/strong><br>Wir glauben, dass Jesus Christus uns den Auftrag gegeben hat, das Evangelium zu verk\u00fcndigen, J\u00fcnger zu machen, zu taufen und zu lehren alles zu befolgen, was er uns befohlen hat. Wir sind dazu berufen, weltweit und in allen zwischenmenschlichen Beziehungen Zeugen f\u00fcr Christus zu sein.<br>Siehe Matth\u00e4us 24:14 | Apostelgeschichte 1:8 | Matth\u00e4us 28:18-20 | 2. Korinther 4:1f.+5f. | 1. Petrus 3:15 | 2. Korinther 5:17-20 | Epheser 6:14-20<\/p>\n","protected":false},"excerpt":{"rendered":"<p>EinleitungSiebenten-Tags-Baptisten betrachten die Freiheit der Gedanken unter der Leitung des Heiligen Geistes als unverzichtbar f\u00fcr den christlichen Glauben und seine Aus\u00fcbung. Deshalb ermutigen wir zum ungehinderten Studium und zur offenen Diskussion der Heiligen Schrift. Wir wertsch\u00e4tzen die Gewissensfreiheit des Einzelnen auf der Suche den Willen Gottes zu bestimmen und Ihm zu gehorchen. Die folgenden Aussagen [&hellip;]<\/p>\n","protected":false},"author":1,"featured_media":0,"parent":3047,"menu_order":3,"comment_status":"closed","ping_status":"closed","template":"","meta":{"site-sidebar-layout":"default","site-content-layout":"default","ast-site-content-layout":"default","site-content-style":"default","site-sidebar-style":"default","ast-global-header-display":"","ast-banner-title-visibility":"","ast-main-header-display":"","ast-hfb-above-header-display":"","ast-hfb-below-header-display":"","ast-hfb-mobile-header-display":"","site-post-title":"","ast-breadcrumbs-content":"","ast-featured-img":"","footer-sml-layout":"","ast-disable-related-posts":"","theme-transparent-header-meta":"default","adv-header-id-meta":"","stick-header-meta":"","header-above-stick-meta":"","header-main-stick-meta":"","header-below-stick-meta":"","astra-migrate-meta-layouts":"default","ast-page-background-enabled":"default","ast-page-background-meta":{"desktop":{"background-color":"","background-image":"","background-repeat":"repeat","background-position":"center center","background-size":"auto","background-attachment":"scroll","background-type":"","background-media":"","overlay-type":"","overlay-color":"","overlay-opacity":"","overlay-gradient":""},"tablet":{"background-color":"","background-image":"","background-repeat":"repeat","background-position":"center center","background-size":"auto","background-attachment":"scroll","background-type":"","background-media":"","overlay-type":"","overlay-color":"","overlay-opacity":"","overlay-gradient":""},"mobile":{"background-color":"","background-image":"","background-repeat":"repeat","background-position":"center center","background-size":"auto","background-attachment":"scroll","background-type":"","background-media":"","overlay-type":"","overlay-color":"","overlay-opacity":"","overlay-gradient":""}},"ast-content-background-meta":{"desktop":{"background-color":"var(--ast-global-color-5)","background-image":"","background-repeat":"repeat","background-position":"center center","background-size":"auto","background-attachment":"scroll","background-type":"","background-media":"","overlay-type":"","overlay-color":"","overlay-opacity":"","overlay-gradient":""},"tablet":{"background-color":"var(--ast-global-color-5)","background-image":"","background-repeat":"repeat","background-position":"center center","background-size":"auto","background-attachment":"scroll","background-type":"","background-media":"","overlay-type":"","overlay-color":"","overlay-opacity":"","overlay-gradient":""},"mobile":{"background-color":"var(--ast-global-color-5)","background-image":"","background-repeat":"repeat","background-position":"center center","background-size":"auto","background-attachment":"scroll","background-type":"","background-media":"","overlay-type":"","overlay-color":"","overlay-opacity":"","overlay-gradient":""}},"footnotes":""},"class_list":["post-94","page","type-page","status-publish","hentry"],"_links":{"self":[{"href":"https:\/\/siebententagsbaptisten.org\/de\/wp-json\/wp\/v2\/pages\/94","targetHints":{"allow":["GET"]}}],"collection":[{"href":"https:\/\/siebententagsbaptisten.org\/de\/wp-json\/wp\/v2\/pages"}],"about":[{"href":"https:\/\/siebententagsbaptisten.org\/de\/wp-json\/wp\/v2\/types\/page"}],"author":[{"embeddable":true,"href":"https:\/\/siebententagsbaptisten.org\/de\/wp-json\/wp\/v2\/users\/1"}],"replies":[{"embeddable":true,"href":"https:\/\/siebententagsbaptisten.org\/de\/wp-json\/wp\/v2\/comments?post=94"}],"version-history":[{"count":6,"href":"https:\/\/siebententagsbaptisten.org\/de\/wp-json\/wp\/v2\/pages\/94\/revisions"}],"predecessor-version":[{"id":2086,"href":"https:\/\/siebententagsbaptisten.org\/de\/wp-json\/wp\/v2\/pages\/94\/revisions\/2086"}],"up":[{"embeddable":true,"href":"https:\/\/siebententagsbaptisten.org\/de\/wp-json\/wp\/v2\/pages\/3047"}],"wp:attachment":[{"href":"https:\/\/siebententagsbaptisten.org\/de\/wp-json\/wp\/v2\/media?parent=94"}],"curies":[{"name":"wp","href":"https:\/\/api.w.org\/{rel}","templated":true}]}}