{"id":108,"date":"2020-07-29T11:23:25","date_gmt":"2020-07-29T09:23:25","guid":{"rendered":"https:\/\/siebententagsbaptisten.org\/?page_id=108"},"modified":"2020-09-15T21:38:47","modified_gmt":"2020-09-15T19:38:47","slug":"mitarbeit","status":"publish","type":"page","link":"https:\/\/siebententagsbaptisten.org\/en\/gemeindegruendung\/mitarbeit\/","title":{"rendered":"Participation"},"content":{"rendered":"<p>The Bible, God's Word, shows us that God can fundamentally use every person as His tool, regardless of education, social status, origin, gender and personal history.<\/p>\n\n\n\n<p>For Seventh-day Baptists, the creation of new groups, meetings and ultimately congregations in Germany is their most urgent goal and greatest concern.<\/p>\n\n\n\n<p>As Seventh-day Baptists, we lead our congregations and meetings independently. At the same time, we are aware of our responsibility and love for one another. Ideally, we are in close contact and exchange information with one another. <strong>If this is also your concern and you feel God\u2019s call, you are cordially invited to participate.<\/strong><\/p>\n\n\n\n<p>You are expected to...<br><span class=\"has-inline-color has-vivid-red-color\">... be a converted and born-again Christian.<br>\u2026 have been baptized through immersion based on your own mature decision.<br>... have a personal relationship with our Lord Jesus.<br>... be proficient with using the Holy Bible.<br>\u2026 agree in writing to the beliefs of the Seventh-day Baptists (international and in Germany) listed on this website<\/span><\/p>\n\n\n\n<p>If you meet these requirements, please contact us: info@siebententagsbaptisten.org<\/p>","protected":false},"excerpt":{"rendered":"<p>Die Bibel, Gottes Wort, zeigt uns, dass Gott grunds\u00e4tzlich jeden Menschen als Sein Werkzeug gebrauchen kann, unabh\u00e4ngig vom Bildungsweg, sozialen Status, Herkunft, Geschlecht und pers\u00f6nlichen Werdegang. Siebenten Tags Baptisten ist die Neuentstehung von Gruppen, Versammlungen und schlussendlich Gemeinden in Deutschland dringendstes Ziel und gr\u00f6\u00dftes Anliegen. Als Siebenten Tags Baptisten f\u00fchren wir unsere Gemeinden bzw. Versammlungen [&hellip;]<\/p>\n","protected":false},"author":1,"featured_media":0,"parent":54,"menu_order":1,"comment_status":"closed","ping_status":"closed","template":"","meta":{"site-sidebar-layout":"default","site-content-layout":"default","ast-site-content-layout":"default","site-content-style":"default","site-sidebar-style":"default","ast-global-header-display":"","ast-banner-title-visibility":"","ast-main-header-display":"","ast-hfb-above-header-display":"","ast-hfb-below-header-display":"","ast-hfb-mobile-header-display":"","site-post-title":"","ast-breadcrumbs-content":"","ast-featured-img":"","footer-sml-layout":"","ast-disable-related-posts":"","theme-transparent-header-meta":"default","adv-header-id-meta":"","stick-header-meta":"","header-above-stick-meta":"","header-main-stick-meta":"","header-below-stick-meta":"","astra-migrate-meta-layouts":"default","ast-page-background-enabled":"default","ast-page-background-meta":{"desktop":{"background-color":"","background-image":"","background-repeat":"repeat","background-position":"center center","background-size":"auto","background-attachment":"scroll","background-type":"","background-media":"","overlay-type":"","overlay-color":"","overlay-opacity":"","overlay-gradient":""},"tablet":{"background-color":"","background-image":"","background-repeat":"repeat","background-position":"center center","background-size":"auto","background-attachment":"scroll","background-type":"","background-media":"","overlay-type":"","overlay-color":"","overlay-opacity":"","overlay-gradient":""},"mobile":{"background-color":"","background-image":"","background-repeat":"repeat","background-position":"center center","background-size":"auto","background-attachment":"scroll","background-type":"","background-media":"","overlay-type":"","overlay-color":"","overlay-opacity":"","overlay-gradient":""}},"ast-content-background-meta":{"desktop":{"background-color":"var(--ast-global-color-5)","background-image":"","background-repeat":"repeat","background-position":"center center","background-size":"auto","background-attachment":"scroll","background-type":"","background-media":"","overlay-type":"","overlay-color":"","overlay-opacity":"","overlay-gradient":""},"tablet":{"background-color":"var(--ast-global-color-5)","background-image":"","background-repeat":"repeat","background-position":"center center","background-size":"auto","background-attachment":"scroll","background-type":"","background-media":"","overlay-type":"","overlay-color":"","overlay-opacity":"","overlay-gradient":""},"mobile":{"background-color":"var(--ast-global-color-5)","background-image":"","background-repeat":"repeat","background-position":"center center","background-size":"auto","background-attachment":"scroll","background-type":"","background-media":"","overlay-type":"","overlay-color":"","overlay-opacity":"","overlay-gradient":""}},"footnotes":""},"class_list":["post-108","page","type-page","status-publish","hentry"],"_links":{"self":[{"href":"https:\/\/siebententagsbaptisten.org\/en\/wp-json\/wp\/v2\/pages\/108","targetHints":{"allow":["GET"]}}],"collection":[{"href":"https:\/\/siebententagsbaptisten.org\/en\/wp-json\/wp\/v2\/pages"}],"about":[{"href":"https:\/\/siebententagsbaptisten.org\/en\/wp-json\/wp\/v2\/types\/page"}],"author":[{"embeddable":true,"href":"https:\/\/siebententagsbaptisten.org\/en\/wp-json\/wp\/v2\/users\/1"}],"replies":[{"embeddable":true,"href":"https:\/\/siebententagsbaptisten.org\/en\/wp-json\/wp\/v2\/comments?post=108"}],"version-history":[{"count":8,"href":"https:\/\/siebententagsbaptisten.org\/en\/wp-json\/wp\/v2\/pages\/108\/revisions"}],"predecessor-version":[{"id":1601,"href":"https:\/\/siebententagsbaptisten.org\/en\/wp-json\/wp\/v2\/pages\/108\/revisions\/1601"}],"up":[{"embeddable":true,"href":"https:\/\/siebententagsbaptisten.org\/en\/wp-json\/wp\/v2\/pages\/54"}],"wp:attachment":[{"href":"https:\/\/siebententagsbaptisten.org\/en\/wp-json\/wp\/v2\/media?parent=108"}],"curies":[{"name":"wp","href":"https:\/\/api.w.org\/{rel}","templated":true}]}}