{"id":160,"date":"2020-07-29T11:45:09","date_gmt":"2020-07-29T09:45:09","guid":{"rendered":"https:\/\/siebententagsbaptisten.org\/?page_id=160"},"modified":"2020-09-14T20:47:32","modified_gmt":"2020-09-14T18:47:32","slug":"heilsgewissheit","status":"publish","type":"page","link":"https:\/\/siebententagsbaptisten.org\/en\/materialien\/kurzandachten\/heilsgewissheit\/","title":{"rendered":"Certainty of Salvation"},"content":{"rendered":"<p>D\u00fcrfen wir Heilsgewissheit haben? Ja, das d\u00fcrfen wir, wenn wir durch Glauben Jesus als unseren pers\u00f6nlichen Erl\u00f6ser angenommen haben. Sein Opfer am Kreuz von Golgatha spricht uns gerecht, das hei\u00dft es reinigt uns von ALLER S\u00fcnde.<br>Wie wissen wir, ob wir ewiges Leben haben? Wenn wir Heilsgewissheit haben, wissen wir wirklich, dass wir ewiges Leben haben.<br>Ist es anma\u00dfend anzunehmen, dass wir tats\u00e4chlich Heilige sind? Nein, das ist es nicht. Wenn unsere S\u00fcnden durch das Blut Jesu reingewaschen sind, k\u00f6nnen wir vor Gott als gerechtfertigte und daher s\u00fcndlose Wesen erscheinen. Wir sind heilig geworden, daher sind wir echte Heilige! Wir sollten uns dieses enormen Vorrechts bewusst sein!<\/p>","protected":false},"excerpt":{"rendered":"<p>D\u00fcrfen wir Heilsgewissheit haben? Ja, das d\u00fcrfen wir, wenn wir durch Glauben Jesus als unseren pers\u00f6nlichen Erl\u00f6ser angenommen haben. Sein Opfer am Kreuz von Golgatha spricht uns gerecht, das hei\u00dft es reinigt uns von ALLER S\u00fcnde.Wie wissen wir, ob wir ewiges Leben haben? Wenn wir Heilsgewissheit haben, wissen wir wirklich, dass wir ewiges Leben haben.Ist [&hellip;]<\/p>\n","protected":false},"author":1,"featured_media":0,"parent":143,"menu_order":2,"comment_status":"closed","ping_status":"closed","template":"","meta":{"site-sidebar-layout":"default","site-content-layout":"default","ast-site-content-layout":"default","site-content-style":"default","site-sidebar-style":"default","ast-global-header-display":"","ast-banner-title-visibility":"","ast-main-header-display":"","ast-hfb-above-header-display":"","ast-hfb-below-header-display":"","ast-hfb-mobile-header-display":"","site-post-title":"","ast-breadcrumbs-content":"","ast-featured-img":"","footer-sml-layout":"","ast-disable-related-posts":"","theme-transparent-header-meta":"default","adv-header-id-meta":"","stick-header-meta":"","header-above-stick-meta":"","header-main-stick-meta":"","header-below-stick-meta":"","astra-migrate-meta-layouts":"default","ast-page-background-enabled":"default","ast-page-background-meta":{"desktop":{"background-color":"","background-image":"","background-repeat":"repeat","background-position":"center center","background-size":"auto","background-attachment":"scroll","background-type":"","background-media":"","overlay-type":"","overlay-color":"","overlay-opacity":"","overlay-gradient":""},"tablet":{"background-color":"","background-image":"","background-repeat":"repeat","background-position":"center center","background-size":"auto","background-attachment":"scroll","background-type":"","background-media":"","overlay-type":"","overlay-color":"","overlay-opacity":"","overlay-gradient":""},"mobile":{"background-color":"","background-image":"","background-repeat":"repeat","background-position":"center center","background-size":"auto","background-attachment":"scroll","background-type":"","background-media":"","overlay-type":"","overlay-color":"","overlay-opacity":"","overlay-gradient":""}},"ast-content-background-meta":{"desktop":{"background-color":"var(--ast-global-color-5)","background-image":"","background-repeat":"repeat","background-position":"center center","background-size":"auto","background-attachment":"scroll","background-type":"","background-media":"","overlay-type":"","overlay-color":"","overlay-opacity":"","overlay-gradient":""},"tablet":{"background-color":"var(--ast-global-color-5)","background-image":"","background-repeat":"repeat","background-position":"center center","background-size":"auto","background-attachment":"scroll","background-type":"","background-media":"","overlay-type":"","overlay-color":"","overlay-opacity":"","overlay-gradient":""},"mobile":{"background-color":"var(--ast-global-color-5)","background-image":"","background-repeat":"repeat","background-position":"center center","background-size":"auto","background-attachment":"scroll","background-type":"","background-media":"","overlay-type":"","overlay-color":"","overlay-opacity":"","overlay-gradient":""}},"footnotes":""},"class_list":["post-160","page","type-page","status-publish","hentry"],"_links":{"self":[{"href":"https:\/\/siebententagsbaptisten.org\/en\/wp-json\/wp\/v2\/pages\/160","targetHints":{"allow":["GET"]}}],"collection":[{"href":"https:\/\/siebententagsbaptisten.org\/en\/wp-json\/wp\/v2\/pages"}],"about":[{"href":"https:\/\/siebententagsbaptisten.org\/en\/wp-json\/wp\/v2\/types\/page"}],"author":[{"embeddable":true,"href":"https:\/\/siebententagsbaptisten.org\/en\/wp-json\/wp\/v2\/users\/1"}],"replies":[{"embeddable":true,"href":"https:\/\/siebententagsbaptisten.org\/en\/wp-json\/wp\/v2\/comments?post=160"}],"version-history":[{"count":4,"href":"https:\/\/siebententagsbaptisten.org\/en\/wp-json\/wp\/v2\/pages\/160\/revisions"}],"predecessor-version":[{"id":1488,"href":"https:\/\/siebententagsbaptisten.org\/en\/wp-json\/wp\/v2\/pages\/160\/revisions\/1488"}],"up":[{"embeddable":true,"href":"https:\/\/siebententagsbaptisten.org\/en\/wp-json\/wp\/v2\/pages\/143"}],"wp:attachment":[{"href":"https:\/\/siebententagsbaptisten.org\/en\/wp-json\/wp\/v2\/media?parent=160"}],"curies":[{"name":"wp","href":"https:\/\/api.w.org\/{rel}","templated":true}]}}