{"id":161,"date":"2020-07-29T11:44:54","date_gmt":"2020-07-29T09:44:54","guid":{"rendered":"https:\/\/siebententagsbaptisten.org\/?page_id=161"},"modified":"2020-09-14T20:45:55","modified_gmt":"2020-09-14T18:45:55","slug":"wie-werde-ich-gerettet","status":"publish","type":"page","link":"https:\/\/siebententagsbaptisten.org\/en\/materialien\/kurzandachten\/wie-werde-ich-gerettet\/","title":{"rendered":"How to be Saved"},"content":{"rendered":"<p>Viele Menschen setzen die Mitgliedschaft in einer bestimmten Kirche der Errettung gleich, wohingegen die Bibel etwas andres lehrt. Du musst dich bekehren (d.h. der S\u00fcnde absagen), neu geboren (d.h. Jesus als deinen pers\u00f6nlichen Erl\u00f6ser annehmen) und getauft werden (beachte die Reihenfolge), um ein aufrichtiger Nachfolger des Herrn zu werden. Dann sind deine S\u00fcnden wirklich vergeben und du hast tats\u00e4chlich ewiges Leben! Es gibt KEIN Gericht f\u00fcr die, welche an Jesus glauben: \u201eWahrlich, wahrlich, ich sage euch: Wer mein Wort h\u00f6rt und dem glaubt, der mich gesandt hat, der hat ewiges Leben und kommt nicht in Gericht, sondern er ist vom Tod zum Leben hindurchgedrungen.\u201c (Johannes 5:24)<\/p>","protected":false},"excerpt":{"rendered":"<p>Viele Menschen setzen die Mitgliedschaft in einer bestimmten Kirche der Errettung gleich, wohingegen die Bibel etwas andres lehrt. Du musst dich bekehren (d.h. der S\u00fcnde absagen), neu geboren (d.h. Jesus als deinen pers\u00f6nlichen Erl\u00f6ser annehmen) und getauft werden (beachte die Reihenfolge), um ein aufrichtiger Nachfolger des Herrn zu werden. Dann sind deine S\u00fcnden wirklich vergeben [&hellip;]<\/p>\n","protected":false},"author":1,"featured_media":0,"parent":143,"menu_order":1,"comment_status":"closed","ping_status":"closed","template":"","meta":{"site-sidebar-layout":"default","site-content-layout":"default","ast-site-content-layout":"default","site-content-style":"default","site-sidebar-style":"default","ast-global-header-display":"","ast-banner-title-visibility":"","ast-main-header-display":"","ast-hfb-above-header-display":"","ast-hfb-below-header-display":"","ast-hfb-mobile-header-display":"","site-post-title":"","ast-breadcrumbs-content":"","ast-featured-img":"","footer-sml-layout":"","ast-disable-related-posts":"","theme-transparent-header-meta":"default","adv-header-id-meta":"","stick-header-meta":"","header-above-stick-meta":"","header-main-stick-meta":"","header-below-stick-meta":"","astra-migrate-meta-layouts":"default","ast-page-background-enabled":"default","ast-page-background-meta":{"desktop":{"background-color":"","background-image":"","background-repeat":"repeat","background-position":"center center","background-size":"auto","background-attachment":"scroll","background-type":"","background-media":"","overlay-type":"","overlay-color":"","overlay-opacity":"","overlay-gradient":""},"tablet":{"background-color":"","background-image":"","background-repeat":"repeat","background-position":"center center","background-size":"auto","background-attachment":"scroll","background-type":"","background-media":"","overlay-type":"","overlay-color":"","overlay-opacity":"","overlay-gradient":""},"mobile":{"background-color":"","background-image":"","background-repeat":"repeat","background-position":"center center","background-size":"auto","background-attachment":"scroll","background-type":"","background-media":"","overlay-type":"","overlay-color":"","overlay-opacity":"","overlay-gradient":""}},"ast-content-background-meta":{"desktop":{"background-color":"var(--ast-global-color-5)","background-image":"","background-repeat":"repeat","background-position":"center center","background-size":"auto","background-attachment":"scroll","background-type":"","background-media":"","overlay-type":"","overlay-color":"","overlay-opacity":"","overlay-gradient":""},"tablet":{"background-color":"var(--ast-global-color-5)","background-image":"","background-repeat":"repeat","background-position":"center center","background-size":"auto","background-attachment":"scroll","background-type":"","background-media":"","overlay-type":"","overlay-color":"","overlay-opacity":"","overlay-gradient":""},"mobile":{"background-color":"var(--ast-global-color-5)","background-image":"","background-repeat":"repeat","background-position":"center center","background-size":"auto","background-attachment":"scroll","background-type":"","background-media":"","overlay-type":"","overlay-color":"","overlay-opacity":"","overlay-gradient":""}},"footnotes":""},"class_list":["post-161","page","type-page","status-publish","hentry"],"_links":{"self":[{"href":"https:\/\/siebententagsbaptisten.org\/en\/wp-json\/wp\/v2\/pages\/161","targetHints":{"allow":["GET"]}}],"collection":[{"href":"https:\/\/siebententagsbaptisten.org\/en\/wp-json\/wp\/v2\/pages"}],"about":[{"href":"https:\/\/siebententagsbaptisten.org\/en\/wp-json\/wp\/v2\/types\/page"}],"author":[{"embeddable":true,"href":"https:\/\/siebententagsbaptisten.org\/en\/wp-json\/wp\/v2\/users\/1"}],"replies":[{"embeddable":true,"href":"https:\/\/siebententagsbaptisten.org\/en\/wp-json\/wp\/v2\/comments?post=161"}],"version-history":[{"count":3,"href":"https:\/\/siebententagsbaptisten.org\/en\/wp-json\/wp\/v2\/pages\/161\/revisions"}],"predecessor-version":[{"id":1486,"href":"https:\/\/siebententagsbaptisten.org\/en\/wp-json\/wp\/v2\/pages\/161\/revisions\/1486"}],"up":[{"embeddable":true,"href":"https:\/\/siebententagsbaptisten.org\/en\/wp-json\/wp\/v2\/pages\/143"}],"wp:attachment":[{"href":"https:\/\/siebententagsbaptisten.org\/en\/wp-json\/wp\/v2\/media?parent=161"}],"curies":[{"name":"wp","href":"https:\/\/api.w.org\/{rel}","templated":true}]}}