{"id":3,"date":"2020-07-28T09:35:44","date_gmt":"2020-07-28T07:35:44","guid":{"rendered":"https:\/\/siebententagsbaptisten.org\/?page_id=3"},"modified":"2020-09-10T14:18:33","modified_gmt":"2020-09-10T12:18:33","slug":"datenschutzerklaerung","status":"publish","type":"page","link":"https:\/\/siebententagsbaptisten.org\/en\/datenschutzerklaerung\/","title":{"rendered":"Datenschutzerkl\u00e4rung <br>nach der DSGVO"},"content":{"rendered":"<p>Der Schutz Ihrer pers\u00f6nlichen Daten ist uns ein besonderes Anliegen. Wir erheben und verarbeiten Ihre Daten daher ausschlie\u00dflich auf Grundlage der gesetzlichen Bestimmungen, insbesondere den Bestimmungen des BDSG neu sowie der DSGVO. In diesen Datenschutzinformationen informieren wir Sie \u00fcber die wichtigsten Aspekte der Datenverarbeitung im Rahmen unserer Website.<\/p>\n\n\n\n<p>Nachfolgend m\u00f6chten wir Sie im Einzelnen dar\u00fcber informieren, welche Daten wir zu welchem Zweck erheben, verarbeiten und nutzen und wie Sie diesen Datenverarbeitungen widersprechen k\u00f6nnen.<\/p>\n\n\n\n<h3 class=\"wp-block-heading\">Name und Anschrift des Verantwortlichen<\/h3>\n\n\n\n<p>Die verantwortliche Stelle f\u00fcr die Datenverarbeitung ist<\/p>\n\n\n\n<p><strong>Siebenten-Tags-Baptisten Emden<br><\/strong>Dieter Kim<br>Sonnenblumenstr. 37<br>26725 Emden<\/p>\n\n\n\n<p>Telefon: 04921-9068396<br>E-Mail: info@siebententagsbaptisten.org<br>Web: www.siebententagsbaptisten.org<\/p>\n\n\n\n<h3><ol style=\"list-style-type: upper-latin; margin-left: 35px;\"><li>Allgemeines zur Datenverarbeitung \/ <br>Bereitstellung der Website und Erstellung von Logfiles<\/li><\/ol><\/h3>\n\n\n\n<h4>1. Umfang der Verarbeitung personenbezogener Daten<\/h4><br>\n\n\n\n<h5 class=\"wp-block-heading\"><strong>Serverseitige Speicherung von Logfiles und IP-Adressen<\/strong><\/h5>\n\n\n\n<p>Unser Hostingdienstleister mit Sitz und Verarbeitung in Deutschland, ist zur Speicherung von Logfiles und IP-Adressen gesetzlich verpflichtet. Die Speicherdauer betr\u00e4gt 7 Tage.<\/p>\n\n\n\n<h5 class=\"wp-block-heading\"><strong>Innerhalb unseres Server-Accounts<\/strong><\/h5>\n\n\n\n<p>Bei jedem Aufruf unserer Internetseite erfasst unser System zur Darstellung unserer HTML-Seiten automatisiert Daten und Informationen vom Computersystem des aufrufenden Rechners.<\/p>\n\n\n\n<p>Folgende Daten werden hierbei erhoben:<\/p>\n\n\n\n<ul class=\"wp-block-list\"><li>Informationen \u00fcber den Browsertyp und die verwendete Version<\/li><li>Das Betriebssystem des Nutzers<\/li><li>Den Internet-Service-Provider des Nutzers<\/li><li>Die IP-Adresse des Nutzers<\/li><li>Datum und Uhrzeit des Zugriffs<\/li><li>Websites, von denen das System des Nutzers auf unsere Internetseite gelangt<\/li><li>Websites, die vom System des Nutzers \u00fcber unsere Website aufgerufen werden<\/li><\/ul>\n\n\n\n<p>Eine Speicherung dieser Daten zusammen mit anderen personenbezogenen Daten des Nutzers findet nicht statt.<\/p>\n\n\n\n<div style=\"border: solid 2px black; padding: 20px 20px 0 20px; margin-bottom: 40px;\">\n<p style=\"font-weight: bold;\">\nBei Ihrer Kontaktaufnahme mit uns per E-Mail (Bewerbungen, Anfragen usw.) werden die von Ihnen mitgeteilten Daten (Ihre E-Mail-Adresse, Ihr Name) von uns gespeichert, um Ihre Fragen zu beantworten. Die Angabe weiterer Informationen ist freiwillig und erleichtert uns lediglich die Kontaktaufnahme zur Beantwortung Ihrer Anfrage. Die in diesem Zusammenhang anfallenden Daten l\u00f6schen wir, nachdem die Speicherung nicht mehr erforderlich ist, oder schr\u00e4nken die Verarbeitung ein, falls gesetzliche Aufbewahrungspflichten bestehen. Rechtsgrundlage f\u00fcr die Verarbeitung ist Art 6 I 1 b) DS-GVO.\n<\/p>\n<\/div>\n\n\n\n<h4 class=\"wp-block-heading\">2. Rechtsgrundlage f\u00fcr die Verarbeitung personenbezogener Daten<\/h4>\n\n\n\n<p>Soweit wir f\u00fcr Verarbeitungsvorg\u00e4nge personenbezogener Daten eine Einwilligung der betroffenen Person einholen, dient Art. 6 Abs. 1 lit. a EU-Datenschutzgrundverordnung (DSGVO) als Rechtsgrundlage.<\/p>\n\n\n\n<p>Bei der Verarbeitung von personenbezogenen Daten, die zur Erf\u00fcllung eines Vertrages, dessen Vertragspartei die betroffene Person ist, erforderlich ist, dient Art. 6 Abs. 1 lit. b DSGVO als Rechtsgrundlage. Dies gilt auch f\u00fcr Verarbeitungsvorg\u00e4nge, die zur Durchf\u00fchrung vorvertraglicher Ma\u00dfnahmen erforderlich sind.<\/p>\n\n\n\n<p>Soweit eine Verarbeitung personenbezogener Daten zur Erf\u00fcllung einer rechtlichen Verpflichtung erforderlich ist, der unser Unternehmen unterliegt, dient Art. 6 Abs. 1 lit. c DSGVO als Rechtsgrundlage.<\/p>\n\n\n\n<p>F\u00fcr den Fall, dass lebenswichtige Interessen der betroffenen Person oder einer anderen nat\u00fcrlichen Person eine Verarbeitung personenbezogener Daten erforderlich machen, dient Art. 6 Abs. 1 lit. d DSGVO als Rechtsgrundlage.<\/p>\n\n\n\n<p>Ist die Verarbeitung zur Wahrung eines berechtigten Interesses unseres Unternehmens oder eines Dritten erforderlich und \u00fcberwiegen die Interessen, Grundrechte und Grundfreiheiten des Betroffenen das erstgenannte Interesse nicht, so dient Art. 6 Abs. 1 lit. f DSGVO als Rechtsgrundlage f\u00fcr die Verarbeitung.<\/p>\n\n\n\n<h4 class=\"wp-block-heading\">3. Datenl\u00f6schung und Speicherdauer<\/h4>\n\n\n\n<p>Die personenbezogenen Daten der betroffenen Person werden gel\u00f6scht oder gesperrt, sobald der Zweck der Speicherung entf\u00e4llt. Eine Speicherung kann dar\u00fcber hinaus erfolgen, wenn dies durch den europ\u00e4ischen oder nationalen Gesetzgeber in unionsrechtlichen Verordnungen, Gesetzen oder sonstigen Vorschriften, denen der Verantwortliche unterliegt, vorgesehen wurde. Eine Sperrung oder L\u00f6schung der Daten erfolgt auch dann, wenn eine durch die genannten Normen vorgeschriebene Speicherfrist abl\u00e4uft, es sei denn, dass eine Erforderlichkeit zur weiteren Speicherung der Daten f\u00fcr einen Vertragsabschluss oder eine Vertragserf\u00fcllung besteht.<\/p>\n\n\n\n<h4 class=\"wp-block-heading\">4. Beschreibung und Umfang der Datenverarbeitung<\/h4>\n\n\n\n<p>Bei dem Aufruf unserer Internetseite werden keine Daten Betroffener gespeichert bzw. verarbeitet.<\/p>\n\n\n\n<p>Wir verarbeiten personenbezogene Daten von Betroffenen grunds\u00e4tzlich nur, soweit wir diese freiwillig bzw. nach Absprache per E-Mail oder per Post erhalten. Sie erfolgt nur nach Einwilligung des Nutzers. Eine Ausnahme gilt in solchen F\u00e4llen, in denen die Verarbeitung der Daten durch gesetzliche Vorschriften gestattet ist.<\/p>\n\n\n\n<div style=\"border: solid 2px black; padding: 20px 20px 0 20px; margin-bottom: 40px;\">\n<ol style=\"font-weight: bold; list-style-type: upper-latin; margin-left: 20px;\">\n<li>Bei Ihrer Kontaktaufnahme mit uns per E-Mail (Bewerbungen, Anfragen usw.) werden die von Ihnen mitgeteilten Daten (Ihre E-Mail-Adresse, Ihr Name) von uns gespeichert, um Ihre Fragen zu beantworten. Die Angabe weiterer Informationen ist freiwillig und erleichtert uns lediglich die Kontaktaufnahme zur Beantwortung Ihrer Anfrage. Die in diesem Zusammenhang anfallenden Daten l\u00f6schen wir, nachdem die Speicherung nicht mehr erforderlich ist, oder schr\u00e4nken die Verarbeitung ein, falls gesetzliche Aufbewahrungspflichten bestehen. Rechtsgrundlage f\u00fcr die Verarbeitung ist Art 6 I 1 b) DS-GVO.\n<\/li><br>\n<li>Soweit wir die Verarbeitung Ihrer personenbezogenen Daten auf die Interessenabw\u00e4gung st\u00fctzen, k\u00f6nnen Sie Widerspruch gegen die Verarbeitung einlegen. Dies ist der Fall, wenn die Verarbeitung insbesondere nicht zur Erf\u00fcllung eines Vertrags mit Ihnen erforderlich ist, was von uns jeweils bei der nachfolgenden Beschreibung der Funktionen dargestellt wird. Bei Aus\u00fcbung eines solchen Widerspruchs bitten wir um Darlegung der Gr\u00fcnde, weshalb wir Ihre personenbezogenen Daten nicht wie von uns durchgef\u00fchrt verarbeiten sollten. Im Falle Ihres begr\u00fcndeten Widerspruchs pr\u00fcfen wir die Sachlage und werden entweder die Datenverarbeitung einstellen bzw. anpassen oder Ihnen unsere zwingenden schutzw\u00fcrdigen Gr\u00fcnde aufzeigen, aufgrund derer wir die Verarbeitung fortf\u00fchren.\n<\/li><br>\n\n<li>Selbstverst\u00e4ndlich k\u00f6nnen Sie der Verarbeitung Ihrer personenbezogenen Daten f\u00fcr Zwecke der Werbung und Datenanalyse jederzeit widersprechen. \u00dcber Ihren Werbewiderspruch k\u00f6nnen Sie uns unter folgenden Kontaktdaten informieren:\n<\/li>\n<\/ol>\n\n<p><strong>Siebenten-Tags-Baptisten Emden<\/strong><br>\nDieter Kim<br>\nSonnenblumenstr. 37<br>\n26725 Emden<\/p>\n\n<p>Telefon: 04921-9068396<br>\nE-Mail: info@siebententagsbaptisten.org<br>\nWeb:  www.siebententagsbaptisten.org<\/p>\n<\/div>\n\n\n\n<h3 class=\"wp-block-heading\">B) Verwendung von Cookies<\/h3>\n\n\n\n<p><strong>Unsere Webseite verwendet keine Cookies.<\/strong><\/p>\n\n\n\n<h3 class=\"wp-block-heading\">C) SSL-Verschl\u00fcsselung<\/h3>\n\n\n\n<p>F\u00fcr die \u00dcbertragung von Daten Ihres Browsers zu unserem Server und ggf. zu Severn, die Daten bereitstellen, die wir in unseren Contentbereich einbinden, nutzt unserer Webseite eine sogenannte SSL-Verschl\u00fcsselung (Secure Socket Layer). Die Daten werden verschl\u00fcsselt und nicht ver\u00e4nderbar \u00fcbertragen. Der Absender kann identifiziert werden.<\/p>\n\n\n\n<h3 class=\"wp-block-heading\">D) Rechte der betroffenen Person<\/h3>\n\n\n\n<p>Werden personenbezogene Daten von Ihnen verarbeitet, sind Sie Betroffener i.S.d. DSGVO und es stehen Ihnen folgende Rechte gegen\u00fcber dem Verantwortlichen zu:<\/p>\n\n\n\n<p><strong>1. Sie haben gegen\u00fcber uns folgende Rechte hinsichtlich der Sie betreffenden personenbezogenen Daten:<\/strong><\/p>\n\n\n\n<ul class=\"wp-block-list\"><li><strong>Recht auf Auskunft,<\/strong><\/li><li><strong>Recht auf Berichtigung oder L\u00f6schung,<\/strong><\/li><li><strong>Recht auf Einschr\u00e4nkung der Verarbeitung,<\/strong><\/li><li><strong>Recht auf Widerspruch gegen die Verarbeitung,<\/strong><\/li><li><strong>Recht auf Daten\u00fcbertragbarkeit.<\/strong><\/li><\/ul>\n\n\n\n<p><strong>2.<\/strong> <strong>Sie haben zudem das Recht, sich bei einer Datenschutz-Aufsichtsbeh\u00f6rde \u00fcber die Verarbeitung Ihrer personenbezogenen Daten durch uns zu beschweren.<\/strong><\/p>\n\n\n\n<p><\/p>","protected":false},"excerpt":{"rendered":"<p>Der Schutz Ihrer pers\u00f6nlichen Daten ist uns ein besonderes Anliegen. Wir erheben und verarbeiten Ihre Daten daher ausschlie\u00dflich auf Grundlage der gesetzlichen Bestimmungen, insbesondere den Bestimmungen des BDSG neu sowie der DSGVO. In diesen Datenschutzinformationen informieren wir Sie \u00fcber die wichtigsten Aspekte der Datenverarbeitung im Rahmen unserer Website. Nachfolgend m\u00f6chten wir Sie im Einzelnen dar\u00fcber [&hellip;]<\/p>\n","protected":false},"author":1,"featured_media":0,"parent":0,"menu_order":99,"comment_status":"closed","ping_status":"closed","template":"","meta":{"site-sidebar-layout":"default","site-content-layout":"default","ast-site-content-layout":"default","site-content-style":"default","site-sidebar-style":"default","ast-global-header-display":"","ast-banner-title-visibility":"","ast-main-header-display":"","ast-hfb-above-header-display":"","ast-hfb-below-header-display":"","ast-hfb-mobile-header-display":"","site-post-title":"","ast-breadcrumbs-content":"","ast-featured-img":"","footer-sml-layout":"","ast-disable-related-posts":"","theme-transparent-header-meta":"default","adv-header-id-meta":"","stick-header-meta":"","header-above-stick-meta":"","header-main-stick-meta":"","header-below-stick-meta":"","astra-migrate-meta-layouts":"default","ast-page-background-enabled":"default","ast-page-background-meta":{"desktop":{"background-color":"","background-image":"","background-repeat":"repeat","background-position":"center center","background-size":"auto","background-attachment":"scroll","background-type":"","background-media":"","overlay-type":"","overlay-color":"","overlay-opacity":"","overlay-gradient":""},"tablet":{"background-color":"","background-image":"","background-repeat":"repeat","background-position":"center center","background-size":"auto","background-attachment":"scroll","background-type":"","background-media":"","overlay-type":"","overlay-color":"","overlay-opacity":"","overlay-gradient":""},"mobile":{"background-color":"","background-image":"","background-repeat":"repeat","background-position":"center center","background-size":"auto","background-attachment":"scroll","background-type":"","background-media":"","overlay-type":"","overlay-color":"","overlay-opacity":"","overlay-gradient":""}},"ast-content-background-meta":{"desktop":{"background-color":"var(--ast-global-color-5)","background-image":"","background-repeat":"repeat","background-position":"center center","background-size":"auto","background-attachment":"scroll","background-type":"","background-media":"","overlay-type":"","overlay-color":"","overlay-opacity":"","overlay-gradient":""},"tablet":{"background-color":"var(--ast-global-color-5)","background-image":"","background-repeat":"repeat","background-position":"center center","background-size":"auto","background-attachment":"scroll","background-type":"","background-media":"","overlay-type":"","overlay-color":"","overlay-opacity":"","overlay-gradient":""},"mobile":{"background-color":"var(--ast-global-color-5)","background-image":"","background-repeat":"repeat","background-position":"center center","background-size":"auto","background-attachment":"scroll","background-type":"","background-media":"","overlay-type":"","overlay-color":"","overlay-opacity":"","overlay-gradient":""}},"footnotes":""},"class_list":["post-3","page","type-page","status-publish","hentry"],"_links":{"self":[{"href":"https:\/\/siebententagsbaptisten.org\/en\/wp-json\/wp\/v2\/pages\/3","targetHints":{"allow":["GET"]}}],"collection":[{"href":"https:\/\/siebententagsbaptisten.org\/en\/wp-json\/wp\/v2\/pages"}],"about":[{"href":"https:\/\/siebententagsbaptisten.org\/en\/wp-json\/wp\/v2\/types\/page"}],"author":[{"embeddable":true,"href":"https:\/\/siebententagsbaptisten.org\/en\/wp-json\/wp\/v2\/users\/1"}],"replies":[{"embeddable":true,"href":"https:\/\/siebententagsbaptisten.org\/en\/wp-json\/wp\/v2\/comments?post=3"}],"version-history":[{"count":39,"href":"https:\/\/siebententagsbaptisten.org\/en\/wp-json\/wp\/v2\/pages\/3\/revisions"}],"predecessor-version":[{"id":1343,"href":"https:\/\/siebententagsbaptisten.org\/en\/wp-json\/wp\/v2\/pages\/3\/revisions\/1343"}],"wp:attachment":[{"href":"https:\/\/siebententagsbaptisten.org\/en\/wp-json\/wp\/v2\/media?parent=3"}],"curies":[{"name":"wp","href":"https:\/\/api.w.org\/{rel}","templated":true}]}}