{"id":4165,"date":"2026-04-04T19:16:09","date_gmt":"2026-04-04T17:16:09","guid":{"rendered":"https:\/\/siebententagsbaptisten.org\/?page_id=4165"},"modified":"2026-04-04T19:17:09","modified_gmt":"2026-04-04T17:17:09","slug":"05-11-april-2026-respekt-vor-rechtmaessiger-autoritaet-6","status":"publish","type":"page","link":"https:\/\/siebententagsbaptisten.org\/en\/sabbatschule-2\/05-11-april-2026-respekt-vor-rechtmaessiger-autoritaet-6\/","title":{"rendered":"05. &#8211; 11. April 2026 \u2013 Respekt vor rechtm\u00e4\u00dfiger Autorit\u00e4t (6)"},"content":{"rendered":"<p class=\"has-text-align-center\">QUARTALSTHEMA: SOZIALLEHREN DER GEMEINDE (M\u00e4rz &#8211; Mai 2026)<\/p>\n\n\n\n\n\n\n<p class=\"has-text-align-center\">Einheit II: Unsere Verpflichtungen gegen\u00fcber unserer Familie und Nachbarn erf\u00fcllen (4 Lektionen)<\/p>\n\n\n\n<p>6. Respekt vor rechtm\u00e4\u00dfiger Autorit\u00e4t (Lektion 2 von 4)<\/p>\n\n\n\n<p>Tagesandachten von Gem Barton<\/p>\n\n\n\n<p>SONNTAG, 5. April 2026: Spr\u00fcche 11:3-6, 8-11, 14<\/p>\n\n\n\n<p>Das Leben ist unberechenbar und stellt uns vor Entscheidungen, die uns in unerw\u00fcnschte Situationen f\u00fchren k\u00f6nnen. Wir m\u00fcssen aktiv nach weisen Stimmen suchen, um uns leiten zu lassen: Mentoren, Lehrer, Pastoren, der Heiligen Geist und die Heilige Schrift. Sie sind unser Kompass, wenn wir Gefahr laufen, uns zu verirren. Meine Mutter sagte immer: &#8222;Wenn du nicht zuh\u00f6rst, wirst du es sp\u00fcren&#8220;\u201c Das ist eine karibische Redewendung, die so viel bedeutet wie: &#8222;H\u00f6r auf guten Rat, sonst erwartet dich viel Leid.&#8220; In g\u00f6ttlichem Rat liegt Geborgenheit. Lasst uns auf gerechten Rat h\u00f6ren, anstatt den neuesten Trends und Influencern in den sozialen Medien zu folgen.<\/p>\n\n\n\n<p>MONTAG, 6. April 2026: Apostelgeschichte 5:26-32<\/p>\n\n\n\n<p>Wir sind aufgerufen, unsere Treue mutig zu bekennen und Gottes Gebot \u00fcber menschliche Autorit\u00e4t zu stellen. Wie schon die Apostel verk\u00fcndeten: &#8222;Man muss Gott mehr gehorchen als den Menschen.&#8220; (Vers 29); so soll diese \u00dcberzeugung tief in uns verwurzelt sein. Gott schenkt uns die Kraft und den Mut, das Evangelium mit derselben K\u00fchnheit zu verk\u00fcnden. W\u00e4hrend wir an unserem Glauben festhalten, m\u00fcssen wir Andersdenkenden mit Mitgef\u00fchl und Verst\u00e4ndnis begegnen, statt sie zu verurteilen. Diese Haltung er\u00f6ffnet nicht nur den Dialog, sondern spiegelt auch die Liebe Christi wider. Lasst uns mit der Welt um uns herum interagieren, ohne die biblischen Lehren zu verraten.<\/p>\n\n\n\n<p>DIENSTAG, 7. April 2026: Hebr\u00e4er 13:16-20<\/p>\n\n\n\n<p>Charismatische F\u00fchrungspers\u00f6nlichkeiten genie\u00dfen oft Bewunderung. Die tragischen Ereignisse um Jim Jones in Jonestown, Guyana, im Jahr 1978 mahnen uns eindringlich vor den Gefahren charismatischer F\u00fchrung ohne Verantwortungsbewusstsein. Gottesf\u00fcrchtige Leiter m\u00fcssen integer handeln und sich der unverf\u00e4lschten Wahrheit des Wortes Gottes bewusst sein, im vollen Bewusstsein ihrer Tragweite. Lasst uns f\u00fcr die Leiter in unseren Gemeinden beten, dass sie nach Gerechtigkeit streben, treu dienen und die Wahrheit hochhalten. Ihre Entscheidungen haben Auswirkungen auf viele und eines Tages werden sie vor Gott Rechenschaft ablegen m\u00fcssen.<\/p>\n\n\n\n<p>MITTWOCH, 8. April 2026: 2. Samuel 23:1-7<\/p>\n\n\n\n<p>Herrscher m\u00fcssen erkennen, dass ihre Autorit\u00e4t mit einer g\u00f6ttlichen Verantwortung einhergeht. Davids letzte Worte, vom Heiligen Geist inspiriert, erinnern uns daran, dass F\u00fchrungskr\u00e4fte gerecht und rechtschaffen regieren m\u00fcssen, gegr\u00fcndet auf die Ehrfurcht vor Gott. Wer von einem Herrscher ohne diese Ehrfurcht gef\u00fchrt wird, gleicht einem Garten, der von Unkraut \u00fcberwuchert ist. So wie David die Bedeutung des &#8222;Lichts&#8220; in den Gerechten betonte, lasst uns beten, dass unsere F\u00fchrungskr\u00e4fte dieses Licht in ihren Entscheidungen widerspiegeln. Gottesf\u00fcrchtige F\u00fchrung wurzelt im Glauben. Wer sich demwidersetzt, was recht ist, wird letztendlich zugrunde gehen.<\/p>\n\n\n\n<p>DONNERSTAG, 9. April 2026: Deuteronomium\/ 5. Mose 17:14-20<\/p>\n\n\n\n<p>Dieser Abschnitt beschreibt die wichtigsten Eigenschaften eines gottesf\u00fcrchtigen K\u00f6nigs: Er strebt nicht nach \u00fcberm\u00e4\u00dfigem Reichtum, meidet \u00dcberheblichkeit und Verstrickungen mit dem anderen Geschlecht und h\u00e4lt sich gewissenhaft an Gottes Wort. Auch wenn wir auf Erden keine Krone tragen, lasst uns dem Ruf folgen, diese Eigenschaften zu verinnerlichen und einen nachhaltigen Einfluss auf unsere Welt auszu\u00fcben. Ob ihr eine Gemeinde, ein Komitee oder eure Familie leitet \u2013 lasst euch von diesen Werten in eurem Handeln leiten. Konzentriert euch darauf, anderen zu dienen, dem\u00fctig zu bleiben und Gott durch eure F\u00fchrung zu ehren. Lasst euren Glauben in jede Entscheidung einflie\u00dfen. Unsere Welt braucht uns dringend als gottesf\u00fcrchtige F\u00fchrungskr\u00e4fte, die wir sein k\u00f6nnen, wenn wir uns auf Seine St\u00e4rke st\u00fctzen.<\/p>\n\n\n\n<p>FREITAG, 10. April 2026: Markus 12:13-17<\/p>\n\n\n\n<p>Seien wir ehrlich, Steuern geh\u00f6ren nun mal zum Leben dazu. Wer versucht, sich davor zu dr\u00fccken, landet schnell im Gef\u00e4ngnis! Jesus musste Seine J\u00fcnger daran erinnern, dem Kaiser zu geben, was des Kaisers ist. Doch Er betonte auch, dass wir Gott geben m\u00fcssen, was Gott geh\u00f6rt. Unsere Zeit, unsere Liebe und unsere Talente sind kostbare Gaben, die wir Gott widmen sollten. Auch wenn wir als gute B\u00fcrger unseren weltlichen Pflichten nachkommen m\u00fcssen, d\u00fcrfen wir unsere Priorit\u00e4ten nicht aus den Augen verlieren \u2013 Gott steht an erster Stelle. Lasst uns daf\u00fcr sorgen, dass unsere Herzen der Pflege unserer geistlichen Entwicklung gewidmet bleiben und unsere Hingabe zu Gott widerspiegeln.<\/p>\n\n\n\n<p>SABBAT, 11. April 2026: 1. Petrus 2:13-17<\/p>\n\n\n\n<p>Wir sind aufgerufen, Autorit\u00e4ten und andere zu achten und unseren Glauben durch Rechtschaffenheit widerzuspiegeln. Das kann eine Herausforderung sein, besonders wenn wir uns nicht wertgesch\u00e4tzt oder \u00fcbersehen f\u00fchlen oder meinen, es besser zu wissen. Manchmal bedeutet das, sich zur\u00fcckzuhalten, wenn wir am liebsten frech antworten w\u00fcrden. Doch gerade in solchen Momenten zeigt sich unser wahrer Charakter. Wenn wir Ehre, Liebe und Rechtschaffenheit zeigen, ermutigen wir unsere Mitmenschen und ehren Gott. Lass dich von deiner Freiheit in Christus dazu bewegen, jede Form von Bosheit, Engherzigkeit und Parteilichkeit abzulegen und jedem Menschen Respekt zu erweisen.<\/p>\n\n\n\n<p>Scripture Passages:<\/p>\n\n\n\n<p>Studientexte: Markus 12:13-17; R\u00f6mer 13:1-8; 1. Petrus 2:13-17<\/p>\n\n\n\n<p>weiterf\u00fchrende Texte: R\u00f6mer 13:1-14<\/p>\n\n\n\n<p>Andachtstext: Spr\u00fcche 31:4-9<\/p>\n\n\n\n<p>Key Verse:<\/p>\n\n\n\n<p>&#8222;Und Jesus antwortete und sprach zu ihnen: Gebt dem Kaiser, was des Kaisers ist, und Gott, was Gottes ist! Und sie verwunderten sich \u00fcber ihn.&#8220; (Markus 12:17)<\/p>\n\n\n\n<p>Heart of the Lesson:<\/p>\n\n\n\n<p>Im Allgemeinen respektieren und befolgen Menschen Autorit\u00e4tspersonen. Wie aber begr\u00fcndet sich die legitime Autorit\u00e4t einer F\u00fchrungskraft? Die Botschaft in Markus, R\u00f6mer und im Ersten Petrusbrief bekr\u00e4ftigt Gottes h\u00f6chste Autorit\u00e4t und pl\u00e4diert gleichzeitig daf\u00fcr, die legitime F\u00fchrung menschlicher Autorit\u00e4ten zu respektieren.<\/p>\n\n\n\n<p>Questions for Studying the Text:<\/p>\n\n\n\n<ol class=\"wp-block-list\">\n<li>Wie sieht Respekt vor Autorit\u00e4t im Alltag (Arbeitsplatz, Schule, Gemeinde) aus? Wo f\u00e4llt es dir am schwersten, Respekt vor Autorit\u00e4t zu zeigen \u2013 und warum?\u00a0<\/li>\n\n\n\n<li>Welches konkrete politische Thema brachten die Fragenden in Markus Kapitel 12 zur Sprache, und warum war es f\u00fcr das j\u00fcdische Volk so umstritten? Warum war Jesu Antwort sowohl in politischer als auch religi\u00f6ser Hinsicht weise? Wie k\u00f6nnen Gl\u00e4ubige heute im Alltag &#8222;dem Kaiser geben&#8220;, ohne ihre Treue zu Gott zu gef\u00e4hrden?<\/li>\n\n\n\n<li>Welche Gr\u00fcnde nennt Paulus in R\u00f6mer Kapitel 13 f\u00fcr das Zahlen von Steuern und f\u00fcr die Achtung vor Autorit\u00e4ten? Wie k\u00f6nnen Gl\u00e4ubige Respekt vor Autorit\u00e4ten zeigen, selbst wenn sie mit den Verantwortlichen nicht \u00fcbereinstimmen? Inwiefern dient die Liebe als Leitprinzip f\u00fcr alle Verpflichtungen?<\/li>\n\n\n\n<li>Wie h\u00e4ngen Respekt, Gottesfurcht und Ehre in 1. Petrus Kapitel 2 zusammen? Warum betonte Petrus die Unterordnung als Teil des christlichen Zeugnisses? Was lehrt dieser Abschnitt \u00fcber respektvolle Meinungsverschiedenheiten?<\/li>\n\n\n\n<li>Wie wirken Unterordnung, Respekt und Liebe im Leben eines Gl\u00e4ubigen zusammen? Wie bereiten diese Bibelstellen Gl\u00e4ubige darauf vor, unter unvollkommener F\u00fchrung treu zu leben? Wie kannst du diese Woche konkret Christi Haltung gegen\u00fcber Autorit\u00e4t widerspiegeln?<\/li>\n<\/ol>\n\n\n\n<p>Understanding and Living - Jerry Johnson<\/p>\n\n\n\n<p>ANWEISUNGEN BEFOLGEN<\/p>\n\n\n\n<p>Ich erinnere mich an den 12. M\u00e4rz 2020, als w\u00e4re es gestern gewesen. Es kursierten Ger\u00fcchte, dass sich COVID-19 in den Vereinigten Staaten und anderen Teilen der Welt ausbreitete. An diesem Morgen wurde mir befohlen, mein B\u00fcro beim Sanit\u00e4tskommando der US-Armee in Fort Sam Houston zu verlassen. Unser Team, bestehend aus drei Milit\u00e4rgeistlichen und einem Stabsfeldwebel, schnappte sich unsere Dienstlaptops und fuhr nach Hause, wo wir die meiste Zeit der n\u00e4chsten 14 Monate arbeiteten. Alles lief \u00fcber Zoom oder Microsoft Teams.<\/p>\n\n\n\n<p>Was den Gottesdienst in der Kapelle betraf, wurde er umgehend ausgesetzt und blieb 13 Monate lang ausgesetzt. Nach der Wiederaufnahme des Gottesdienstbetriebs fanden nur noch einer statt statt zwei, und die Besucherzahl war um \u00fcber 75 % gesunken. Die Gottesdienstbesucher mussten ein weiteres Jahr lang, bis zum Fr\u00fchjahr 2022, Masken tragen und die Abstandsregeln einhalten.<\/p>\n\n\n\n<p>Als aktiver Soldat und gleichzeitig Regierungsangestellter habe auch ich die Impfpflicht miterlebt. Auf unserem St\u00fctzpunkt gab es christliche Milit\u00e4rgeistliche und Offiziere, die aus medizinischen oder religi\u00f6sen Gr\u00fcnden um Befreiung von dieser Pflicht baten, was jedoch abgelehnt wurde. Ihre Karrieren waren damit beendet. (Inzwischen wurden ihre Entlassungen zwar aufgehoben, aber die meisten kehrten nie wieder in den Dienst zur\u00fcck.)<\/p>\n\n\n\n<p>Ich habe alle Anordnungen der Regierungsbeh\u00f6rden befolgt und keine pers\u00f6nlichen Meinungen ge\u00e4u\u00dfert. Andere vertraten in dieser Debatte \u00fcber die Achtung der rechtm\u00e4\u00dfigen staatlichen Autorit\u00e4t eine gegenteilige Position. Die COVID-19-Pandemie ist in den Vereinigten Staaten seit der Wehrpflicht im Vietnamkrieg wohl das deutlichste Beispiel f\u00fcr eine Debatte hinsichtlich des Gehorsams gegen\u00fcber staatlichen Autorit\u00e4ten.<\/p>\n\n\n\n<p>Das Besondere an COVID-19 war der Einfluss auf den gemeinsamen Gottesdienst. Viele empfanden die erzwungene Einstellung der Pr\u00e4senzgottesdienste als klaren Versto\u00df gegen Hebr\u00e4er 10:24-25. Andere sahen darin ein Beispiel f\u00fcr wahre N\u00e4chstenliebe. Wer au\u00dferhalb der USA lebt, hat m\u00f6glicherweise strengere oder weniger strenge Beschr\u00e4nkungen erlebt und kennt wahrscheinlich eigene Beispiele f\u00fcr diese Spannung. Die Bibel gibt nicht auf jede Frage und jede Situation eine Antwort. Doch in den folgenden drei kurzen Abschnitten unserer Bibelbetrachtung finden wir tats\u00e4chlich einige Grunds\u00e4tze.<\/p>\n\n\n\n<p>STEUERN ZAHLEN<\/p>\n\n\n\n<p>Zun\u00e4chst sprach Jesus in Markus 12:13-17 \u00fcber die r\u00f6mische Staatsgewalt und die Steuerpflicht. Die Pharis\u00e4er und Herodianer versuchten, Jesus in eine Falle zu locken, indem sie Ihn zun\u00e4chst schmeichelten. Die Frage der Steuerzahlung an den Kaiser war damals sehr umstritten, denn als unterworfenes Volk wollten die Juden keinem gottlosen, heidnischen Herrscher Tribut zollen. Jesus wusste, dass sie Ihn in eine Falle locken wollten, und bat um einen Denar \u2013 eine g\u00e4ngige Silberm\u00fcnze, die etwa einem Tageslohn entsprach. Die Inschrift auf der M\u00fcnze stammte vom Kaiser, und Jesus stellte die Autorit\u00e4t Roms nicht in Frage. Stattdessen bekr\u00e4ftigte er die Legitimit\u00e4t der Regierung und lenkte die Aufmerksamkeit der Menschen gleichzeitig darauf, &#8222;Gott zu geben, was Gott geh\u00f6rt&#8220; \u2013 eine h\u00f6here Tugend. Die Zuh\u00f6rer staunten dar\u00fcber, wie Jesus dieser Falle entgangen war und ihnen gleichzeitig ein wichtiges Prinzip gelehrt hatte.<\/p>\n\n\n\n<p>R.C. Sproul betonte: &#8222;Das moralische Verhalten des Staates hat keinerlei Einfluss darauf, ob Christen ihre Steuern zahlen. Christen sind zu einem besonderen Ma\u00df an b\u00fcrgerlichem Gehorsam aufgerufen, wozu auch die Zahlung von Steuern geh\u00f6rt, ungeachtet ihrer Belastung oder Unterdr\u00fcckung. Selbstverst\u00e4ndlich bedeutet unser Bekenntnis zum b\u00fcrgerlichen Gehorsam nicht, dass wir uns nicht gegen Steuern oder andere staatliche Ma\u00dfnahmen aussprechen d\u00fcrfen, aber wir haben kein Recht, die Zahlung zu verweigern.&#8220; (aus &#8222;Mark: An Expositional Commentary&#8220;, deutsch etwa: Ein erl\u00e4uternder Kommentar zum Markus-Evangelium, S. 275f.)<\/p>\n\n\n\n<p>STAATLICHE BEH\u00d6RDEN<\/p>\n\n\n\n<p>In R\u00f6mer Kapitel 13 ging Paulus auch auf die Frage der r\u00f6mischen Staatsgewalt ein und gab Christen Hinweise, wie sie zur Aufrechterhaltung der gesellschaftlichen Ordnung beitragen k\u00f6nnen. Kern seiner Argumentation war, dass wir den staatlichen Autorit\u00e4ten grunds\u00e4tzlich gehorchen sollen (mit der Einschr\u00e4nkung aus Apostelgeschichte 4:19 und 5:29, dass wir zuerst Gott gehorchen m\u00fcssen), da diese letztlich Gottes Herrschaft unterstehen und Er die Regierung f\u00fcr eine gute gesellschaftliche Ordnung geschaffen hat. Eine effektive Regierung ist in Wirklichkeit ein g\u00f6ttlicher Dienst, welche die &#8222;Macht des Schwertes&#8220; nutzt, um durch die Bestrafung des B\u00f6sen und die F\u00f6rderung des Guten f\u00fcr Gerechtigkeit zu sorgen.<\/p>\n\n\n\n<p>Martin Luther sprach davon, dass die staatliche Ordnung Gottes Gesetz nutzen solle, um soziale Missst\u00e4nde einzud\u00e4mmen. Weiter unten in diesem Abschnitt bekr\u00e4ftigte auch Paulus, wie Jesus, dass wir unsere Steuern zahlen und damit der legitimen staatlichen Herrschaft Ehre und Respekt erweisen sollten. Er f\u00fcgte hinzu, dass die Motivation darin bestehe, den Sinn von Gottes Geboten zu erf\u00fcllen, n\u00e4mlich die N\u00e4chstenliebe zu beweisen (R\u00f6mer 13:8-10).<\/p>\n\n\n\n<p>Der Brief des Petrus richtete sich an ein gr\u00f6\u00dferes Publikum, das zunehmend Verfolgung erfuhr. Er ist Teil eines l\u00e4ngeren Abschnitts \u00fcber Unterordnung, der sich bis 1. Petrus 3:6 erstreckt. Er bekr\u00e4ftigte einige der Punkte, die Paulus in R\u00f6mer Kapitel 13 erw\u00e4hnte, wies aber auch darauf hin, dass wir, wenn wir die legitime staatliche Autorit\u00e4t respektieren, ein lebendiges Zeugnis ablegen. Wir zeigen echte Gottesfurcht, ohne die Freiheit f\u00fcr eigenn\u00fctzige Zwecke zu missbrauchen. Denke daran: &#8222;Heute leben manche Christen in Freiheit, w\u00e4hrend andere unter repressiven Regierungen leben. Alle sind aufgerufen, mit den Regierenden zusammenzuarbeiten, soweit es ihr Gewissen erlaubt.&#8220; (&#8222;Life Application Study Bible, NIV Edition&#8220;, deutsch etwa: &#8222;Studienbibel zur praktischen Anwendung im Leben&#8220;, S. 2683)<\/p>\n\n\n\n<p>Pastor Warren Wiersbe bemerkte in seinem Kommentar zum Neuen Testament: &#8222;Wenn wir uns der Obrigkeit &#8218;um des Herrn willen&#8216; aufrichtig unterordnen, werden wir allen, die es verdienen, Ehre erweisen. Wir m\u00f6gen mit ihrer Politik oder ihrer Position nicht \u00fcbereinstimmen (siehe R\u00f6mer 13). Wir werden auch die Br\u00fcder und Schwestern lieben, womit nat\u00fcrlich die Menschen in der Gemeinde gemeint sind. Dies ist ein wiederkehrendes Thema in diesem Brief (1. Petrus 1:22; 3:8; 4:8; 5:14). Eine M\u00f6glichkeit, den Geschwistern unsere Liebe zu zeigen, besteht darin, uns der Autorit\u00e4t der Obrigkeit unterzuordnen, denn wir sind in unserem christlichen Zeugnis miteinander verbunden.&#8220; (S. 906)<\/p>\n\n\n\n<p>Ich erinnere mich an meine Kindheit mit einer sehr idealistischen Sicht auf Kultur, Politik und Gesellschaft im Allgemeinen. Es fiel mir leicht, F\u00fchrungskr\u00e4fte, die ich nicht gew\u00e4hlt hatte oder mit denen ich in vielen Fragen nicht \u00fcbereinstimmte nicht zu respektieren; manche von ihnen waren f\u00fcr mein biblisches Weltbild von gro\u00dfer Bedeutung. R\u00fcckblickend erkenne ich jedoch, wie diese engstirnige Gesetzlichkeit meinen Glauben in den Augen anderer besch\u00e4digt hat. Als Christen sollten wir vorbildliche B\u00fcrger sein und biblische Werte und Charaktereigenschaften vorleben.<\/p>\n\n\n\n<p>HINTS FOR TEACHING:<\/p>\n\n\n\n<p>LESSON GOALS:<\/p>\n\n\n\n<ol class=\"wp-block-list\">\n<li>Erkenntnis gewinnen: Analysiert Gottes Weisung f\u00fcr den Umgang mit staatlichen Beh\u00f6rden, die gerecht regieren.<\/li>\n\n\n\n<li>Liebe \u00fcben: Ehrt Gott durch unsere Gebete f\u00fcr gew\u00e4hlte Volksvertreter.<\/li>\n\n\n\n<li>Dienen: Beteilige dich am \u00f6ffentlichen Leben.<\/li>\n<\/ol>\n\n\n\n<p>TEACHING ACTIVITY:<\/p>\n\n\n\n<p>Teilt die Sabbatschulklasse in Kleingruppen und gebt ihnen jeweils eine der folgenden Fallstudien: 1.) Ein christlicher Angestellter ist mit den Unternehmensrichtlinien nicht einverstanden, f\u00fcrchtet aber den Verlust seines Arbeitsplatzes. 2.) Ein Sch\u00fcler h\u00e4lt eine Schulregel f\u00fcr ungerecht. 3.) Ein B\u00fcrger ist mit einer Regierungsentscheidung absolut nicht einverstanden. 4.) Ein Gemeindemitglied hat Schwierigkeiten mit F\u00fchrungsentscheidungen. \u2013 Diskutiert in den Gruppen anhand der folgenden Fragen: Welche Autorit\u00e4t ist involviert? Wozu ruft die Heilige Schrift den Gl\u00e4ubigen auf? Wo endet Unterordnung und wo beginnt Gehorsam gegen\u00fcber Gott? Wie kann Respekt gezeigt werden? Besprecht anschlie\u00dfend gemeinsam: Wie erm\u00f6glicht Freiheit respektvolle Unterordnung? Warum rechtfertigt Freiheit weder Rebellion noch Respektlosigkeit?<\/p>\n\n\n\n<p>Looking Forward&nbsp;<\/p>\n\n\n\n<p>Wir haben von Jesus, Paulus und Petrus gelernt, wie wir uns gegen\u00fcber Autorit\u00e4ten in gottgef\u00e4lliger Weise verhalten sollen. Als N\u00e4chstes werden wir herausgefordert, eine kindliche Haltung gegen\u00fcber Reichtum und Macht einzunehmen.<\/p>","protected":false},"excerpt":{"rendered":"<p>QUARTALSTHEMA: SOZIALLEHREN DER GEMEINDE (M\u00e4rz &#8211; Mai 2026) Einheit II: Unsere Verpflichtungen gegen\u00fcber unserer Familie und Nachbarn erf\u00fcllen (4 Lektionen) 6. Respekt vor rechtm\u00e4\u00dfiger Autorit\u00e4t (Lektion 2 von 4) Tagesandachten von Gem Barton SONNTAG, 5. April 2026: Spr\u00fcche 11:3-6, 8-11, 14 Das Leben ist unberechenbar und stellt uns vor Entscheidungen, die uns in unerw\u00fcnschte Situationen [&hellip;]<\/p>\n","protected":false},"author":2,"featured_media":0,"parent":3698,"menu_order":7,"comment_status":"closed","ping_status":"closed","template":"","meta":{"site-sidebar-layout":"default","site-content-layout":"","ast-site-content-layout":"default","site-content-style":"default","site-sidebar-style":"default","ast-global-header-display":"","ast-banner-title-visibility":"","ast-main-header-display":"","ast-hfb-above-header-display":"","ast-hfb-below-header-display":"","ast-hfb-mobile-header-display":"","site-post-title":"","ast-breadcrumbs-content":"","ast-featured-img":"","footer-sml-layout":"","ast-disable-related-posts":"","theme-transparent-header-meta":"","adv-header-id-meta":"","stick-header-meta":"","header-above-stick-meta":"","header-main-stick-meta":"","header-below-stick-meta":"","astra-migrate-meta-layouts":"set","ast-page-background-enabled":"default","ast-page-background-meta":{"desktop":{"background-color":"","background-image":"","background-repeat":"repeat","background-position":"center center","background-size":"auto","background-attachment":"scroll","background-type":"","background-media":"","overlay-type":"","overlay-color":"","overlay-opacity":"","overlay-gradient":""},"tablet":{"background-color":"","background-image":"","background-repeat":"repeat","background-position":"center center","background-size":"auto","background-attachment":"scroll","background-type":"","background-media":"","overlay-type":"","overlay-color":"","overlay-opacity":"","overlay-gradient":""},"mobile":{"background-color":"","background-image":"","background-repeat":"repeat","background-position":"center center","background-size":"auto","background-attachment":"scroll","background-type":"","background-media":"","overlay-type":"","overlay-color":"","overlay-opacity":"","overlay-gradient":""}},"ast-content-background-meta":{"desktop":{"background-color":"var(--ast-global-color-5)","background-image":"","background-repeat":"repeat","background-position":"center center","background-size":"auto","background-attachment":"scroll","background-type":"","background-media":"","overlay-type":"","overlay-color":"","overlay-opacity":"","overlay-gradient":""},"tablet":{"background-color":"var(--ast-global-color-5)","background-image":"","background-repeat":"repeat","background-position":"center center","background-size":"auto","background-attachment":"scroll","background-type":"","background-media":"","overlay-type":"","overlay-color":"","overlay-opacity":"","overlay-gradient":""},"mobile":{"background-color":"var(--ast-global-color-5)","background-image":"","background-repeat":"repeat","background-position":"center center","background-size":"auto","background-attachment":"scroll","background-type":"","background-media":"","overlay-type":"","overlay-color":"","overlay-opacity":"","overlay-gradient":""}},"footnotes":""},"class_list":["post-4165","page","type-page","status-publish","hentry"],"_links":{"self":[{"href":"https:\/\/siebententagsbaptisten.org\/en\/wp-json\/wp\/v2\/pages\/4165","targetHints":{"allow":["GET"]}}],"collection":[{"href":"https:\/\/siebententagsbaptisten.org\/en\/wp-json\/wp\/v2\/pages"}],"about":[{"href":"https:\/\/siebententagsbaptisten.org\/en\/wp-json\/wp\/v2\/types\/page"}],"author":[{"embeddable":true,"href":"https:\/\/siebententagsbaptisten.org\/en\/wp-json\/wp\/v2\/users\/2"}],"replies":[{"embeddable":true,"href":"https:\/\/siebententagsbaptisten.org\/en\/wp-json\/wp\/v2\/comments?post=4165"}],"version-history":[{"count":1,"href":"https:\/\/siebententagsbaptisten.org\/en\/wp-json\/wp\/v2\/pages\/4165\/revisions"}],"predecessor-version":[{"id":4166,"href":"https:\/\/siebententagsbaptisten.org\/en\/wp-json\/wp\/v2\/pages\/4165\/revisions\/4166"}],"up":[{"embeddable":true,"href":"https:\/\/siebententagsbaptisten.org\/en\/wp-json\/wp\/v2\/pages\/3698"}],"wp:attachment":[{"href":"https:\/\/siebententagsbaptisten.org\/en\/wp-json\/wp\/v2\/media?parent=4165"}],"curies":[{"name":"wp","href":"https:\/\/api.w.org\/{rel}","templated":true}]}}