{"id":4173,"date":"2026-04-19T11:53:52","date_gmt":"2026-04-19T09:53:52","guid":{"rendered":"https:\/\/siebententagsbaptisten.org\/?page_id=4173"},"modified":"2026-04-26T21:23:32","modified_gmt":"2026-04-26T19:23:32","slug":"19-25-april-2026-das-christliche-heim-in-einer-modernen-welt-8","status":"publish","type":"page","link":"https:\/\/siebententagsbaptisten.org\/en\/sabbatschule-2\/19-25-april-2026-das-christliche-heim-in-einer-modernen-welt-8\/","title":{"rendered":"19. &#8211; 25. April 2026 \u2013 Das christliche Heim in einer modernen Welt (9)"},"content":{"rendered":"<p class=\"has-text-align-center\">QUARTALSTHEMA: SOZIALLEHREN DER GEMEINDE (M\u00e4rz &#8211; Mai 2026)<\/p>\n\n\n\n\n\n\n<p class=\"has-text-align-center\">Einheit II: Unsere Verpflichtungen gegen\u00fcber unserer Familie und Nachbarn erf\u00fcllen (4 Lektionen)<\/p>\n\n\n\n<p>8. Das christliche Heim in einer modernen Welt (Lektion 4 von 4)<\/p>\n\n\n\n<p>Daily Bible Meditations by Lisa Moore<\/p>\n\n\n\n<p>SONNTAG, 19. April 2026: Spr\u00fcche 24:1-6<\/p>\n\n\n\n<p>Hattest du schon mal mit einem Handwerker zu tun, der an allen Ecken und Enden spart \u2013 minderwertige Materialien verwendet, Arbeitsschritte ausl\u00e4sst und eine billige Fassade auf einem br\u00fcchigen Fundament errichtet? So kann das Leben sein. &#8222;Schlaue&#8220; Abk\u00fcrzungen entpuppen sich immer. Die Welt verkauft schnelle L\u00f6sungen und sofortige Befriedigung, aber wir wissen es besser. Unser &#8222;Bauplan&#8220; hei\u00dft Weisheit \u2013 sorgf\u00e4ltig zusammengestellt durch die Heilige Schrift, durch die F\u00fchrung des Heiligen Geistes und den Rat derer, die vor uns diesen Weg gegangen sind. Jede Entscheidung ist ein Baustein. Manchmal gelingt es uns voll und ganz, manchmal sto\u00dfen wir auf viele Splitter, aber wir bauen weiter. Unser Leben ist keine \u00fcberhastete Renovierung, sondern ein Meisterwerk, das unter g\u00f6ttlicher Leitung entsteht.<\/p>\n\n\n\n<p>MONTAG, 20. April 2026: Lukas 2:40-52<\/p>\n\n\n\n<p>Erinnerst du dich an den Moment, als du dich missverstanden f\u00fchltest \u2013 voller Leidenschaft f\u00fcr deinen Weg, w\u00e4hrend andere deine Vision nicht teilen konnten? Wie der junge Jesus im Tempel, vertieft in ein tiefgr\u00fcndiges Gespr\u00e4ch, w\u00e4hrend seine Eltern besorgt nach ihm suchten, so f\u00fchrt dich deine Reise an unerwartete Orte, wo du tiefe Neugierde entdeckst. Du wirst Weisheit in unerwarteten Quellen finden, indem du tiefgr\u00fcndige Fragen stellst und nach ver\u00e4nderndem Wissen suchst. Dein Leben gewinnt an Tiefe durch wachsende Beziehungen zu anderen Menschen und zu Gott. Pflege bewusst Verbindungen, die dich herausfordern sowie geistlich und pers\u00f6nlich bereichern. Es ist Zeit, deine Komfortzone zu verlassen!<\/p>\n\n\n\n<p>DIENSTAG, 21. April 2026: Epheser 5:21-33<\/p>\n\n\n\n<p>Beziehungen gedeihen, wenn Egoismus und Selbstsucht in den Hintergrund treten. Unterordnung ist keine Schw\u00e4che, sondern Mut \u2013 die Bereitschaft, verletzlich zu sein, empathisch zuzuh\u00f6ren und die Beziehung \u00fcber den Stolz zu stellen. In einer Welt, die Selbstverherrlichung und die unheilige Dreifaltigkeit von &#8222;ich, mir und mich&#8220; verehrt, erscheint dieser Weg paradox. Doch er ist das Wesen christlicher Liebe. Es f\u00e4llt uns schwer, uns Christus und einander unterzuordnen, aber die Gnade verwandelt uns. Als neue Gesch\u00f6pfe in Christus sind wir gest\u00e4rkt! Paulus\u2019 Botschaft gilt uns auch heute. Lasst uns uns freiwillig, wahrhaftig und selbstlos unterordnen.<\/p>\n\n\n\n<p>MITTWOCH, 22. April 2026: Josua 24:15-21<\/p>\n\n\n\n<p>Das Leben verlangt von uns, dass wir uns entscheiden \u2013 nicht nur einmal, sondern t\u00e4glich \u2013, wem wir wirklich dienen wollen. Wollen wir uns ganz und gar Gott widmen oder w\u00e4hlen wir Selbsterhaltung, fleischliche Begierden und weltlichen Erfolg? Ablenkungen und Fallstricke gibt es viele, und ehrlich gesagt haben wir alle schon falsche Entscheidungen getroffen. Doch tief in uns schlummert eine Leere, die nur Gott f\u00fcllen kann. Der Weg ins Verderben ist breit und der Weg des geringsten Widerstands. Folge nicht der Masse, folge dem Heiligen Geist. Ob es um deine Karriere, pers\u00f6nliche Herausforderungen oder deine geistliche Berufung geht: Triff weise Entscheidungen, w\u00e4hle Gott!<\/p>\n\n\n\n<p>DONNERSTAG, 23. April 2026: Joshua 24:22-28<\/p>\n\n\n\n<p>Wir alle haben schon Versprechen abgegeben \u2013 Gel\u00fcbde, die im harten Leben zerbrechen k\u00f6nnen. Doch unser Entschluss, dem HERRN zu dienen, ist anders. Ja, wir werden straucheln. Ja, wir werden vergessen. Der Feind wird laut einfl\u00fcstern: &#8222;Gehe Kompromisse ein!&#8220; Doch tief in uns ist eine \u00dcberzeugung, die auch dann erklingt, wenn wir sie vielleicht nicht wahrhaben wollen: &#8222;Wir werden dem HERRN dienen!&#8220; Diese \u00dcberzeugung ist nicht vollkommen perfekt und geht nicht ohne Kampf einher, aber mit einer unersch\u00fctterlichen Entschlossenheit. Es ist ein Zeugnis nicht unserer eigenen St\u00e4rke, sondern Gottes unerm\u00fcdlicher Gnade und Seiner unendlichen Barmherzigkeit.<\/p>\n\n\n\n<p>FREITAG, 24. April 2026: Matth\u00e4us 19:3-9<\/p>\n\n\n\n<p>Die Ehe ist ein Bund zwischen Mann und Frau. Es ist ein Schwur, zusammenzubleiben, selbst wenn das Leben schwierig wird, die Flitterwochen vorbei sind und alles nach Trennung schreit. Gott hat die Ehe als heilige Verbindung geschaffen, doch Er versteht auch die menschliche Schw\u00e4che. F\u00fcr diejenigen, deren Herzen verh\u00e4rtet sind, erlaubt Er im Falle von sexueller Unmoral schweren Herzens die Scheidung, wohl wissend, dass manche Ehen wiederhergestellt werden k\u00f6nnen, andere aber nicht. Doch selbst im Schmerz gibt es Hoffnung, Heilung und die Verhei\u00dfung eines Neuanfangs. Suche Gottes Weisheit und h\u00f6re auf Seine Stimme, um deine n\u00e4chsten Schritte zu bestimmen.<\/p>\n\n\n\n<p>SABBAT, 25. April 2026: Deuteronomium\/ 5. Mose 6:3-9<\/p>\n\n\n\n<p>Als Beobachterin und Sabbatschullehrerin kann ich mit Sicherheit sagen: Elternsein ist nichts f\u00fcr Zartbesaitete; es ist ein geistlicher Kampf! Eure Kinder beobachten nicht nur, was ihr sagt, sondern nehmen auch euer Leben auf. Gespr\u00e4che beim Abendessen, Autofahrten und die Zeit vor dem Schlafengehen bieten euch Gelegenheiten, eure Kinder im Glauben zu erziehen. Verwebt Gottes Wahrheit bewusst mit eurem Alltag. Euer Zuhause besteht nicht nur aus vier W\u00e4nden. Es ist der \u00dcbungsplatz f\u00fcr zuk\u00fcnftige K\u00e4mpfer f\u00fcr das Reich Gottes! Ob ihr nun mit Wutanf\u00e4llen im Kleinkindalter oder der Rebellion der Teenager zu tun habt \u2013 euer best\u00e4ndiger Glaube spricht lauter als jede Predigt.<\/p>\n\n\n\n<p>Scripture Passages:<\/p>\n\n\n\n<p>Studientexte: Deuteronomium 6:3-9; Matth\u00e4us 19:3-9<\/p>\n\n\n\n<p>weiterf\u00fchrende Texte: 2. Timotheus 1:3-5; 3:14-15<\/p>\n\n\n\n<p>Andachtstext: 2. Samuel 7:25-29<\/p>\n\n\n\n<p>Key Verse:<\/p>\n\n\n\n<p>&#8222;Und diese Worte, die ich dir heute gebiete, sollst du auf dem Herzen tragen, und du sollst sie deinen Kindern einsch\u00e4rfren und davon reden, wenn du in deinem Haus sittz oider auf dem Weg gehst, wenn du dich niederlegst und wenn du aufstehst.&#8220; (Deuteronomium\/ 5. Mose 6:6-7)<\/p>\n\n\n\n<p>Heart of the Lesson:<\/p>\n\n\n\n<p>Manche Menschen sehen einen Zusammenhang zwischen den im Elternhaus vermittelten Werten und den moralischen Vorstellungen der vorherrschenden Kultur. Welche Rolle spielt die Familie bei der Pr\u00e4gung gesellschaftlicher Werte? Jesus und der mosaische Bund lehren uns, dass Gott von uns verlangt, das Ehegel\u00f6bnis zu achten, Familienmitglieder zu lieben und zu respektieren und unseren Kindern die Glaubensgrunds\u00e4tze zu vermitteln.<\/p>\n\n\n\n<p>Questions for Studying the Text:<\/p>\n\n\n\n<ol class=\"wp-block-list\">\n<li>Welche Herausforderungen der modernen Kultur erschweren es, gottesf\u00fcrchtige Kinder zu erziehen und gottesf\u00fcrchtige Ehen zu f\u00fchren?<\/li>\n\n\n\n<li>Welche Verhei\u00dfungen sind in Deuteronomium\/ 5. Mose 6:3-5 mit Israels Gehorsam verbunden? Wo sollen Gottes Gebote vor ihrer Unterweisung stehen (Verse 6-7)? Warum verkn\u00fcpfte Gott die Liebe zu ihm (Vers 5) so eng mit der Unterweisung der Kinder (Vers 7)?<\/li>\n\n\n\n<li>Wie betonen die Verse 8-9 die Sichtbarkeit und Best\u00e4ndigkeit des Wortes Gottes im Alltag? Was sagt dieser allt\u00e4gliche, ganzheitliche Ansatz zur Glaubensbildung \u00fcber die Rolle des Elternhauses aus?<\/li>\n\n\n\n<li>Wie begr\u00fcndete Jesus in Matth\u00e4us Kapitel 19 seine Antwort mit Gottes Plan f\u00fcr die Ehe? Was bedeutet &#8222;Was Gott zusammengef\u00fcgt hat, soll der Mensch nicht trennen&#8220; (Vers 6)? Wie stellte Jesus sowohl gesetzliche als auch liberale Ansichten \u00fcber die Ehe in Frage?<\/li>\n\n\n\n<li>Welche \u00c4hnlichkeiten siehst du zwischen den Erwartungen an den Bund im Buch Deuteronomium\/ 5. Mose und Jesu Lehre \u00fcber die Ehe? Wie tragen starke Ehen und eine bewusste Glaubensvermittlung in Familien zur moralischen Gesundheit einer Gesellschaft bei?<\/li>\n\n\n\n<li>Wie kann die Achtung von Ehe und Familie in der heutigen Kultur ein stilles, aber kraftvolles Zeugnis sein? Welche Gewohnheit kannst du diese Woche \u00e4ndern oder neu beginnen, um die Liebe zu Gott in deinem Haushalt oder Umfeld besser vorzuleben?<\/li>\n<\/ol>\n\n\n\n<p>Understanding and Living - Jerry Johnson<\/p>\n\n\n\n<p>DEN GLAUBEN WEITERGEBEN&nbsp;<\/p>\n\n\n\n<p>Deuteronomium\/ 5. Mose Kapitel 6 fasst Gottes Erwartungen an Sein Volk zusammen, als es im Begriff war, das Gelobte Land zu betreten, gem\u00e4\u00df den Verhei\u00dfungen, die Abraham in Genesis\/ 1. Mose Kapitel 12 gegeben worden waren. Ihnen wurde geboten, alle Satzungen und Gebote zu halten, die ihnen im Rahmen des Bundes auferlegt worden waren, den Gott mit ihnen als Seinem auserw\u00e4hlten Volk geschlossen hatte. Ihr Gehorsam w\u00fcrde beweisen, dass sie Ehrfurcht vor ihrem HERRN hatten. Der Segen eines langen Lebens im Land sollte folgen.<\/p>\n\n\n\n<p>Ebenso sind Segnungen unter den Bedingungen des Neuen Bundes in Christus mit Gehorsam verbunden. In Johannes 14:15-21 verhie\u00df Jesus Seinen J\u00fcngern beispielsweise die Kraft des Heiligen Geistes, Seine best\u00e4ndige Gegenwart und ein tieferes Verst\u00e4ndnis Seiner Liebe. Deuteronomium\/ 5. Mose 6:4 enth\u00e4lt das &#8222;Sch&#8217;ma Jisrael&#8220;, ein Gebet, das die zentrale Glaubenslehre des Judentums darstellt und bis heute von Juden weltweit gesprochen wird. Es ist eine Best\u00e4tigung von Gottes Einmaligkeit und Einzigartigkeit \u2013 eine Beschreibung des Monotheismus. Auch wir Christen glauben an den einen Gott, der ewig in drei Personen existiert: Vater, Sohn und Heiliger Geist.<\/p>\n\n\n\n<p>In Vers 5 wurde Israel aufgefordert, Gott von ganzem Herzen, mit ganzer Seele und mit ganzer Kraft zu lieben \u2013 in Anlehnung an Jesu Worte an Seine J\u00fcnger in Markus 12:29-30. Jesus f\u00fcgte au\u00dferdem das zweite, zusammenfassende Gebot hinzu, den N\u00e4chsten zu lieben wie sich selbst, um beide Tafeln der Zehn Gebote zu erf\u00fcllen. Die Verse 7-9 geben einen Einblick, wie ernst die Israeliten die Erziehung ihrer Kinder in diesen Geboten nehmen sollten. Als Christen sollten wir uns diesem Ziel, die n\u00e4chste Generation treuer Gl\u00e4ubiger heranzubilden, mindestens genauso, wenn nicht sogar noch mehr, verpflichtet f\u00fchlen.<\/p>\n\n\n\n<p>Die Herausgeber der Holman Studienbibel f\u00fcgten hinzu: &#8222;Mithilfe einer Metapher (hier: Merismus, eine rhetorische Figur, die eine Gesamtheit durch Nennung zweier gegens\u00e4tzlichen Polen beschreibt, z.B. &#8222;Himmel und Erde&#8220; f\u00fcr &#8222;Kosmos&#8220;) beschrieb Mose den unaufh\u00f6rlichen Prozess der Erziehung, indem er von Gegens\u00e4tzen sprach. Sitzen und Gehen suggerieren Ruhe und Aktivit\u00e4t, also die F\u00e4higkeit, in jeder Situation zu sein. Hinlegen und Aufstehen erinnern an Nacht und Tag \u2013 an die st\u00e4ndige Gegenwart. Die Liebe, die Gott fordert, ist eine Liebe, die sich ganzt\u00e4gig und unter allen Umst\u00e4nden zeigt. Kinder m\u00fcssen daher auf dieselbe Weise erzogen werden.&#8220; (Holman Christian Standard Study Bible, S. 296)<\/p>\n\n\n\n<p>Gott lie\u00df Mose dem Volk durch Ausdr\u00fccke wie &#8222;Zeichen an eurer Hand&#8220;, &#8222;B\u00e4ndern an eurer Stirn&#8220; und &#8222;T\u00fcrpfosten eures Hauses und an euren Toren&#8220; die bewusste Absichtlichkeit verdeutlichen. Juden befestigen seit Jahrtausenden kleine K\u00e4stchen an ihrem K\u00f6rper und an ihren H\u00e4usern, um ihre Treue zu Gottes Wort zu bezeugen. F\u00fcr Christen ist die geistliche Entwicklung ihrer Kinder vielleicht einer der besten Wege, der Welt zu zeigen, dass sie wahre J\u00fcnger sind.<\/p>\n\n\n\n<p>\u00dcBER DIE EHESCHEIDUNG<\/p>\n\n\n\n<p>In Matth\u00e4us Kapitel 19 sprach Jesus ein sehr wichtiges Thema an, sowohl damals als auch heute. Erneut versuchten die Pharis\u00e4er, Jesus in eine Kontroverse zu verwickeln. R. C. Sproul fasste dies in der Reformierten Studienbibel treffend zusammen: &#8222;Die Frage des Pharis\u00e4ers scheint die Ansicht Hillels widerzuspiegeln, eines Rabbiners, der Scheidungen aus geringf\u00fcgigsten Gr\u00fcnden erlaubte, indem er &#8218;etwas Unzucht&#8216; in Deuteronomium 24:1-4 sehr weit auslegte. Ein rivalisierender Lehrer, Schammai, betrachtete nur sexuelle Unzucht als legitimen Scheidungsgrund. Jesu Antwort geht \u00fcber diese Debatte um den Wortlaut des Deuteronomiums hinaus und verweist auf die Sch\u00f6pfungsordnung Gottes.&#8220; (Reformation Study Bible, S. 1705)<\/p>\n\n\n\n<p>In den Versen 4-6 nennt Jesus drei Hauptgr\u00fcnde f\u00fcr die Unaufl\u00f6slichkeit der Ehe: Erstens wurde sie von Gott selbst eingesetzt, als Er Adam und Eva nach seinem Bild als einander erg\u00e4nzende Wesen, als Mann und Frau, schuf (Genesis\/ 1. Mose 1:26-27). Zweitens sollten sie &#8222;ein Fleisch&#8220; werden, was bedeutet, dass die Beziehung zwischen Mann und Frau einzigartig ist. Dies ist in der Tat ein &#8222;tiefes Geheimnis&#8220;, das Paulus im 1. Korintherbrief Kapitel 7 weiter erl\u00e4utert, wo er die k\u00f6rperliche Natur der Vereinigung beschreibt. Drittens war galt die urspr\u00fcngliche Absicht, dass sich das Paar niemals trennen sollte, denn die Ehe ist auf Dauer angelegt, da Gott und nicht der Mensch sie zusammengef\u00fchrt hat. Diese Gr\u00fcnde gelten auch heute noch in der modernen Welt.<\/p>\n\n\n\n<p>Jesus geht in den Versen 7-9 auf die Frage der Scheidung ein. Die Herausgeber der Holman Studienbibel merkten an:<\/p>\n\n\n\n<p>&#8222;Obwohl die Pharis\u00e4er die Scheidung als ein Gebot Mose darstellten, beschreibt Jesus sie als etwas, was Mose lediglich erlaubte. Zu Beginn gab es keine Regelung f\u00fcr die Scheidung. Erst nachdem die Herzen der Menschen durch die S\u00fcnde verh\u00e4rtet waren, wurde sie erlaubt. Die Herzen der J\u00fcnger Jesu wurden verwandelt (siehe Matth\u00e4us 5:8), was sie bef\u00e4higte, ihrem Ehebund treu zu sein. Jesus erlaubte Scheidung und Wiederheirat bei ehelicher Untreue, da sexuelle Untreue die Einheit der Ehe zerst\u00f6rt.&#8220; (Holman Christian Standard Study Bible, S. 1650) In 1. Korinther 7:15 deutet Paulus an, dass auch das Verlassenwerden durch einen ungl\u00e4ubigen Ehepartner eine Situation sein kann, in welcher Scheidung erlaubt ist.<\/p>\n\n\n\n<p>FAMILIENANGELEGENHEITEN<\/p>\n\n\n\n<p>Unsere Betrachtung dieser Woche beleuchtet zwei biblische Lehren, die auf den ersten Blick zusammenhanglos erscheinen m\u00f6gen, sich aber bei n\u00e4herer Betrachtung als verbunden erweisen: Die Einhaltung des Ehebundes und die christliche Erziehung der Kinder sind der h\u00f6chste Ausdruck wahrer Liebe zu jedem einzelnen Familienmitglied. Ich kann diese Verbindung gut nachvollziehen, da ich als Armeekaplan \u00fcber drei Jahre in Afghanistan im Einsatz war \u2013 in drei aufeinanderfolgenden Diensten von 16, 12 und 9 Monaten L\u00e4nge. Die vielen Jahre als Kaplan haben mein Familienleben stark belastet, da ich oft weder physisch noch anderweitig f\u00fcr meine Familie da sein konnte. Meine vier S\u00f6hne erhielten nicht das solide Fundament, von dem Mose in seiner Rede an Israel in Deuteronomium\/ 5. Mose Kapitel 6 sprach, und meine Frau sp\u00fcrte oft nicht die Einheit, die Jesus in Matth\u00e4us Kapitel 19 im Zusammenhang mit der Ehe erw\u00e4hnte.<\/p>\n\n\n\n<p>Gott sei Dank haben wir Seine Gnade, die uns hilft, unsere Schw\u00e4chen zu \u00fcberwinden, und Seine Liebe, die &#8222;viele S\u00fcnden zudeckt&#8220; (1. Petrus 4:8). Nur allzu leicht lassen wir uns von Selbstzufriedenheit oder den Ablenkungen der modernen Gesellschaft dazu verleiten, unsere Verantwortung zu vernachl\u00e4ssigen. Lasst uns jeden Tag danach streben, den Gott, an den wir glauben, zu ehren und diesen Glauben in der Art und Weise zu zeigen, wie wir unsere Ehen und famili\u00e4ren Beziehungen pflegen.<\/p>\n\n\n\n<p>HINTS FOR TEACHING:<\/p>\n\n\n\n<p>LESSON GOALS:<\/p>\n\n\n\n<ol class=\"wp-block-list\">\n<li>Erkenntnis gewinnen: Erkennt Gottes Absichten f\u00fcr die Familie als ein Gef\u00e4\u00df, in welchem der Glaube gen\u00e4hrt und weitergegeben wird.<\/li>\n\n\n\n<li>Liebe \u00fcben: Bekennt Probleme und Schwierigkeiten in der Familie oder in anderen wichtigen Beziehungen.<\/li>\n\n\n\n<li>Dienen: Seht euch selbst als Vermittler, die den Glauben an die n\u00e4chste Generation weitergeben.<\/li>\n<\/ol>\n\n\n\n<p>TEACHING ACTIVITY:<\/p>\n\n\n\n<p>Pr\u00e4sentiert der Sabbatschulklasse zwei Spalten mit den \u00dcberschriften &#8222;Zuhause vermittelte Werte&#8220; und &#8222;Auswirkungen auf die Gesellschaft&#8220;. Erstellt gemeinsam eine Liste mit Werten, die \u00fcblicherweise zu Hause vermittelt (oder vernachl\u00e4ssigt) werden (z.B. Verbindlichkeit, Respekt, Treue, Vergebung). Stellt anschlie\u00dfend f\u00fcr jeden Wert einen Bezug zu m\u00f6glichen kulturellen Folgen her (z.B. stabile Familien, Vertrauen in Institutionen, moralische Klarheit). Diskutiert, welche Werte in der heutigen Kultur am gef\u00e4hrdetsten zu sein scheinen Wie weist die Heilige Schrift die Verantwortung f\u00fcr den Schutz und die Weitergabe dieser Werte zu?<\/p>\n\n\n\n<p>R\u00dcCKBLICK:&nbsp;<\/p>\n\n\n\n<p>In dieser Unterrichtseinheit haben wir unsere Verpflichtungen gegen\u00fcber der Familie und der Gemeinschaft als Ausdruck unseres Glaubens betrachtet sowie deren m\u00f6gliche inhaltliche \u00dcberschneidungen.<\/p>","protected":false},"excerpt":{"rendered":"<p>QUARTALSTHEMA: SOZIALLEHREN DER GEMEINDE (M\u00e4rz &#8211; Mai 2026) Einheit II: Unsere Verpflichtungen gegen\u00fcber unserer Familie und Nachbarn erf\u00fcllen (4 Lektionen) 8. Das christliche Heim in einer modernen Welt (Lektion 4 von 4) Tagesandachten von Lisa Moore SONNTAG, 19. April 2026: Spr\u00fcche 24:1-6 Hattest du schon mal mit einem Handwerker zu tun, der an allen Ecken [&hellip;]<\/p>\n","protected":false},"author":2,"featured_media":0,"parent":3698,"menu_order":9,"comment_status":"closed","ping_status":"closed","template":"","meta":{"site-sidebar-layout":"default","site-content-layout":"","ast-site-content-layout":"default","site-content-style":"default","site-sidebar-style":"default","ast-global-header-display":"","ast-banner-title-visibility":"","ast-main-header-display":"","ast-hfb-above-header-display":"","ast-hfb-below-header-display":"","ast-hfb-mobile-header-display":"","site-post-title":"","ast-breadcrumbs-content":"","ast-featured-img":"","footer-sml-layout":"","ast-disable-related-posts":"","theme-transparent-header-meta":"","adv-header-id-meta":"","stick-header-meta":"","header-above-stick-meta":"","header-main-stick-meta":"","header-below-stick-meta":"","astra-migrate-meta-layouts":"set","ast-page-background-enabled":"default","ast-page-background-meta":{"desktop":{"background-color":"","background-image":"","background-repeat":"repeat","background-position":"center center","background-size":"auto","background-attachment":"scroll","background-type":"","background-media":"","overlay-type":"","overlay-color":"","overlay-opacity":"","overlay-gradient":""},"tablet":{"background-color":"","background-image":"","background-repeat":"repeat","background-position":"center center","background-size":"auto","background-attachment":"scroll","background-type":"","background-media":"","overlay-type":"","overlay-color":"","overlay-opacity":"","overlay-gradient":""},"mobile":{"background-color":"","background-image":"","background-repeat":"repeat","background-position":"center center","background-size":"auto","background-attachment":"scroll","background-type":"","background-media":"","overlay-type":"","overlay-color":"","overlay-opacity":"","overlay-gradient":""}},"ast-content-background-meta":{"desktop":{"background-color":"var(--ast-global-color-5)","background-image":"","background-repeat":"repeat","background-position":"center center","background-size":"auto","background-attachment":"scroll","background-type":"","background-media":"","overlay-type":"","overlay-color":"","overlay-opacity":"","overlay-gradient":""},"tablet":{"background-color":"var(--ast-global-color-5)","background-image":"","background-repeat":"repeat","background-position":"center center","background-size":"auto","background-attachment":"scroll","background-type":"","background-media":"","overlay-type":"","overlay-color":"","overlay-opacity":"","overlay-gradient":""},"mobile":{"background-color":"var(--ast-global-color-5)","background-image":"","background-repeat":"repeat","background-position":"center center","background-size":"auto","background-attachment":"scroll","background-type":"","background-media":"","overlay-type":"","overlay-color":"","overlay-opacity":"","overlay-gradient":""}},"footnotes":""},"class_list":["post-4173","page","type-page","status-publish","hentry"],"_links":{"self":[{"href":"https:\/\/siebententagsbaptisten.org\/en\/wp-json\/wp\/v2\/pages\/4173","targetHints":{"allow":["GET"]}}],"collection":[{"href":"https:\/\/siebententagsbaptisten.org\/en\/wp-json\/wp\/v2\/pages"}],"about":[{"href":"https:\/\/siebententagsbaptisten.org\/en\/wp-json\/wp\/v2\/types\/page"}],"author":[{"embeddable":true,"href":"https:\/\/siebententagsbaptisten.org\/en\/wp-json\/wp\/v2\/users\/2"}],"replies":[{"embeddable":true,"href":"https:\/\/siebententagsbaptisten.org\/en\/wp-json\/wp\/v2\/comments?post=4173"}],"version-history":[{"count":2,"href":"https:\/\/siebententagsbaptisten.org\/en\/wp-json\/wp\/v2\/pages\/4173\/revisions"}],"predecessor-version":[{"id":4183,"href":"https:\/\/siebententagsbaptisten.org\/en\/wp-json\/wp\/v2\/pages\/4173\/revisions\/4183"}],"up":[{"embeddable":true,"href":"https:\/\/siebententagsbaptisten.org\/en\/wp-json\/wp\/v2\/pages\/3698"}],"wp:attachment":[{"href":"https:\/\/siebententagsbaptisten.org\/en\/wp-json\/wp\/v2\/media?parent=4173"}],"curies":[{"name":"wp","href":"https:\/\/api.w.org\/{rel}","templated":true}]}}