{"id":4184,"date":"2026-05-02T23:18:35","date_gmt":"2026-05-02T21:18:35","guid":{"rendered":"https:\/\/siebententagsbaptisten.org\/?page_id=4184"},"modified":"2026-05-02T23:19:23","modified_gmt":"2026-05-02T21:19:23","slug":"03-09-mai-2026-sinnvolle-arbeit-als-christenpflicht-11","status":"publish","type":"page","link":"https:\/\/siebententagsbaptisten.org\/en\/sabbatschule-2\/03-09-mai-2026-sinnvolle-arbeit-als-christenpflicht-11\/","title":{"rendered":"03. &#8211; 09. Mai 2026 \u2013 Sinnvolle Arbeit als Christenpflicht (11)"},"content":{"rendered":"<p class=\"has-text-align-center\">QUARTALSTHEMA: SOZIALLEHREN DER GEMEINDE (M\u00e4rz &#8211; Mai 2026)<\/p>\n\n\n\n\n\n\n<p class=\"has-text-align-center\">Einheit III: Unsere Verpflichtungen gegen\u00fcber Gott und der Gesellschaft erf\u00fcllen (5 Lektionen)<\/p>\n\n\n\n<p>11. Ein h\u00f6herer Patriotismus (Lektion 2 von 5)<\/p>\n\n\n\n<p>Tagesandachten von Gabriela Alonzo<\/p>\n\n\n\n<p>SONNTAG, 3. Mai 2026: Genesis\/ 1. Mose 2:4-10, 15<\/p>\n\n\n\n<p>Von Anbeginn an wurde Arbeit als zentraler Bestandteil von Gottes Plan dargestellt. Bevor die S\u00fcnde in die Welt kam, schuf Gott den Menschen und setzte ihn in den Garten Eden, damit er ihn bebaute und bewahrte. Wir neigen dazu, Arbeit mit der harten Plackerei und M\u00fche gleichzusetzen, die in Genesis\/ 1. Mose Kapitel 4 nach dem S\u00fcndenfall beschrieben wird. Gott hat uns die Arbeit jedoch nicht als Strafe &#8222;aufgebrummt&#8220;, sondern um uns Sinn zu geben. Sinnvolle und Sinn stiftende Arbeit spiegelt Gehorsam, Verantwortungsbewusstsein und Gottes Partnerschaft wider. Wenn wir treu arbeiten, ob sichtbar oder unsichtbar, ehren wir den Sch\u00f6pfer, der Arbeit als ein gutes Geschenk geschaffen hat, welches dazu dient, Seine Ordnung und F\u00fcrsorge zu f\u00f6rdern, zu sch\u00fctzen und widerzuspiegeln. &#8222;Ob ihr nun esst oder trinkt oder was ihr auch tut, tut alles zur Ehre Gottes.&#8220; (1. Korinther 10:31)<\/p>\n\n\n\n<p>MONTAG, 4. Mai 2026: Spr\u00fcche 16:1-3, 8-9<\/p>\n\n\n\n<p>Alles, was wir tun m\u00f6chten, sollte mit einer Haltung der Hingabe an Gott beginnen. Wir k\u00f6nnen Pl\u00e4ne schmieden, doch letztendlich gibt uns der HERR die Richtung vor. Mein Pastor hat oft betont, dass die Leugnung der Existenz Gottes bedeutet, dass wir nur existieren, um zu arbeiten und eines Tages zu sterben. Jede Arbeit ohne Gott hat keinen ewigen Wert. Wenn wir unsere Arbeit dem HERR anvertrauen, wird selbst das scheinbar Bescheidene bedeutungsvoll. Rechtschaffenheit z\u00e4hlt mehr als Gewinn, und Gehorsam wiegt schwerer als Ehrgeiz. Gewissenhaft bei unserer Arbeit zu sein bedeutet nicht, das Ergebnis kontrollieren zu k\u00f6nnen, sondern Gott zu vertrauen und Ihm zu erm\u00f6glichen, die Fr\u00fcchte unserer Arbeit zu mehren.<\/p>\n\n\n\n<p>DIENSTAG, 5. Mai 2026: Psalm 8<\/p>\n\n\n\n<p>Sinnvolle Arbeit ist eine heilige Verantwortung. Gott hat uns in Seiner unendlichen Majest\u00e4t die Bewahrung Seiner Sch\u00f6pfung anvertraut. Er hatte uns im Sinn, als Er Himmel und Erde erschuf, die Seine Herrlichkeit verk\u00fcnden. Diese heilige Verantwortung spiegelt eine von Gott geschenkte W\u00fcrde wider, nicht einen erworbenen Status. Anders gesagt: Gott beruft nicht die Qualifizierten, sondern Er bef\u00e4higt die Berufenen. Unsere christliche Pflicht entspringt unserer Pers\u00f6nlichkeit, die durch das Blut Christi erkauft wurde. Wir arbeiten, weil Gott uns mit Herrlichkeit und Ehre gekr\u00f6nt hat, nicht um uns Herrlichkeit und Ehre zu verdienen. Mehr noch: Unsere von Gott gegebene Arbeit wird zur Anbetung, wenn sie diese Dankbarkeit und Demut widerspiegelt. Lasst uns treu sorgsam mit dem umgehen, was Gott uns anvertraut hat.<\/p>\n\n\n\n<p>MITTWOCH, 6. Mai 2026: Exodus\/ 2. Mose 31:12-17<\/p>\n\n\n\n<p>In der Wochenmitte (&#8222;Mitt-Woch&#8220;) werden wir daran erinnert, dass unser Ruhetag naht. Gott hat in Seiner Herrschaft einen Wochenrhythmus geschaffen, der einen &#8222;Sabbat der vollkommenen Ruhe&#8220; (Vers 15) einschlie\u00dft. Gute Erholung ist Gott, wie gute Arbeit, von gro\u00dfer Bedeutung. Ruhe erinnert uns daran, dass Gott nicht von unseren Leistungen beeindruckt sein will, sondern sich an unserem Gehorsam erfreut. Ruhe bezeugt das Vertrauen, dass Gott das erh\u00e4lt, was unsere H\u00e4nde nicht vollbringen k\u00f6nnen. Die Christenpflicht besteht nicht in endloser Produktivit\u00e4t, sondern in treuem Gehorsam innerhalb der von Gott gebotenen Grenzen.<\/p>\n\n\n\n<p>DONNERSTAG, 7. Mai: Johannes 5:8-11, 16-17<\/p>\n\n\n\n<p>Ist es nicht erlaubt, am Sabbat Gutes zu tun (Markus 3:4)? Jesus erinnerte uns daran, dass der Sabbat niemals eine Last, sondern ein Geschenk der Ruhe und Erneuerung sein sollte. Als Jesus den Mann am Teich heilte, zeigte Er, dass Gutes zu tun Gottes Absicht f\u00fcr den Sabbat entspricht. Wahre Ruhe ist nicht M\u00fc\u00dfiggang \u2013 sie bedeutet, in Gottes Gnade zu leben und diese Gnade weiterzugeben. Wie Jesus sagte: &#8222;Mein Vater wirkt bis jetzt, und ich wirke auch.&#8220; (Vers 17). Lasst uns den Sabbat als einen Tag der Ruhe annehmen und gleichzeitig Gottes G\u00fcte aktiv an andere weitergeben.<\/p>\n\n\n\n<p>FREITAG, 8. Mai 2026: Apostelgeschichte 20:31-35<\/p>\n\n\n\n<p>Der Apostel Paulus gilt weithin als Paradebeispiel f\u00fcr ein Leben im Dienst Christi. Ich wei\u00df nicht, wie es dir geht, aber mir w\u00fcrde es schwerfallen, Loblieder zu singen und ermutigende Briefe zu schreiben, w\u00e4hrend ich gefesselt und ohne moderne Sanit\u00e4ranlagen in einem Verlies sitzen w\u00fcrde. Paulus arbeitete nicht f\u00fcr pers\u00f6nlichen Gewinn, sondern um sich und andere zu unterst\u00fctzen und so das Reich Gottes zu f\u00f6rdern. Paulus war eine ergreifende Erinnerung daran, dass &#8222;Geben seliger ist als Nehmen.&#8220; (Vers 35) Die Arbeit im Reich Gottes soll uns helfen, unsere Schw\u00e4chen und unseren Egoismus zu \u00fcberwinden.<\/p>\n\n\n\n<p>SABBAT, 9. Mai 2026: 2. Thessalonicher 3:6-12<\/p>\n\n\n\n<p>Als Christen sind wir zu Verantwortung und Disziplin berufen. Paulus prangerte den M\u00fc\u00dfiggang an und erinnerte die Gl\u00e4ubigen daran, dass Glaube Faulheit nicht entschuldigt. Arbeit verleiht W\u00fcrde, Verantwortlichkeit und Zeugnis. Christsein bedeutet, treu seinen Beitrag zu leisten, selbst bei scheinbar allt\u00e4glichen Aufgaben. Sinnvolle Arbeit ehrt Gott, indem sie Ordnung, Ausdauer und N\u00e4chstenliebe widerspiegelt. Paulus&#8216; Anweisung ist eindeutig: Ein von Christus verwandeltes Leben sollte von best\u00e4ndiger, verantwortungsvoller und zielgerichteter Arbeit gepr\u00e4gt sein.<\/p>\n\n\n\n<p>Scripture Passages:<\/p>\n\n\n\n<p>Studientexte: Genesis\/ 1. Mose 2:15; Exodus\/ 2. Mose 20:9; Johannes 5:17; 9:4; Apostelgeschichte 20:33-35; 2. Thessalonicher 3:6-12<\/p>\n\n\n\n<p>weiterf\u00fchrende Texte: Genesis\/ 1. Mose Kapitel 2<\/p>\n\n\n\n<p>Andachtstext: Prediger 9:4-10<\/p>\n\n\n\n<p>Key Verse:<\/p>\n\n\n\n<p>&#8222;In allem habe ich euch gezeigt, dass man so arbeiten und sich der Schwachen annehmen soll, eingedenk der Worte des Herrn Jesus, der selbst gesagt hat: Geben ist gl\u00fcckseliger als Nehmen!&#8220; (Apostelgeschichte 20:35)<\/p>\n\n\n\n<p>Heart of the Lesson:<\/p>\n\n\n\n<p>Manchmal k\u00e4mpfen Menschen mit Unt\u00e4tigkeit. Wie k\u00f6nnen wir uns vor M\u00fc\u00dfiggang sch\u00fctzen? Schon bei der Sch\u00f6pfung hat Gott die Arbeit sowohl als Mittel zur Selbstversorgung als auch als Quelle unserer Gro\u00dfz\u00fcgigkeit gegen\u00fcber anderen vorgesehen.<\/p>\n\n\n\n<p>Questions for Studying the Text:<\/p>\n\n\n\n<ol class=\"wp-block-list\">\n<li>Inwiefern f\u00f6rdert unsere Kultur Unt\u00e4tigkeit, Passivit\u00e4t oder Anspruchsdenken? Wie k\u00f6nnen Christen diesem Druck widerstehen?<\/li>\n\n\n\n<li>Welche zwei Verben beschreiben Adams Verantwortung f\u00fcr den Garten? Warum ist es bedeutsam, dass Gott der Menschheit vor dem S\u00fcndenfall Arbeit zuwies (Genesis\/ 1. Mose 2:15)?<\/li>\n\n\n\n<li>Was sagt Exodus\/ 2. Mose 20:9 \u00fcber Gottes Erwartungen an regelm\u00e4\u00dfige Arbeit aus? Wie bringt das Sabbatgebot den Wert von Arbeit und Ruhe in Einklang?<\/li>\n\n\n\n<li>Wie beschrieb Jesus das fortw\u00e4hrende Wirken seines Vaters (Johannes 5:17)? Welchen Drang versp\u00fcrst du in Jesu Worten \u00fcber das Tun der Werke Gottes (Johannes 9:4)?<\/li>\n\n\n\n<li>Warum stellte Paulus in Apostelgeschichte 20:33-35 einen Zusammenhang zwischen Arbeit, Rechtschaffenheit und Gro\u00dfz\u00fcgigkeit her? Warum wurde in 2. Thessalonicher Kapitel 3 M\u00fc\u00dfiggang als ein ernstes geistliches Problem und nicht blo\u00df als eine pers\u00f6nliche Entscheidung behandelt?<\/li>\n\n\n\n<li>Wie siehst du pers\u00f6nlich Arbeit: haupts\u00e4chlich als Last, als Notwendigkeit oder als Gottes Berufung? Warum? Wie sieht es f\u00fcr dich aus, Gottes Wesen durch Flei\u00df und Treue in deinen t\u00e4glichen Pflichten (Schule, Beruf, Familie, Gemeinde) widerzuspiegeln?<\/li>\n<\/ol>\n\n\n\n<p>Understanding and Living - David Fox<\/p>\n\n\n\n<p>WIR SIND ZUR ARBEIT GESCHAFFEN WORDEN<\/p>\n\n\n\n<p>Arbeit ist ein durchg\u00e4ngiges Thema der Heiligen Schrift \u2013 von der Sch\u00f6pfung \u00fcber die Gemeindeleben bis hin in die Gegenwart. Am Anfang schuf Gott \u2013 nun ja, alles! Das Buch Genesis bzw. 1. Mose Kapitel 1 beschreibt Gottes Sch\u00f6pfung: Alles, was Er schuf, war gut. In Kapitel 2 sehen wir, wie Gott dem Mann und der Frau im Garten Eden eines der ersten Gebote gibt. Dieses zweiteilige Gebot ist im Wesentlichen der Auftrag, sch\u00f6pferisch zu arbeiten und Gottes Werk der Verwandlung von Chaos (&#8222;Die Erde war w\u00fcst und leer&#8230;&#8220;) hin zu Ordnung fortzusetzen. So wie Gott die Welt erschuf und ihr Leben einhauchte, wurde die Menschheit beauftragt, aus Gottes Sch\u00f6pfung eine Zivilisation zu formen.<\/p>\n\n\n\n<p>Es ist wichtig zu beachten, dass Adams Aufgabe, den Garten zu bebauen (Kapitel 2), vor dem Einzug der S\u00fcnde in Gottes Welt (Kapitel 3) stattfand. Wir sehen also, dass Arbeit an sich keine Folge der S\u00fcnde ist, sondern etwas Gutes, das Gott f\u00fcr Mann und Frau vorgesehen hat. Obwohl die S\u00fcnde die Arbeit erschwerte und sie zu einem Fluch und einer Qual machte, schuf Gott die Menschheit als n\u00fctzliche und arbeitende Wesen, damit sie sich um Seine Sch\u00f6pfung k\u00fcmmerten.<\/p>\n\n\n\n<p>Beim Lesen von Gottes Geboten in Exodus\/ 2. Mose Kapitel 20 erkennen wir die Wiederholung dieses Themas und k\u00f6nnen Gottes F\u00fcrsorge f\u00fcr uns durch Sein gn\u00e4diges Gesetz wertsch\u00e4tzen. Indem Gott im 4. Gebot Seinen Plan f\u00fcr den Sabbat offenbart, erinnert er uns an Sein Sch\u00f6pfungswerk. Wir sehen auch, wie das Gebot zu arbeiten mit dem Gebot zu ruhen verwoben ist. Die Klarheit der Verse 8-11 ist bemerkenswert. Dennoch erzeugen diese beiden Gebote \u2013 sechs Tage zu arbeiten und am siebten Tag, dem Sabbat zu ruhen \u2013 eine Spannung, deren Ausbalancierung uns vor Herausforderungen stellt.<\/p>\n\n\n\n<p>Manche verfallen dem Arbeitswahn und vernachl\u00e4ssigen die Ruhezeit, w\u00e4hrend andere sich \u00fcberm\u00e4\u00dfig ausruhen und die von Gott vorgesehene Aufgabe(n) vernachl\u00e4ssigen. Wie so viele andere Aspekte von Gottes Gesetz zeigt uns unser Versagen, diese Gebote zu halten, unsere Bed\u00fcrftigkeit \u2013 unser Bed\u00fcrfnis nach Erl\u00f6sung von S\u00fcnde und unsere Unzul\u00e4nglichkeiten. Gott sei Dank, dass es jemanden gibt, der uns erl\u00f6st!<\/p>\n\n\n\n<p>JESUS HAT SEIN WERK VOLLBRACHT<\/p>\n\n\n\n<p>Johannes begann Seinen Bericht \u00fcber die Person und das Wirken Jesu, indem Er uns zur Sch\u00f6pfung zur\u00fcckf\u00fchrte. Jesus war bei der Sch\u00f6pfung anwesend \u2013 Er war buchst\u00e4blich das Wort, das Gott sprach, um alles zu erschaffen. Dann nahm Er als Wort menschliche Gestalt an. In Jesus sehen wir das vollkommene Bild des Wirkens. Jesus wirkte mit einer dem\u00fctigen Liebe, die wir von Seiner Geburt bis zu Seinem Tod, Seiner Auferstehung und Himmelfahrt eindr\u00fccklich erkennen.<\/p>\n\n\n\n<p>Jesus wirkte oft durch die Heilung von Menschen und ihren k\u00f6rperlichen Leiden und vermittelte dabei meist auch eine Lehre. In Johannes Kapitel 5 heilte Jesus einen Mann am Sabbat und antwortete den religi\u00f6sen Leitern, die sich Ihm widersetzten, indem Er erkl\u00e4rte: &#8222;Mein Vater wirkt bis jetzt, und ich wirke auch.&#8220; (Vers 17) Damit betonte Jesus, dass Er Gottes Werk in der Welt tat. Dies bekr\u00e4ftigte Er in Johannes Kapitel 9 bei einer weiteren Heilung am Sabbat, indem Er das Werk vollbrachte, das Ihm der Vater aufgetragen hatte.<\/p>\n\n\n\n<p>Jesus korrigierte, was die religi\u00f6sen Leiter verf\u00e4lscht hatten. Obwohl sie es gut meinten, endete ihre Neigung, Gottes Gesetz zu erweitern, nie gut. Auch wir machen uns dessen oft schuldig \u2013 wir vermischen g\u00e4ngige Klischees, philosophische Vorstellungen oder emotionale Eindr\u00fccke mit Gottes vollkommenem und ausreichendem Wort. Wenn wir versuchen, unsere eigenen Gedanken in Gottes Wort zu finden, anstatt uns von Ihm auf Seine Weise ansprechen zu lassen, gehen wir am Ende genauso verloren wie damals jene.<\/p>\n\n\n\n<p>Gott sei Dank beschr\u00e4nkte sich Jesus nicht darauf, den Pharis\u00e4ern Theologie zu vermitteln. Jesus rettete diese religi\u00f6sen Leiter durch Sein Wirken. Ein hilfreiches Verst\u00e4ndnis f\u00fcr Jesu Wirken besteht darin, Ihn als unseren vollkommensten Propheten, Priester und K\u00f6nig zu sehen. Als Prophet offenbarte Jesus uns Gottes Wesen und gab uns eine umfassendere Offenbarung Seines Gesetzes. Als Priester erl\u00f6ste Er uns am Kreuz von der S\u00fcnde, wo Er als Hohepriester und vollkommenes Opfer diente. Er setzt dieses Wirken als Priester auch jetzt im Himmel fort, indem er f\u00fcr uns F\u00fcrsprache einlegt (siehe R\u00f6mer 8:34). Als K\u00f6nig herrscht Jesus \u00fcber alles, wof\u00fcr Ihm der Vater die Autorit\u00e4t verliehen hat.<\/p>\n\n\n\n<p>NEU GESCHAFFEN F\u00dcR GUTE WERKE<\/p>\n\n\n\n<p>Das Evangelium ist die Kraft f\u00fcr unser Werk. Wir, die wir in unserer S\u00fcnde tot waren, wurden durch das Werk Jesu von Gott zum Leben erweckt. Dies ist ein Geschenk, eine Gnade und kein Werk, das wir aus eigener Kraft vollbringen k\u00f6nnen. Gottes Wort verdeutlicht uns den Zusammenhang zwischen seinem Wirken und unserem Wirken (Epheser 2:8-10). Zum Evangelium geh\u00f6rt, dass Gott unsere guten Werke f\u00fcr uns vorbereitet, und wir sie dann vollbringen d\u00fcrfen.<\/p>\n\n\n\n<p>Auch hier besteht eine gewisse Spannung, die wir mit unserem begrenzten menschlichen Verst\u00e4ndnis nie vollst\u00e4ndig aufl\u00f6sen werden. Tun wir die guten Werke oder Gott? K\u00f6nnen wir Gottes guten Plan ablehnen und uns f\u00fcr die S\u00fcnde entscheiden, oder gehen wir nur den Weg, den Gott f\u00fcr uns bereitet hat? Diese schwierige Spannung ist ein weiterer Punkt, an dem wir auf Gott vertrauen und der Allgen\u00fcgsamkeit Seines Wortes vertrauen m\u00fcssen. Wir sollten uns daran erinnern, dass Gott uns aus Gnade von der S\u00fcnde erl\u00f6st und uns aus Gnade auch zu guten Werken bef\u00e4higt hat.<\/p>\n\n\n\n<p>Wir k\u00f6nnen dieses Spannungsverh\u00e4ltnis in den beiden Briefen an die Thessalonicher erkennen. Einige Gemeindemitglieder in Thessalonich waren unt\u00e4tig geworden. Paulus ermahnte sie daraufhin, weiterzuarbeiten. Er erinnerte sie an die Grundlagen und griff dabei auf das Sch\u00f6pfungsgebot aus der Genesis zur\u00fcck: Wir m\u00fcssen arbeiten, um uns zu ern\u00e4hren. Er f\u00fcgte hinzu, welchen praktischen Nutzen uns unsere Arbeit bringt: Wenn wir treu arbeiten, sind wir weniger anf\u00e4llig f\u00fcr S\u00fcnden wie Klatsch oder Faulheit. Schlie\u00dflich ermutigte Paulus die Thessalonicher, im Tun guter Arbeit nicht m\u00fcde zu werden (2. Thessalonicher 3:13). Wir d\u00fcrfen nicht vergessen, dass diese Werke von Gott f\u00fcr uns vorbereitet wurden und dass Gott uns st\u00e4rkt und erh\u00e4lt, w\u00e4hrend wir f\u00fcr Ihn arbeiten.<\/p>\n\n\n\n<p>In Apostelgeschichte 20:35 f\u00fcgt Paulus einen wichtigen Aspekt hinzu: Unsere Aufgabe soll darin bestehen, den Schwachen zu helfen. Wir tun dies, um Jesus und Sein Wirken unter den Niedrigen und Ausgesto\u00dfenen zu gedenken. Unsere Arbeit kommt nicht nur uns selbst zugute, sondern auch anderen in Gottes Welt. Dies ist ein weiterer Weg, auf dem Gott in Seiner Gnade in der Welt wirkt \u2013 indem Er durch Sein Volk denen hilft, die sich nicht selbst helfen k\u00f6nnen.<\/p>\n\n\n\n<p>Erst wenn wir Jesu Werk f\u00fcr uns richtig verstehen, k\u00f6nnen wir uns auf unser eigenes Werk f\u00fcr Ihn konzentrieren. Diese Reihenfolge ist von entscheidender Bedeutung, damit wir nicht meinen, dass wir uns durch unsere Arbeit die Erl\u00f6sung verdienen oder sie sichern. Selbst w\u00e4hrend wir unseren Aufgaben nachgehen, m\u00fcssen wir uns stets Jesu Werk vor Augen halten: uns zu erl\u00f6sen, zu erhalten und \u00fcber alles zu herrschen.<\/p>\n\n\n\n<p>HINTS FOR TEACHING:<\/p>\n\n\n\n<p>LESSON GOALS:<\/p>\n\n\n\n<ol class=\"wp-block-list\">\n<li>Erkenntnis gewinnen: Entwickelt eine christliche Ethik hinsichtlich unserer Verantwortlichkeiten in Schule, Beruf und Familie.<\/li>\n\n\n\n<li>Liebe \u00fcben: Sucht in allt\u00e4glichen Situationen nach Gottes Gegenwart.<\/li>\n\n\n\n<li>Dienen: Setzt euch f\u00fcr diejenigen ein, die arbeiten und dennoch nicht \u00fcber die Runden kommen.<\/li>\n<\/ol>\n\n\n\n<p>TEACHING ACTIVITY:<\/p>\n\n\n\n<p>Lest gemeinsam 2. Thessalonicher 3:10 und besprecht, wie diese Regel vor Unt\u00e4tigkeit bzw. Faulheit sch\u00fctzt. Bildet Gruppen, die \u00e4hnliche Schutzmechanismen f\u00fcr ihr pers\u00f6nliches Leben, ihr Familien- und Gemeindeleben entwickeln sollen. Anregungen f\u00fcr ihre \u00dcberlegungen sind beispielsweise: Welche Gewohnheiten sch\u00fctzen vor Faulheit? Oder: Wie kann Verantwortung liebevoll und nicht gesetzlich sein? Anschlie\u00dfend stellen die Gruppen ihre Schutzmechanismen der Klasse vor. Sprecht \u00fcber eure Gebetsanliegen im Zusammenhang mit Arbeit. Schlie\u00dft mit einem gemeinsamen Gebet ab, in dem ihr Gott f\u00fcr sinnvolle Arbeit dankt, um Disziplin und Sinnhaftigkeit bittet und f\u00fcr diejenigen betet, die mit Motivationsproblemen, Arbeitslosigkeit und (oder) Entmutigung zu k\u00e4mpfen haben.<\/p>\n\n\n\n<p>Looking Forward&nbsp;<\/p>\n\n\n\n<p>Indem wir das Thema Arbeit in der Heiligen Schrift verfolgten, entdeckten wir den Wert und Sinn, den Gott der Arbeit beimisst. Als N\u00e4chstes werden wir Gottes guten Willen verstehen, uns anzuweisen, seine Gro\u00dfz\u00fcgigkeit nachzuahmen.<\/p>","protected":false},"excerpt":{"rendered":"<p>QUARTALSTHEMA: SOZIALLEHREN DER GEMEINDE (M\u00e4rz &#8211; Mai 2026) Einheit III: Unsere Verpflichtungen gegen\u00fcber Gott und der Gesellschaft erf\u00fcllen (5 Lektionen) 11. Ein h\u00f6herer Patriotismus (Lektion 2 von 5) Tagesandachten von Gabriela Alonzo SONNTAG, 3. Mai 2026: Genesis\/ 1. Mose 2:4-10, 15 Von Anbeginn an wurde Arbeit als zentraler Bestandteil von Gottes Plan dargestellt. Bevor die [&hellip;]<\/p>\n","protected":false},"author":2,"featured_media":0,"parent":3698,"menu_order":12,"comment_status":"closed","ping_status":"closed","template":"","meta":{"site-sidebar-layout":"default","site-content-layout":"","ast-site-content-layout":"default","site-content-style":"default","site-sidebar-style":"default","ast-global-header-display":"","ast-banner-title-visibility":"","ast-main-header-display":"","ast-hfb-above-header-display":"","ast-hfb-below-header-display":"","ast-hfb-mobile-header-display":"","site-post-title":"","ast-breadcrumbs-content":"","ast-featured-img":"","footer-sml-layout":"","ast-disable-related-posts":"","theme-transparent-header-meta":"","adv-header-id-meta":"","stick-header-meta":"","header-above-stick-meta":"","header-main-stick-meta":"","header-below-stick-meta":"","astra-migrate-meta-layouts":"set","ast-page-background-enabled":"default","ast-page-background-meta":{"desktop":{"background-color":"","background-image":"","background-repeat":"repeat","background-position":"center center","background-size":"auto","background-attachment":"scroll","background-type":"","background-media":"","overlay-type":"","overlay-color":"","overlay-opacity":"","overlay-gradient":""},"tablet":{"background-color":"","background-image":"","background-repeat":"repeat","background-position":"center center","background-size":"auto","background-attachment":"scroll","background-type":"","background-media":"","overlay-type":"","overlay-color":"","overlay-opacity":"","overlay-gradient":""},"mobile":{"background-color":"","background-image":"","background-repeat":"repeat","background-position":"center center","background-size":"auto","background-attachment":"scroll","background-type":"","background-media":"","overlay-type":"","overlay-color":"","overlay-opacity":"","overlay-gradient":""}},"ast-content-background-meta":{"desktop":{"background-color":"var(--ast-global-color-5)","background-image":"","background-repeat":"repeat","background-position":"center center","background-size":"auto","background-attachment":"scroll","background-type":"","background-media":"","overlay-type":"","overlay-color":"","overlay-opacity":"","overlay-gradient":""},"tablet":{"background-color":"var(--ast-global-color-5)","background-image":"","background-repeat":"repeat","background-position":"center center","background-size":"auto","background-attachment":"scroll","background-type":"","background-media":"","overlay-type":"","overlay-color":"","overlay-opacity":"","overlay-gradient":""},"mobile":{"background-color":"var(--ast-global-color-5)","background-image":"","background-repeat":"repeat","background-position":"center center","background-size":"auto","background-attachment":"scroll","background-type":"","background-media":"","overlay-type":"","overlay-color":"","overlay-opacity":"","overlay-gradient":""}},"footnotes":""},"class_list":["post-4184","page","type-page","status-publish","hentry"],"_links":{"self":[{"href":"https:\/\/siebententagsbaptisten.org\/en\/wp-json\/wp\/v2\/pages\/4184","targetHints":{"allow":["GET"]}}],"collection":[{"href":"https:\/\/siebententagsbaptisten.org\/en\/wp-json\/wp\/v2\/pages"}],"about":[{"href":"https:\/\/siebententagsbaptisten.org\/en\/wp-json\/wp\/v2\/types\/page"}],"author":[{"embeddable":true,"href":"https:\/\/siebententagsbaptisten.org\/en\/wp-json\/wp\/v2\/users\/2"}],"replies":[{"embeddable":true,"href":"https:\/\/siebententagsbaptisten.org\/en\/wp-json\/wp\/v2\/comments?post=4184"}],"version-history":[{"count":1,"href":"https:\/\/siebententagsbaptisten.org\/en\/wp-json\/wp\/v2\/pages\/4184\/revisions"}],"predecessor-version":[{"id":4185,"href":"https:\/\/siebententagsbaptisten.org\/en\/wp-json\/wp\/v2\/pages\/4184\/revisions\/4185"}],"up":[{"embeddable":true,"href":"https:\/\/siebententagsbaptisten.org\/en\/wp-json\/wp\/v2\/pages\/3698"}],"wp:attachment":[{"href":"https:\/\/siebententagsbaptisten.org\/en\/wp-json\/wp\/v2\/media?parent=4184"}],"curies":[{"name":"wp","href":"https:\/\/api.w.org\/{rel}","templated":true}]}}